{"id":46106,"date":"2023-09-18T10:45:24","date_gmt":"2023-09-18T10:45:24","guid":{"rendered":"https:\/\/wydawnictwo.ug.edu.pl\/ksiegarnia-online\/uncategorized\/arystofenes-dla-prawnikow\/"},"modified":"2026-02-11T13:09:55","modified_gmt":"2026-02-11T13:09:55","slug":"arystofenes-dla-prawnikow","status":"publish","type":"product","link":"https:\/\/wydawnictwo.ug.edu.pl\/en\/ksiegarnia-online\/prawo-i-administracja\/arystofenes-dla-prawnikow\/","title":{"rendered":"Arystofanes dla prawnik\u00f3w"},"content":{"rendered":"","protected":false},"excerpt":{"rendered":"<p style=\"text-align: justify;\">Wi\u0105zanie kultury i historii Grecji ze wsp\u00f3\u0142czesno\u015bci\u0105 jest wiod\u0105c\u0105 my\u015bl\u0105 recenzowanej ksi\u0105\u017cki. Potwierdza si\u0119 nie zawsze wszystkim znana prawid\u0142owo\u015b\u0107: si\u0119ganie do historii jako \u017ar\u00f3d\u0142a wiedzy o \u015bwiecie ma sens g\u0142\u00f3wnie wtedy, gdy my\u015bli si\u0119 o wsp\u00f3\u0142czesno\u015bci. Nie znaczy to jednak, \u017ce wyci\u0105ga si\u0119 z niej nauk\u0119 na przysz\u0142o\u015b\u0107. Niestety bli\u017csze praktyce spo\u0142ecznej jest porzekad\u0142o <em>Historia non docet<\/em>. (&#8230;) Nie jest prawd\u0105, \u017ce ta ksi\u0105\u017cka, to \u201etylko gar\u015b\u0107 refleksji, jakie przy lekturze fascynuj\u0105cych komedii Arystofanesa mog\u0105 si\u0119 nasun\u0105\u0107, w spos\u00f3b bardziej lub mniej uprawniony, wsp\u00f3\u0142czesnemu teoretykowi i filozofowi prawa\u201d. To znakomita panorama greckiej demokracji, jej przywar i zaskakuj\u0105cych analogii do dziwactw \u015bwiata, w kt\u00f3rym \u017cyjemy. Mo\u017cna j\u0105 tak\u017ce nieco inaczej scharakteryzowa\u0107: perfekcyjnie udokumentowana, erudycyjna w najwy\u017cszym stopniu, napisana z niezwyk\u0142\u0105 swad\u0105 i bystro\u015bci\u0105, charakteryzuj\u0105cymi wszystkie dzie\u0142a profesora Jerzego Zajad\u0142y, najwybitniejszego polskiego filozofa i teoretyka prawa, uczonego o wymiarze europejskim.<\/p>\n<p style=\"text-align: right;\">Z recenzji prof. Stanis\u0142awa Waltosia<\/p>\n<p>Ksi\u0105\u017cka ukaza\u0142a si\u0119 w serii wydawniczej Studia z Estetyki Prawa.<\/p>\n","protected":false},"featured_media":25476,"template":"","meta":{"_acf_changed":false},"journal":[],"rodzaj":[7074,7077,7076],"seria":[7083],"product_brand":[],"product_cat":[6932],"product_tag":[7509],"class_list":{"0":"post-46106","1":"product","2":"type-product","3":"status-publish","4":"has-post-thumbnail","6":"rodzaj-ksiazki","7":"rodzaj-czasopismo","8":"rodzaj-serie-wydawnicze","9":"seria-studia-z-estetyki-prawa","10":"product_cat-prawo-i-administracja","11":"product_tag-jerzy-zajadlojerzy-zajadlo","13":"first","14":"instock","15":"taxable","16":"shipping-taxable","17":"purchasable","18":"product-type-simple"},"acf":[],"_links":{"self":[{"href":"https:\/\/wydawnictwo.ug.edu.pl\/en\/wp-json\/wp\/v2\/product\/46106","targetHints":{"allow":["GET"]}}],"collection":[{"href":"https:\/\/wydawnictwo.ug.edu.pl\/en\/wp-json\/wp\/v2\/product"}],"about":[{"href":"https:\/\/wydawnictwo.ug.edu.pl\/en\/wp-json\/wp\/v2\/types\/product"}],"wp:featuredmedia":[{"embeddable":true,"href":"https:\/\/wydawnictwo.ug.edu.pl\/en\/wp-json\/wp\/v2\/media\/25476"}],"wp:attachment":[{"href":"https:\/\/wydawnictwo.ug.edu.pl\/en\/wp-json\/wp\/v2\/media?parent=46106"}],"wp:term":[{"taxonomy":"journal","embeddable":true,"href":"https:\/\/wydawnictwo.ug.edu.pl\/en\/wp-json\/wp\/v2\/journal?post=46106"},{"taxonomy":"rodzaj","embeddable":true,"href":"https:\/\/wydawnictwo.ug.edu.pl\/en\/wp-json\/wp\/v2\/rodzaj?post=46106"},{"taxonomy":"seria","embeddable":true,"href":"https:\/\/wydawnictwo.ug.edu.pl\/en\/wp-json\/wp\/v2\/seria?post=46106"},{"taxonomy":"product_brand","embeddable":true,"href":"https:\/\/wydawnictwo.ug.edu.pl\/en\/wp-json\/wp\/v2\/product_brand?post=46106"},{"taxonomy":"product_cat","embeddable":true,"href":"https:\/\/wydawnictwo.ug.edu.pl\/en\/wp-json\/wp\/v2\/product_cat?post=46106"},{"taxonomy":"product_tag","embeddable":true,"href":"https:\/\/wydawnictwo.ug.edu.pl\/en\/wp-json\/wp\/v2\/product_tag?post=46106"}],"curies":[{"name":"wp","href":"https:\/\/api.w.org\/{rel}","templated":true}]}}