{"id":46105,"date":"2023-09-21T09:54:40","date_gmt":"2023-09-21T09:54:40","guid":{"rendered":"https:\/\/wydawnictwo.ug.edu.pl\/ksiegarnia-online\/uncategorized\/studia-classica-et-neolatina-xviii\/"},"modified":"2026-02-11T13:09:52","modified_gmt":"2026-02-11T13:09:52","slug":"studia-classica-et-neolatina-xviii","status":"publish","type":"product","link":"https:\/\/wydawnictwo.ug.edu.pl\/en\/ksiegarnia-online\/literaturoznawstwo\/studia-classica-et-neolatina-xviii\/","title":{"rendered":"Studia Classica et Neolatina XVIII"},"content":{"rendered":"","protected":false},"excerpt":{"rendered":"<p>Rocznik wydawany przez Zak\u0142ad Filologii Klasycznej Uniwersytetu Gda\u0144skiego, w kt\u00f3rym publikowane s\u0105 artyku\u0142y, przek\u0142ady i recenzje z zakresu filologii klasycznej, a tak\u017ce nauk o staro\u017cytno\u015bci oraz recepcji antyku.<\/p>\n","protected":false},"featured_media":25646,"template":"","meta":{"_acf_changed":false},"journal":[7641],"rodzaj":[7077],"seria":[],"product_brand":[],"product_cat":[6925],"product_tag":[7642],"class_list":{"0":"post-46105","1":"product","2":"type-product","3":"status-publish","4":"has-post-thumbnail","6":"journal-studia-classica-et-neolatina","7":"rodzaj-czasopismo","8":"product_cat-literaturoznawstwo","9":"product_tag-izabela-bogumilizabela-bogumil","11":"first","12":"instock","13":"taxable","14":"shipping-taxable","15":"purchasable","16":"product-type-simple"},"acf":[],"_links":{"self":[{"href":"https:\/\/wydawnictwo.ug.edu.pl\/en\/wp-json\/wp\/v2\/product\/46105","targetHints":{"allow":["GET"]}}],"collection":[{"href":"https:\/\/wydawnictwo.ug.edu.pl\/en\/wp-json\/wp\/v2\/product"}],"about":[{"href":"https:\/\/wydawnictwo.ug.edu.pl\/en\/wp-json\/wp\/v2\/types\/product"}],"wp:featuredmedia":[{"embeddable":true,"href":"https:\/\/wydawnictwo.ug.edu.pl\/en\/wp-json\/wp\/v2\/media\/25646"}],"wp:attachment":[{"href":"https:\/\/wydawnictwo.ug.edu.pl\/en\/wp-json\/wp\/v2\/media?parent=46105"}],"wp:term":[{"taxonomy":"journal","embeddable":true,"href":"https:\/\/wydawnictwo.ug.edu.pl\/en\/wp-json\/wp\/v2\/journal?post=46105"},{"taxonomy":"rodzaj","embeddable":true,"href":"https:\/\/wydawnictwo.ug.edu.pl\/en\/wp-json\/wp\/v2\/rodzaj?post=46105"},{"taxonomy":"seria","embeddable":true,"href":"https:\/\/wydawnictwo.ug.edu.pl\/en\/wp-json\/wp\/v2\/seria?post=46105"},{"taxonomy":"product_brand","embeddable":true,"href":"https:\/\/wydawnictwo.ug.edu.pl\/en\/wp-json\/wp\/v2\/product_brand?post=46105"},{"taxonomy":"product_cat","embeddable":true,"href":"https:\/\/wydawnictwo.ug.edu.pl\/en\/wp-json\/wp\/v2\/product_cat?post=46105"},{"taxonomy":"product_tag","embeddable":true,"href":"https:\/\/wydawnictwo.ug.edu.pl\/en\/wp-json\/wp\/v2\/product_tag?post=46105"}],"curies":[{"name":"wp","href":"https:\/\/api.w.org\/{rel}","templated":true}]}}