{"id":46103,"date":"2023-09-22T13:41:49","date_gmt":"2023-09-22T13:41:49","guid":{"rendered":"https:\/\/wydawnictwo.ug.edu.pl\/ksiegarnia-online\/uncategorized\/mechanizmy-reakcji-strony-popytowej-a-zachowania-gospodarstw-domowych-na-rynku-energii-elektrycznej\/"},"modified":"2026-02-11T13:08:30","modified_gmt":"2026-02-11T13:08:30","slug":"mechanizmy-reakcji-strony-popytowej-a-zachowania-gospodarstw-domowych-na-rynku-energii-elektrycznej","status":"publish","type":"product","link":"https:\/\/wydawnictwo.ug.edu.pl\/en\/ksiegarnia-online\/ekonomia\/mechanizmy-reakcji-strony-popytowej-a-zachowania-gospodarstw-domowych-na-rynku-energii-elektrycznej\/","title":{"rendered":"Mechanizmy reakcji strony popytowej a zachowania gospodarstw domowych na rynku energii elektrycznej"},"content":{"rendered":"","protected":false},"excerpt":{"rendered":"<p class=\"cvGsUA direction-ltr align-start para-style-body\"><span class=\"OYPEnA text-decoration-none text-strikethrough-none\">Zastosowanie nowych technologii w sektorze elektroenergetycznym stanowi nie tylko powa\u017cne wyzwanie, <\/span><span class=\"OYPEnA text-decoration-none text-strikethrough-none\">lecz tak\u017ce stwarza mo\u017cliwo\u015b\u0107 wi\u0119kszej aktywizacji zasob\u00f3w energetycznych, znajduj\u0105cych si\u0119 po stronie popytu. Przyk\u0142adem tego rodzaju zasob\u00f3w mog\u0105 by\u0107 gospodarstwa domowe, kt\u00f3re korzystaj\u0105c z odpowiednich mechanizm\u00f3w reakcji popytu, przyczyniaj\u0105 si\u0119 do poprawy efektywno\u015bci energetycznej.<\/span><\/p>\n","protected":false},"featured_media":25680,"template":"","meta":{"_acf_changed":false},"journal":[],"rodzaj":[2602],"seria":[],"product_brand":[],"product_cat":[266],"product_tag":[2340],"class_list":{"0":"post-46103","1":"product","2":"type-product","3":"status-publish","4":"has-post-thumbnail","6":"rodzaj-ksiazki","7":"product_cat-ekonomia","8":"product_tag-aleksandra-aziewicz","10":"first","11":"instock","12":"taxable","13":"shipping-taxable","14":"purchasable","15":"product-type-simple"},"acf":[],"_links":{"self":[{"href":"https:\/\/wydawnictwo.ug.edu.pl\/en\/wp-json\/wp\/v2\/product\/46103","targetHints":{"allow":["GET"]}}],"collection":[{"href":"https:\/\/wydawnictwo.ug.edu.pl\/en\/wp-json\/wp\/v2\/product"}],"about":[{"href":"https:\/\/wydawnictwo.ug.edu.pl\/en\/wp-json\/wp\/v2\/types\/product"}],"wp:featuredmedia":[{"embeddable":true,"href":"https:\/\/wydawnictwo.ug.edu.pl\/en\/wp-json\/wp\/v2\/media\/25680"}],"wp:attachment":[{"href":"https:\/\/wydawnictwo.ug.edu.pl\/en\/wp-json\/wp\/v2\/media?parent=46103"}],"wp:term":[{"taxonomy":"journal","embeddable":true,"href":"https:\/\/wydawnictwo.ug.edu.pl\/en\/wp-json\/wp\/v2\/journal?post=46103"},{"taxonomy":"rodzaj","embeddable":true,"href":"https:\/\/wydawnictwo.ug.edu.pl\/en\/wp-json\/wp\/v2\/rodzaj?post=46103"},{"taxonomy":"seria","embeddable":true,"href":"https:\/\/wydawnictwo.ug.edu.pl\/en\/wp-json\/wp\/v2\/seria?post=46103"},{"taxonomy":"product_brand","embeddable":true,"href":"https:\/\/wydawnictwo.ug.edu.pl\/en\/wp-json\/wp\/v2\/product_brand?post=46103"},{"taxonomy":"product_cat","embeddable":true,"href":"https:\/\/wydawnictwo.ug.edu.pl\/en\/wp-json\/wp\/v2\/product_cat?post=46103"},{"taxonomy":"product_tag","embeddable":true,"href":"https:\/\/wydawnictwo.ug.edu.pl\/en\/wp-json\/wp\/v2\/product_tag?post=46103"}],"curies":[{"name":"wp","href":"https:\/\/api.w.org\/{rel}","templated":true}]}}