{"id":46102,"date":"2023-09-24T09:32:42","date_gmt":"2023-09-24T09:32:42","guid":{"rendered":"https:\/\/wydawnictwo.ug.edu.pl\/ksiegarnia-online\/uncategorized\/przekladoznawstwo-rosyjskie-tom-i-autoreferaty-dysertacji-1937-2015\/"},"modified":"2026-02-11T13:08:27","modified_gmt":"2026-02-11T13:08:27","slug":"przekladoznawstwo-rosyjskie-tom-i-autoreferaty-dysertacji-1937-2015","status":"publish","type":"product","link":"https:\/\/wydawnictwo.ug.edu.pl\/en\/ksiegarnia-online\/przekladoznawstwo\/przekladoznawstwo-rosyjskie-tom-i-autoreferaty-dysertacji-1937-2015\/","title":{"rendered":"Przek\u0142adoznawstwo rosyjskie. Tom I. Autoreferaty dysertacji 1937-2015"},"content":{"rendered":"","protected":false},"excerpt":{"rendered":"<p>W niniejszej monografii znalaz\u0142y si\u0119 autoreferaty dysertacji przed\u0142o\u017conych do obrony w ZSRR oraz na obszarze postradzieckim w latach 1937\u20132015. Zebrane dokumenty sytuuj\u0105ce si\u0119 w ramach r\u00f3\u017cnych dziedzin naukowych (nie tylko macierzystych dla przek\u0142adoznawstwa nauk filologicznych) \u0142\u0105czy, poza j\u0119zykiem publikacji, wsp\u00f3lny obiekt zainteresowa\u0144. Jest nim przek\u0142ad, rozumiany bardzo szeroko \u2013 jako obiekt materialny powsta\u0142y w wyniku dzia\u0142alno\u015bci translatorskiej i jako proces w ca\u0142ej swej z\u0142o\u017cono\u015bci.<\/p>\n","protected":false},"featured_media":25713,"template":"","meta":{"_acf_changed":false},"journal":[],"rodzaj":[7074,7076],"seria":[7637],"product_brand":[],"product_cat":[6926],"product_tag":[7638],"class_list":{"0":"post-46102","1":"product","2":"type-product","3":"status-publish","4":"has-post-thumbnail","6":"rodzaj-ksiazki","7":"rodzaj-serie-wydawnicze","8":"seria-przekladoznawstwo-rosyjskie","9":"product_cat-przekladoznawstwo","10":"product_tag-ewa-konefal","12":"first","13":"instock","14":"taxable","15":"shipping-taxable","16":"product-type-external"},"acf":[],"_links":{"self":[{"href":"https:\/\/wydawnictwo.ug.edu.pl\/en\/wp-json\/wp\/v2\/product\/46102","targetHints":{"allow":["GET"]}}],"collection":[{"href":"https:\/\/wydawnictwo.ug.edu.pl\/en\/wp-json\/wp\/v2\/product"}],"about":[{"href":"https:\/\/wydawnictwo.ug.edu.pl\/en\/wp-json\/wp\/v2\/types\/product"}],"wp:featuredmedia":[{"embeddable":true,"href":"https:\/\/wydawnictwo.ug.edu.pl\/en\/wp-json\/wp\/v2\/media\/25713"}],"wp:attachment":[{"href":"https:\/\/wydawnictwo.ug.edu.pl\/en\/wp-json\/wp\/v2\/media?parent=46102"}],"wp:term":[{"taxonomy":"journal","embeddable":true,"href":"https:\/\/wydawnictwo.ug.edu.pl\/en\/wp-json\/wp\/v2\/journal?post=46102"},{"taxonomy":"rodzaj","embeddable":true,"href":"https:\/\/wydawnictwo.ug.edu.pl\/en\/wp-json\/wp\/v2\/rodzaj?post=46102"},{"taxonomy":"seria","embeddable":true,"href":"https:\/\/wydawnictwo.ug.edu.pl\/en\/wp-json\/wp\/v2\/seria?post=46102"},{"taxonomy":"product_brand","embeddable":true,"href":"https:\/\/wydawnictwo.ug.edu.pl\/en\/wp-json\/wp\/v2\/product_brand?post=46102"},{"taxonomy":"product_cat","embeddable":true,"href":"https:\/\/wydawnictwo.ug.edu.pl\/en\/wp-json\/wp\/v2\/product_cat?post=46102"},{"taxonomy":"product_tag","embeddable":true,"href":"https:\/\/wydawnictwo.ug.edu.pl\/en\/wp-json\/wp\/v2\/product_tag?post=46102"}],"curies":[{"name":"wp","href":"https:\/\/api.w.org\/{rel}","templated":true}]}}