{"id":46101,"date":"2023-09-27T07:20:42","date_gmt":"2023-09-27T07:20:42","guid":{"rendered":"https:\/\/wydawnictwo.ug.edu.pl\/ksiegarnia-online\/uncategorized\/progress-12-2023\/"},"modified":"2026-02-11T13:08:23","modified_gmt":"2026-02-11T13:08:23","slug":"progress-12-2023","status":"publish","type":"product","link":"https:\/\/wydawnictwo.ug.edu.pl\/en\/ksiegarnia-online\/pedagogika-i-psychologia\/progress-12-2023\/","title":{"rendered":"Progress 12\/2023"},"content":{"rendered":"","protected":false},"excerpt":{"rendered":"<p>Czasopismo Progress jest p\u00f3\u0142rocznikiem, w kt\u00f3rym publikowane s\u0105 artyku\u0142y naukowe, recenzje, wywiady, sprawozdania z konferencji tworzone zar\u00f3wno przez m\u0142odych naukowc\u00f3w jak i autorytety z r\u00f3\u017cnych dyscyplin.<\/p>\n","protected":false},"featured_media":25723,"template":"","meta":{"_acf_changed":false},"journal":[7067],"rodzaj":[7077],"seria":[],"product_brand":[],"product_cat":[7007],"product_tag":[],"class_list":{"0":"post-46101","1":"product","2":"type-product","3":"status-publish","4":"has-post-thumbnail","6":"journal-progress","7":"rodzaj-czasopismo","8":"product_cat-pedagogika-i-psychologia","10":"first","11":"instock","12":"taxable","13":"shipping-taxable","14":"purchasable","15":"product-type-simple"},"acf":[],"_links":{"self":[{"href":"https:\/\/wydawnictwo.ug.edu.pl\/en\/wp-json\/wp\/v2\/product\/46101","targetHints":{"allow":["GET"]}}],"collection":[{"href":"https:\/\/wydawnictwo.ug.edu.pl\/en\/wp-json\/wp\/v2\/product"}],"about":[{"href":"https:\/\/wydawnictwo.ug.edu.pl\/en\/wp-json\/wp\/v2\/types\/product"}],"wp:featuredmedia":[{"embeddable":true,"href":"https:\/\/wydawnictwo.ug.edu.pl\/en\/wp-json\/wp\/v2\/media\/25723"}],"wp:attachment":[{"href":"https:\/\/wydawnictwo.ug.edu.pl\/en\/wp-json\/wp\/v2\/media?parent=46101"}],"wp:term":[{"taxonomy":"journal","embeddable":true,"href":"https:\/\/wydawnictwo.ug.edu.pl\/en\/wp-json\/wp\/v2\/journal?post=46101"},{"taxonomy":"rodzaj","embeddable":true,"href":"https:\/\/wydawnictwo.ug.edu.pl\/en\/wp-json\/wp\/v2\/rodzaj?post=46101"},{"taxonomy":"seria","embeddable":true,"href":"https:\/\/wydawnictwo.ug.edu.pl\/en\/wp-json\/wp\/v2\/seria?post=46101"},{"taxonomy":"product_brand","embeddable":true,"href":"https:\/\/wydawnictwo.ug.edu.pl\/en\/wp-json\/wp\/v2\/product_brand?post=46101"},{"taxonomy":"product_cat","embeddable":true,"href":"https:\/\/wydawnictwo.ug.edu.pl\/en\/wp-json\/wp\/v2\/product_cat?post=46101"},{"taxonomy":"product_tag","embeddable":true,"href":"https:\/\/wydawnictwo.ug.edu.pl\/en\/wp-json\/wp\/v2\/product_tag?post=46101"}],"curies":[{"name":"wp","href":"https:\/\/api.w.org\/{rel}","templated":true}]}}