{"id":46096,"date":"2023-10-13T05:36:20","date_gmt":"2023-10-13T05:36:20","guid":{"rendered":"https:\/\/wydawnictwo.ug.edu.pl\/ksiegarnia-online\/uncategorized\/teoretyczne-podstawy-nauki-prawa-sportowego-2\/"},"modified":"2026-02-11T13:08:11","modified_gmt":"2026-02-11T13:08:11","slug":"teoretyczne-podstawy-nauki-prawa-sportowego-2","status":"publish","type":"product","link":"https:\/\/wydawnictwo.ug.edu.pl\/en\/ksiegarnia-online\/prawo-i-administracja\/teoretyczne-podstawy-nauki-prawa-sportowego-2\/","title":{"rendered":"Teoretyczne podstawy nauki prawa sportowego"},"content":{"rendered":"","protected":false},"excerpt":{"rendered":"<p>Sport w swym og\u00f3lnym wyrazie ma z etycznego punktu widzenia du\u017cy wk\u0142ad w kszta\u0142towanie kultury masowej, co nie oznacza, \u017ce wolny jest od zjawisk nawet kra\u0144cowo negatywnych, kt\u00f3rym najbardziej sprzyja jego przyspieszona ekonomizacja i polityzacja. Z jednej strony mo\u017cna bowiem wskaza\u0107, \u017ce sport kszta\u0142tuje charaktery ludzi, wzmacnia ich si\u0142\u0119 fizyczn\u0105 i psychiczn\u0105, uczy samodyscypliny i uczciwej konkurencji (\u2026); natomiast z drugiej strony we wsp\u00f3\u0142czesnym sporcie mamy do czynienia z nasileniem si\u0119 wielu zjawisk patologicznych burz\u0105cych jego idealistyczny obraz, takich jak niedozwolony doping, korupcja, przemoc, manipulowanie wynikami rywalizacji, zakazana ingerencja genetyczna, postawy skrajnego egoizmu i wrogiego nastawienia do przeciwnika (\u2026). Dynamika przeobra\u017ce\u0144 wsp\u00f3\u0142czesnego sportu wzmacnia silnie tego rodzaju presj\u0119 regulacyjn\u0105, co przyczynia si\u0119 do post\u0119puj\u0105cej jurydyzacji i judyfikacji sektorowej, a to wp\u0142ywa na rozw\u00f3j i poszerzanie pola prawa sportowego jako subdyscypliny w ramach ga\u0142\u0119ziowej struktury prawoznawstwa o wyra\u017anie ju\u017c identyfikowalnych w\u0142a\u015bciwo\u015bciach.<\/p>\n<p>Monografia <em>Teoretyczne podstawy nauki prawa sportowego<\/em> ma wyj\u0105tkowe znaczenie dla rozwoju kszta\u0142tuj\u0105cej si\u0119 dopiero subdyscypliny w ga\u0142\u0119ziowej strukturze prawoznawstwa, jak\u0105 jest prawo sportowe. Ponadto pozycja ta jest wa\u017cna z punktu widzenia wsp\u00f3\u0142czesnej teorii i filozofii prawa oraz szeroko rozumianej praktyki prawniczej. Autor w kontek\u015bcie docieka\u0144 odnosz\u0105cych si\u0119 do prawa sportowego prze\u0142amuje bowiem wiele utartych schemat\u00f3w my\u015blenia o postnowoczesnym prawie i podwa\u017ca paradygmaty zakorzenione do\u015b\u0107 mocno w polskiej doktrynie i praktyce stosowania prawa. Na tym tle rozwijany jest g\u0142\u00f3wny w\u0105tek recenzowanej ksi\u0105\u017cki zwi\u0105zany z dostarczaniem czytelnikowi kompleksowej wiedzy na temat teoretycznych problem\u00f3w prawa sportowego. Jest to pierwsza praca o takim charakterze i ma niew\u0105tpliwie pod tym wzgl\u0119dem wymiar pionierski.<\/p>\n<p style=\"text-align: right;\">Z recenzji prof. Zdzis\u0142awa Brodeckiego<\/p>\n","protected":false},"featured_media":26548,"template":"","meta":{"_acf_changed":false},"journal":[],"rodzaj":[7074],"seria":[],"product_brand":[],"product_cat":[6932],"product_tag":[7633],"class_list":{"0":"post-46096","1":"product","2":"type-product","3":"status-publish","4":"has-post-thumbnail","6":"rodzaj-ksiazki","7":"product_cat-prawo-i-administracja","8":"product_tag-leszek-starosta","9":"pa_rok-wydania-2023-en","11":"first","12":"instock","13":"taxable","14":"shipping-taxable","15":"purchasable","16":"product-type-simple"},"acf":[],"_links":{"self":[{"href":"https:\/\/wydawnictwo.ug.edu.pl\/en\/wp-json\/wp\/v2\/product\/46096","targetHints":{"allow":["GET"]}}],"collection":[{"href":"https:\/\/wydawnictwo.ug.edu.pl\/en\/wp-json\/wp\/v2\/product"}],"about":[{"href":"https:\/\/wydawnictwo.ug.edu.pl\/en\/wp-json\/wp\/v2\/types\/product"}],"wp:featuredmedia":[{"embeddable":true,"href":"https:\/\/wydawnictwo.ug.edu.pl\/en\/wp-json\/wp\/v2\/media\/26548"}],"wp:attachment":[{"href":"https:\/\/wydawnictwo.ug.edu.pl\/en\/wp-json\/wp\/v2\/media?parent=46096"}],"wp:term":[{"taxonomy":"journal","embeddable":true,"href":"https:\/\/wydawnictwo.ug.edu.pl\/en\/wp-json\/wp\/v2\/journal?post=46096"},{"taxonomy":"rodzaj","embeddable":true,"href":"https:\/\/wydawnictwo.ug.edu.pl\/en\/wp-json\/wp\/v2\/rodzaj?post=46096"},{"taxonomy":"seria","embeddable":true,"href":"https:\/\/wydawnictwo.ug.edu.pl\/en\/wp-json\/wp\/v2\/seria?post=46096"},{"taxonomy":"product_brand","embeddable":true,"href":"https:\/\/wydawnictwo.ug.edu.pl\/en\/wp-json\/wp\/v2\/product_brand?post=46096"},{"taxonomy":"product_cat","embeddable":true,"href":"https:\/\/wydawnictwo.ug.edu.pl\/en\/wp-json\/wp\/v2\/product_cat?post=46096"},{"taxonomy":"product_tag","embeddable":true,"href":"https:\/\/wydawnictwo.ug.edu.pl\/en\/wp-json\/wp\/v2\/product_tag?post=46096"}],"curies":[{"name":"wp","href":"https:\/\/api.w.org\/{rel}","templated":true}]}}