{"id":46095,"date":"2023-10-13T10:39:16","date_gmt":"2023-10-13T10:39:16","guid":{"rendered":"https:\/\/wydawnictwo.ug.edu.pl\/ksiegarnia-online\/uncategorized\/aktualne-problemy-prawa-dyscyplinarnego\/"},"modified":"2026-02-11T13:08:10","modified_gmt":"2026-02-11T13:08:10","slug":"aktualne-problemy-prawa-dyscyplinarnego","status":"publish","type":"product","link":"https:\/\/wydawnictwo.ug.edu.pl\/en\/ksiegarnia-online\/prawo-i-administracja\/aktualne-problemy-prawa-dyscyplinarnego\/","title":{"rendered":"Aktualne problemy prawa dyscyplinarnego"},"content":{"rendered":"","protected":false},"excerpt":{"rendered":"<p class=\"xmsonormal\"><span style=\"font-family: 'Arial',sans-serif;\">Prawo dyscyplinarne jest jedn\u0105 z najdynamiczniej rozwijaj\u0105cych si\u0119 dziedzin polskiego systemu prawa \u2013 zar\u00f3wno w sferze normatywnej, jak i teoretycznej. W zwi\u0105zku z tym w jego obszarze mo\u017cna zidentyfikowa\u0107 wiele istotnych problem\u00f3w o charakterze naukowym oraz praktycznym. Po\u015bwi\u0119cona jest im niniejsza publikacja. Problemy te, po og\u00f3lnym, wst\u0119pnym om\u00f3wieniu, zosta\u0142y szczeg\u00f3\u0142owo <span class=\"contentpasted0\">przedstawione <\/span>w odniesieniu do ca\u0142ego obszaru prawa dyscyplinarnego albo wyodr\u0119bnionych podmiotowo dzia\u0142\u00f3w tego prawa, ewentualnie zosta\u0142y zaprezentowane na przyk\u0142adzie konkretnej, reprezentatywnej regulacji prawnej. Autorami tekst\u00f3w s\u0105 uznani specjali\u015bci z zakresu r\u00f3\u017cnych ga\u0142\u0119zi prawa, przede wszystkim prawa karnego i administracyjnego, cz\u0119sto maj\u0105cy do\u015bwiadczenie praktyczne zwi\u0105zane z pe\u0142nieniem funkcji organu lub cz\u0142onka organu dyscyplinarnego.<\/span><\/p>\n<p>&nbsp;<\/p>\n","protected":false},"featured_media":26200,"template":"","meta":{"_acf_changed":false},"journal":[],"rodzaj":[7074],"seria":[],"product_brand":[],"product_cat":[6932],"product_tag":[7434],"class_list":{"0":"post-46095","1":"product","2":"type-product","3":"status-publish","4":"has-post-thumbnail","6":"rodzaj-ksiazki","7":"product_cat-prawo-i-administracja","8":"product_tag-radoslaw-gietkowski","10":"first","11":"instock","12":"taxable","13":"shipping-taxable","14":"purchasable","15":"product-type-simple"},"acf":[],"_links":{"self":[{"href":"https:\/\/wydawnictwo.ug.edu.pl\/en\/wp-json\/wp\/v2\/product\/46095","targetHints":{"allow":["GET"]}}],"collection":[{"href":"https:\/\/wydawnictwo.ug.edu.pl\/en\/wp-json\/wp\/v2\/product"}],"about":[{"href":"https:\/\/wydawnictwo.ug.edu.pl\/en\/wp-json\/wp\/v2\/types\/product"}],"wp:featuredmedia":[{"embeddable":true,"href":"https:\/\/wydawnictwo.ug.edu.pl\/en\/wp-json\/wp\/v2\/media\/26200"}],"wp:attachment":[{"href":"https:\/\/wydawnictwo.ug.edu.pl\/en\/wp-json\/wp\/v2\/media?parent=46095"}],"wp:term":[{"taxonomy":"journal","embeddable":true,"href":"https:\/\/wydawnictwo.ug.edu.pl\/en\/wp-json\/wp\/v2\/journal?post=46095"},{"taxonomy":"rodzaj","embeddable":true,"href":"https:\/\/wydawnictwo.ug.edu.pl\/en\/wp-json\/wp\/v2\/rodzaj?post=46095"},{"taxonomy":"seria","embeddable":true,"href":"https:\/\/wydawnictwo.ug.edu.pl\/en\/wp-json\/wp\/v2\/seria?post=46095"},{"taxonomy":"product_brand","embeddable":true,"href":"https:\/\/wydawnictwo.ug.edu.pl\/en\/wp-json\/wp\/v2\/product_brand?post=46095"},{"taxonomy":"product_cat","embeddable":true,"href":"https:\/\/wydawnictwo.ug.edu.pl\/en\/wp-json\/wp\/v2\/product_cat?post=46095"},{"taxonomy":"product_tag","embeddable":true,"href":"https:\/\/wydawnictwo.ug.edu.pl\/en\/wp-json\/wp\/v2\/product_tag?post=46095"}],"curies":[{"name":"wp","href":"https:\/\/api.w.org\/{rel}","templated":true}]}}