{"id":46094,"date":"2023-10-23T09:25:43","date_gmt":"2023-10-23T09:25:43","guid":{"rendered":"https:\/\/wydawnictwo.ug.edu.pl\/ksiegarnia-online\/uncategorized\/zestaw-dla-prawnikow\/"},"modified":"2026-02-11T13:08:06","modified_gmt":"2026-02-11T13:08:06","slug":"zestaw-dla-prawnikow","status":"publish","type":"product","link":"https:\/\/wydawnictwo.ug.edu.pl\/en\/ksiegarnia-online\/prawo-i-administracja\/zestaw-dla-prawnikow\/","title":{"rendered":"Cyceron, Demostenes i Arystofanes dla prawnik\u00f3w \u2013 zestaw"},"content":{"rendered":"","protected":false},"excerpt":{"rendered":"<p>Trzy ksi\u0105\u017cki prof. Jerzego Zajad\u0142y po\u015bwi\u0119cone postaciom staro\u017cytnej Grecji i Rzymu: wybitnemu m\u00f3wcy, dow\u00f3dcy wojskowemu i filozofowi Cyceronowi; m\u00f3wcy i politykowi Demostenesowi oraz greckiemu komediopisarzowi Arystofanesowi. Odwo\u0142uj\u0105c si\u0119 do ich tw\u00f3rczo\u015bci, Jerzy Zajad\u0142o nie tylko wskazuje na wielowiekowe tradycje humanistyczne, kt\u00f3re stoj\u0105 u podstaw wsp\u00f3\u0142czesnych uniwersytet\u00f3w, ale te\u017c stara si\u0119 czerpa\u0107 z nich inspiracj\u0119 dla wsp\u00f3\u0142czesnej my\u015bli prawniczej.<\/p>\n<p style=\"text-align: left;\"><a href=\"https:\/\/wydawnictwo.ug.edu.pl\/produkt\/cyceron-dla-prawnikow\/\"><strong><em>Cyceron dla prawnik\u00f3w <\/em>(2019)<\/strong><\/a><\/p>\n<p>W \u015bwiadomo\u015bci wsp\u00f3\u0142czesnych prawnik\u00f3w Marcus Tullius Cicero (Cyceron) przetrwa\u0142 g\u0142\u00f3wnie za spraw\u0105 swoich kr\u00f3tkich sentencji. Dzi\u0119ki specyficznej rytmiczno\u015bci j\u0119zyka \u0142aci\u0144skiego \u0142atwo wpadaj\u0105 nam w ucho i urzekaj\u0105 lapidarno\u015bci\u0105 i syntetyczno\u015bci\u0105, a jednocze\u015bnie niejednokrotnie przemawia przez nie zakumulowana przez wieki w prawie i nauce prawa niezwyk\u0142a m\u0105dro\u015b\u0107 filozoficznoprawna. Mo\u017cemy nie zna\u0107 szczeg\u00f3\u0142owo tre\u015bci dzie\u0142, list\u00f3w czy m\u00f3w politycznych i procesowych Cycerona, ale mimo to we wsp\u00f3\u0142czesnym j\u0119zyku prawniczym cz\u0119sto cytujemy jego wypowiedzi \u2013 ich przes\u0142anie zdaje si\u0119 bowiem w niekt\u00f3rych przypadkach ponadczasowe i uniwersalne. Warto przyjrze\u0107 si\u0119 niekt\u00f3rym z nich chocia\u017cby po to, by zrozumie\u0107 ich sens, zar\u00f3wno ten, w jakim by\u0142y pierwotnie u\u017cyte, jak i ten, w jakim my je dzisiaj stosujemy.<\/p>\n<p>ISBN: 978-83-7865-931-0<\/p>\n<p>liczba stron: 200<\/p>\n<p>format: 140 x 210 mm<\/p>\n<p style=\"text-align: left;\"><a href=\"https:\/\/wydawnictwo.ug.edu.pl\/produkt\/demostenes-dla-prawnikow\/\"><strong><em>Demostenes dla prawnik\u00f3w<\/em> (2023)<\/strong><\/a><\/p>\n<p>Kardynalne cechy procedur s\u0105dowych, jak bezstronno\u015b\u0107, jawno\u015b\u0107, domniemanie niewinno\u015bci, kontradyktoryjno\u015b\u0107, r\u00f3wno\u015b\u0107 stron, skargowo\u015b\u0107, instancyjno\u015b\u0107, maj\u0105 swoje \u017ar\u00f3d\u0142o w prawie staro\u017cytnych Aten. Badaczy prawa do dzi\u015b inspiruje te\u017c ustr\u00f3j ate\u0144skich s\u0105d\u00f3w i spos\u00f3b sprawowania wymiaru sprawiedliwo\u015bci. (\u2026) Osobliwo\u015bci\u0105, a wr\u0119cz fenomenem prawa ate\u0144skiego by\u0142 niezawodowy (amatorski) charakter wymiaru sprawiedliwo\u015bci. S\u0119dziami byli obywatele Aten, kt\u00f3rzy prawo poznawali na podstawie m\u00f3w wyg\u0142aszanych przez strony procesowe. Autor trafnie wskazuje na potrzeb\u0119 poszerzenia refleksji prawie o dorobek pozostawiony przez staro\u017cytne Ateny. Osoba Demostenesa i napisane przez niego mowy stanowi\u0105 za\u015b dobry materia\u0142 do oceny wsp\u00f3\u0142czesnego prawa, a zw\u0142aszcza autorytarnych zmian dokonanych w polskim prawie.<\/p>\n<p style=\"text-align: right;\">Z recenzji prof. Jerzego Skorupki<\/p>\n<p>ISBN: 987-83-8206-555-8<\/p>\n<p>liczba stron: 199<\/p>\n<p>format: 140 x 210 mm<\/p>\n<p style=\"text-align: left;\"><a href=\"https:\/\/wydawnictwo.ug.edu.pl\/produkt\/arystofenes-dla-prawnikow\/\"><strong><em>Arystofanes dla prawnik\u00f3w<\/em> (2023)<\/strong><\/a><\/p>\n<p>Nie jest prawd\u0105, \u017ce ta ksi\u0105\u017cka, to \u201etylko gar\u015b\u0107 refleksji, jakie przy lekturze fascynuj\u0105cych komedii Arystofanesa mog\u0105 si\u0119 nasun\u0105\u0107, w spos\u00f3b bardziej lub mniej uprawniony, wsp\u00f3\u0142czesnemu teoretykowi i filozofowi prawa\u201d. To znakomita panorama greckiej demokracji, jej przywar i zaskakuj\u0105cych analogii do dziwactw \u015bwiata, w kt\u00f3rym \u017cyjemy. Mo\u017cna j\u0105 tak\u017ce nieco inaczej scharakteryzowa\u0107: perfekcyjnie udokumentowana, erudycyjna w najwy\u017cszym stopniu, napisana z niezwyk\u0142\u0105 swad\u0105 i bystro\u015bci\u0105, charakteryzuj\u0105cymi wszystkie dzie\u0142a profesora Jerzego Zajad\u0142y, najwybitniejszego polskiego filozofa i teoretyka prawa, uczonego o wymiarze europejskim.<\/p>\n<p style=\"text-align: right;\">Z recenzji prof. Stanis\u0142awa Waltosia<\/p>\n<p>ISBN: 978-83-8206-579-4<\/p>\n<p>liczba stron: 136<\/p>\n<p>format: 170 x 240 mm<\/p>\n","protected":false},"featured_media":26355,"template":"","meta":{"_acf_changed":false},"journal":[],"rodzaj":[7074,7077,7076],"seria":[7083],"product_brand":[],"product_cat":[6970,6932],"product_tag":[7509],"class_list":{"0":"post-46094","1":"product","2":"type-product","3":"status-publish","4":"has-post-thumbnail","6":"rodzaj-ksiazki","7":"rodzaj-czasopismo","8":"rodzaj-serie-wydawnicze","9":"seria-studia-z-estetyki-prawa","10":"product_cat-etnologia-i-antropologia-kulturowa","11":"product_cat-prawo-i-administracja","12":"product_tag-jerzy-zajadlojerzy-zajadlo","14":"first","15":"outofstock","16":"taxable","17":"shipping-taxable","18":"purchasable","19":"product-type-simple"},"acf":[],"_links":{"self":[{"href":"https:\/\/wydawnictwo.ug.edu.pl\/en\/wp-json\/wp\/v2\/product\/46094","targetHints":{"allow":["GET"]}}],"collection":[{"href":"https:\/\/wydawnictwo.ug.edu.pl\/en\/wp-json\/wp\/v2\/product"}],"about":[{"href":"https:\/\/wydawnictwo.ug.edu.pl\/en\/wp-json\/wp\/v2\/types\/product"}],"wp:featuredmedia":[{"embeddable":true,"href":"https:\/\/wydawnictwo.ug.edu.pl\/en\/wp-json\/wp\/v2\/media\/26355"}],"wp:attachment":[{"href":"https:\/\/wydawnictwo.ug.edu.pl\/en\/wp-json\/wp\/v2\/media?parent=46094"}],"wp:term":[{"taxonomy":"journal","embeddable":true,"href":"https:\/\/wydawnictwo.ug.edu.pl\/en\/wp-json\/wp\/v2\/journal?post=46094"},{"taxonomy":"rodzaj","embeddable":true,"href":"https:\/\/wydawnictwo.ug.edu.pl\/en\/wp-json\/wp\/v2\/rodzaj?post=46094"},{"taxonomy":"seria","embeddable":true,"href":"https:\/\/wydawnictwo.ug.edu.pl\/en\/wp-json\/wp\/v2\/seria?post=46094"},{"taxonomy":"product_brand","embeddable":true,"href":"https:\/\/wydawnictwo.ug.edu.pl\/en\/wp-json\/wp\/v2\/product_brand?post=46094"},{"taxonomy":"product_cat","embeddable":true,"href":"https:\/\/wydawnictwo.ug.edu.pl\/en\/wp-json\/wp\/v2\/product_cat?post=46094"},{"taxonomy":"product_tag","embeddable":true,"href":"https:\/\/wydawnictwo.ug.edu.pl\/en\/wp-json\/wp\/v2\/product_tag?post=46094"}],"curies":[{"name":"wp","href":"https:\/\/api.w.org\/{rel}","templated":true}]}}