{"id":46093,"date":"2023-10-23T11:05:13","date_gmt":"2023-10-23T11:05:13","guid":{"rendered":"https:\/\/wydawnictwo.ug.edu.pl\/ksiegarnia-online\/uncategorized\/z-kurtyna-i-bez\/"},"modified":"2026-02-11T13:08:05","modified_gmt":"2026-02-11T13:08:05","slug":"z-kurtyna-i-bez","status":"publish","type":"product","link":"https:\/\/wydawnictwo.ug.edu.pl\/en\/ksiegarnia-online\/varia\/z-kurtyna-i-bez\/","title":{"rendered":"Z kurtyn\u0105 i bez"},"content":{"rendered":"","protected":false},"excerpt":{"rendered":"<p>Ksi\u0105\u017cka zawiera zbi\u00f3r felieton\u00f3w publikowanych w magazynie \u201ePresti\u017c\u201d w latach 2016\u20132021.<\/p>\n<p>Profesor Jerzy Limon pojawi\u0142 si\u0119 na \u0142amach \u201ePresti\u017cu\u201d ju\u017c w 2014 roku. Jeszcze nie jako felietonista, ale bohater ok\u0142adki. Dziennikarce Marcie Jaszczerskiej uda\u0142o si\u0119 \u201ewyci\u0105gn\u0105\u0107\u201d od profesora nie tylko zwierzenia natury zawodowej, ale tak\u017ce dotycz\u0105cej sfery prywatnej. To by\u0142o nie lada wyzwanie, rozm\u00f3wc\u0105 by\u0142 wszak\u017ce wybitny anglista, a do tego szekspirolog. Ju\u017c samo to okre\u015blenie wzbudza niema\u0142y respekt, nios\u0105c z sob\u0105 ca\u0142y strumie\u0144 podprogowych i pe\u0142nych dostoje\u0144stwa skojarze\u0144: Anglia, kr\u00f3lowe i kr\u00f3lowie, dynastie, wielka historia. Szekspir i jego nie\u015bmiertelne \u201eBy\u0107 albo nie by\u0107\u201d. Fakt, \u017ce \u00f3w szekspirolog by\u0142 za\u0142o\u017cycielem i dyrektorem Gda\u0144skiego Teatru Szekspirowskiego, a przy tym uznanym profesorem, pot\u0119gowa\u0142 jeszcze te odczucia. (&#8230;) Od tego momentu Profesor sta\u0142 si\u0119 cz\u0119\u015bci\u0105 \u201epresti\u017cowej\u201d redakcji, a jego felietony publikowane w cyklu \u201eZ kurtyn\u0105 i bez\u201d sta\u0142y si\u0119 jednym z najja\u015bniejszych element\u00f3w ka\u017cdego wydania. Po\u0142\u0105czy\u0107 Szekspira z otaczaj\u0105 nas codzienno\u015bci\u0105, pikantnie, dowcipnie i bez nad\u0119cia? Przez 52 odcinki? Kt\u00f3\u017c mia\u0142 to zrobi\u0107 jak nie Profesor Limon.<\/p>\n<p style=\"text-align: right;\">Micha\u0142 Stankiewicz<br \/>\nRedaktor naczelny magazynu \u201ePresti\u017c Tr\u00f3jmiasto\u201d<\/p>\n<p>Ilustracje: Henryk Cze\u015bnik<\/p>\n<p class=\"x_elementToProof\">Publikacja wydana przy wsparciu:<\/p>\n<p><img decoding=\"async\" class=\"alignnone wp-image-26619\" src=\"https:\/\/wydawnictwo.ug.edu.pl\/wp-content\/uploads\/2023\/10\/logomobile.png\" alt=\"\" width=\"220\" height=\"48\" srcset=\"https:\/\/wydawnictwo.ug.edu.pl\/wp-content\/uploads\/2023\/10\/logomobile.png 740w, https:\/\/wydawnictwo.ug.edu.pl\/wp-content\/uploads\/2023\/10\/logomobile-600x131.png 600w, https:\/\/wydawnictwo.ug.edu.pl\/wp-content\/uploads\/2023\/10\/logomobile-300x66.png 300w, https:\/\/wydawnictwo.ug.edu.pl\/wp-content\/uploads\/2023\/10\/logomobile-640x140.png 640w, https:\/\/wydawnictwo.ug.edu.pl\/wp-content\/uploads\/2023\/10\/logomobile-400x88.png 400w\" sizes=\"(max-width: 220px) 100vw, 220px\" \/> <img decoding=\"async\" class=\"alignnone wp-image-26621\" src=\"https:\/\/wydawnictwo.ug.edu.pl\/wp-content\/uploads\/2023\/10\/Arte-infinita-logo-1-1.png\" alt=\"\" width=\"61\" height=\"56\" srcset=\"https:\/\/wydawnictwo.ug.edu.pl\/wp-content\/uploads\/2023\/10\/Arte-infinita-logo-1-1.png 685w, https:\/\/wydawnictwo.ug.edu.pl\/wp-content\/uploads\/2023\/10\/Arte-infinita-logo-1-1-600x552.png 600w, https:\/\/wydawnictwo.ug.edu.pl\/wp-content\/uploads\/2023\/10\/Arte-infinita-logo-1-1-300x276.png 300w, https:\/\/wydawnictwo.ug.edu.pl\/wp-content\/uploads\/2023\/10\/Arte-infinita-logo-1-1-640x589.png 640w, https:\/\/wydawnictwo.ug.edu.pl\/wp-content\/uploads\/2023\/10\/Arte-infinita-logo-1-1-400x368.png 400w\" sizes=\"(max-width: 61px) 100vw, 61px\" \/><\/p>\n<p class=\"x_elementToProof\">a tak\u017ce we wsp\u00f3\u0142pracy z magazynem Presti\u017c Tr\u00f3jmiasto.<\/p>\n<p>&nbsp;<\/p>\n","protected":false},"featured_media":27017,"template":"","meta":{"_acf_changed":false},"journal":[],"rodzaj":[7074],"seria":[],"product_brand":[],"product_cat":[6948],"product_tag":[7632],"class_list":{"0":"post-46093","1":"product","2":"type-product","3":"status-publish","4":"has-post-thumbnail","6":"rodzaj-ksiazki","7":"product_cat-varia","8":"product_tag-jerzy-limonjerzy-limon","10":"first","11":"instock","12":"taxable","13":"shipping-taxable","14":"purchasable","15":"product-type-simple"},"acf":[],"jetpack_sharing_enabled":true,"_links":{"self":[{"href":"https:\/\/wydawnictwo.ug.edu.pl\/en\/wp-json\/wp\/v2\/product\/46093","targetHints":{"allow":["GET"]}}],"collection":[{"href":"https:\/\/wydawnictwo.ug.edu.pl\/en\/wp-json\/wp\/v2\/product"}],"about":[{"href":"https:\/\/wydawnictwo.ug.edu.pl\/en\/wp-json\/wp\/v2\/types\/product"}],"wp:featuredmedia":[{"embeddable":true,"href":"https:\/\/wydawnictwo.ug.edu.pl\/en\/wp-json\/wp\/v2\/media\/27017"}],"wp:attachment":[{"href":"https:\/\/wydawnictwo.ug.edu.pl\/en\/wp-json\/wp\/v2\/media?parent=46093"}],"wp:term":[{"taxonomy":"journal","embeddable":true,"href":"https:\/\/wydawnictwo.ug.edu.pl\/en\/wp-json\/wp\/v2\/journal?post=46093"},{"taxonomy":"rodzaj","embeddable":true,"href":"https:\/\/wydawnictwo.ug.edu.pl\/en\/wp-json\/wp\/v2\/rodzaj?post=46093"},{"taxonomy":"seria","embeddable":true,"href":"https:\/\/wydawnictwo.ug.edu.pl\/en\/wp-json\/wp\/v2\/seria?post=46093"},{"taxonomy":"product_brand","embeddable":true,"href":"https:\/\/wydawnictwo.ug.edu.pl\/en\/wp-json\/wp\/v2\/product_brand?post=46093"},{"taxonomy":"product_cat","embeddable":true,"href":"https:\/\/wydawnictwo.ug.edu.pl\/en\/wp-json\/wp\/v2\/product_cat?post=46093"},{"taxonomy":"product_tag","embeddable":true,"href":"https:\/\/wydawnictwo.ug.edu.pl\/en\/wp-json\/wp\/v2\/product_tag?post=46093"}],"curies":[{"name":"wp","href":"https:\/\/api.w.org\/{rel}","templated":true}]}}