{"id":46092,"date":"2023-10-26T10:20:49","date_gmt":"2023-10-26T10:20:49","guid":{"rendered":"https:\/\/wydawnictwo.ug.edu.pl\/ksiegarnia-online\/uncategorized\/dzieci-i-wnuki-z-listow-rodzinnych-andrzeja-zygmunta-i-lucji-z-praglowskich-jerzego-oraz-zofii-gawronskich-do-1914-r\/"},"modified":"2026-02-11T13:08:02","modified_gmt":"2026-02-11T13:08:02","slug":"dzieci-i-wnuki-z-listow-rodzinnych-andrzeja-zygmunta-i-lucji-z-praglowskich-jerzego-oraz-zofii-gawronskich-do-1914-r","status":"publish","type":"product","link":"https:\/\/wydawnictwo.ug.edu.pl\/en\/ksiegarnia-online\/literaturoznawstwo\/dzieci-i-wnuki-z-listow-rodzinnych-andrzeja-zygmunta-i-lucji-z-praglowskich-jerzego-oraz-zofii-gawronskich-do-1914-r\/","title":{"rendered":"Dzieci i wnuki. Z list\u00f3w rodzinnych Andrzeja, Zygmunta i \u0141ucji z Prag\u0142owskich, Jerzego oraz Zofii Gawro\u0144skich (do 1914 r.)"},"content":{"rendered":"","protected":false},"excerpt":{"rendered":"<p>Z publikowanych list\u00f3w dowiadujemy si\u0119 o \u017cyciu rodzinnym, zwyczajach, obowi\u0105zkach, kontaktach towarzyskich, sytuacji materialnej. Wiele z nich dotyczy spraw prozaicznych, takich jak zabawy dzieci\u0119ce czy pierwsze lektury. Odnajdujemy r\u00f3wnie\u017c informacje o r\u00f3\u017cnych etapach edukacji m\u0142odych Gawro\u0144skich, ich studiach oraz zainteresowaniach naukowych i zawodowych, a tak\u017ce o podr\u00f3\u017cach po krajach europejskich. Nie brak wiadomo\u015bci o trudno\u015bciach finansowych. [\u2026] z rodzinnych list\u00f3w Gawro\u0144skich wy\u0142ania si\u0119 obraz ludzi inteligentnych, obdarzonych licznymi talentami, ale tak\u017ce obarczonych troskami codziennego \u017cycia.<\/p>\n<p style=\"text-align: right;\">Z recenzji prof. dr. hab. Adama W\u0105tora<\/p>\n","protected":false},"featured_media":26434,"template":"","meta":{"_acf_changed":false},"journal":[],"rodzaj":[7074],"seria":[],"product_brand":[],"product_cat":[6925],"product_tag":[7631],"class_list":{"0":"post-46092","1":"product","2":"type-product","3":"status-publish","4":"has-post-thumbnail","6":"rodzaj-ksiazki","7":"product_cat-literaturoznawstwo","8":"product_tag-eugeniusz-kokoeugeniusz-koko","10":"first","11":"instock","12":"taxable","13":"shipping-taxable","14":"purchasable","15":"product-type-simple"},"acf":[],"_links":{"self":[{"href":"https:\/\/wydawnictwo.ug.edu.pl\/en\/wp-json\/wp\/v2\/product\/46092","targetHints":{"allow":["GET"]}}],"collection":[{"href":"https:\/\/wydawnictwo.ug.edu.pl\/en\/wp-json\/wp\/v2\/product"}],"about":[{"href":"https:\/\/wydawnictwo.ug.edu.pl\/en\/wp-json\/wp\/v2\/types\/product"}],"wp:featuredmedia":[{"embeddable":true,"href":"https:\/\/wydawnictwo.ug.edu.pl\/en\/wp-json\/wp\/v2\/media\/26434"}],"wp:attachment":[{"href":"https:\/\/wydawnictwo.ug.edu.pl\/en\/wp-json\/wp\/v2\/media?parent=46092"}],"wp:term":[{"taxonomy":"journal","embeddable":true,"href":"https:\/\/wydawnictwo.ug.edu.pl\/en\/wp-json\/wp\/v2\/journal?post=46092"},{"taxonomy":"rodzaj","embeddable":true,"href":"https:\/\/wydawnictwo.ug.edu.pl\/en\/wp-json\/wp\/v2\/rodzaj?post=46092"},{"taxonomy":"seria","embeddable":true,"href":"https:\/\/wydawnictwo.ug.edu.pl\/en\/wp-json\/wp\/v2\/seria?post=46092"},{"taxonomy":"product_brand","embeddable":true,"href":"https:\/\/wydawnictwo.ug.edu.pl\/en\/wp-json\/wp\/v2\/product_brand?post=46092"},{"taxonomy":"product_cat","embeddable":true,"href":"https:\/\/wydawnictwo.ug.edu.pl\/en\/wp-json\/wp\/v2\/product_cat?post=46092"},{"taxonomy":"product_tag","embeddable":true,"href":"https:\/\/wydawnictwo.ug.edu.pl\/en\/wp-json\/wp\/v2\/product_tag?post=46092"}],"curies":[{"name":"wp","href":"https:\/\/api.w.org\/{rel}","templated":true}]}}