{"id":46091,"date":"2023-10-26T11:02:40","date_gmt":"2023-10-26T11:02:40","guid":{"rendered":"https:\/\/wydawnictwo.ug.edu.pl\/ksiegarnia-online\/uncategorized\/wajda-dokumentalny\/"},"modified":"2026-02-11T13:07:57","modified_gmt":"2026-02-11T13:07:57","slug":"wajda-dokumentalny","status":"publish","type":"product","link":"https:\/\/wydawnictwo.ug.edu.pl\/en\/ksiegarnia-online\/sztuka\/wajda-dokumentalny\/","title":{"rendered":"Wajda dokumentalny"},"content":{"rendered":"","protected":false},"excerpt":{"rendered":"<p>Andrzej Wajda zrealizowa\u0142 blisko dwadzie\u015bcia film\u00f3w dokumentalnych, z tego zdecydowana wi\u0119kszo\u015b\u0107 to filmy o sztuce, nie tylko filmowej (i nie tylko o jego filmach). Powsta\u0142o te\u017c wiele dokument\u00f3w innych autor\u00f3w o Wajdzie i jego sztuce. Tymczasem o dokumentalizmie Wajdy napisano do niedawna niewiele. Je\u015bli wyr\u00f3\u017cni\u0107 trzy aspekty \u201eWajdy dokumentalnego\u201d \u2013 dokumentalizm w jego filmach fabularnych, filmy dokumentalne jego autorstwa oraz dokumenty o Wajdzie innych autor\u00f3w \u2013 to koncentrowano si\u0119 przede wszystkim na tym pierwszym.<\/p>\n<p>Sztuk\u0119 filmow\u0105 Wajda tworzy\u0142 w kinie fabularnym, a w dokumencie \u2013 poza nielicznymi wyj\u0105tkami \u2013 przede wszystkim j\u0105 obja\u015bnia\u0142. W zwi\u0105zku z tym jego dokumenty nawi\u0105zuj\u0105 siln\u0105 relacj\u0119 z kinem popularnonaukowym, wykorzystuj\u0105cym przede wszystkim form\u0119 \u201egadaj\u0105cych g\u0142\u00f3w\u201d, przy czym ze wzgl\u0119du na dominacj\u0119 autorskiej, subiektywnej perspektywy najbli\u017cej im do esej\u00f3w. Tak\u017ce w filmach o Wajdzie i jego sztuce zrealizowanych przez innych autor\u00f3w ta konwencja dominuje.<\/p>\n<p>W ksi\u0105\u017cce prezentujemy osiem tekst\u00f3w po\u015bwi\u0119conych dokumentalizmowi Wajdy w r\u00f3\u017cnym uj\u0119ciu. Autorzy reprezentuj\u0105 nie tylko \u015brodowisko filmoznawc\u00f3w, ale s\u0105 tu tak\u017ce osoby \u015bci\u015ble zwi\u0105zane z Muzeum Sztuki i Techniki Japo\u0144skiej Manggha oraz z Archiwum Andrzeja Wajdy, kt\u00f3re maj\u0105 na swoim koncie cenne do\u015bwiadczenie wsp\u00f3\u0142pracy z re\u017cyserem.<\/p>\n<p>Publikacja jest efektem og\u00f3lnopolskiej konferencji naukowej \u201eWajda dokumentalny\u201d, zorganizowanej wsp\u00f3lnie przez Uniwersytet Gda\u0144ski oraz Muzeum Manggha 26 stycznia 2022 r. jako zwie\u0144czenie zorganizowanej na UG wystawy \u201eWajda. Cz\u0142owiek z Gda\u0144ska\u201d.<\/p>\n<p><strong>Autorzy: Ma\u0142gorzata Jarmu\u0142owicz, Miko\u0142aj Jazdon, Krzysztof Kornacki, Anna Kr\u00f3l, , Mateusz Matysiak, Katarzyna M\u0105ka-Malaty\u0144ska, Miros\u0142aw Przylipak, Piotr Zwierzchowski.<\/strong><\/p>\n<p>Wsp\u00f3\u0142wydawca: Muzeum Sztuki i Techniki Japo\u0144skiej Manggha. Ksi\u0105\u017cka ukaza\u0142a si\u0119 przy wsparciu finansowym Centrum Filmowego Uniwersytetu Gda\u0144skiego im. Andrzeja Wajdy jako specjalne wydanie w ramach serii Linia Filmowa.<\/p>\n<p><a href=\"https:\/\/wydawnictwo.ug.edu.pl\/wp-content\/uploads\/2023\/10\/csaw-ug.png\"><img decoding=\"async\" class=\"wp-image-27495 alignleft\" src=\"https:\/\/wydawnictwo.ug.edu.pl\/wp-content\/uploads\/2023\/10\/csaw-ug.png\" alt=\"\" width=\"125\" height=\"49\" srcset=\"https:\/\/wydawnictwo.ug.edu.pl\/wp-content\/uploads\/2023\/10\/csaw-ug.png 313w, https:\/\/wydawnictwo.ug.edu.pl\/wp-content\/uploads\/2023\/10\/csaw-ug-300x118.png 300w\" sizes=\"(max-width: 125px) 100vw, 125px\" \/><\/a><a href=\"https:\/\/wydawnictwo.ug.edu.pl\/wp-content\/uploads\/2023\/10\/cfug_logo_kolor_00001-5-2-5.svg\"><img decoding=\"async\" class=\"wp-image-26425 alignleft\" src=\"https:\/\/wydawnictwo.ug.edu.pl\/wp-content\/uploads\/2023\/10\/pobrane-1-1-e1701426359324.png\" alt=\"\" width=\"94\" height=\"46\" \/><img decoding=\"async\" class=\" wp-image-26976 alignleft\" src=\"https:\/\/wydawnictwo.ug.edu.pl\/wp-content\/uploads\/2023\/10\/cf-ug-logo.png\" alt=\"\" width=\"86\" height=\"48\" \/><\/a><\/p>\n","protected":false},"featured_media":26428,"template":"","meta":{"_acf_changed":false},"journal":[],"rodzaj":[7074,7076],"seria":[7629],"product_brand":[],"product_cat":[6939],"product_tag":[7630],"class_list":{"0":"post-46091","1":"product","2":"type-product","3":"status-publish","4":"has-post-thumbnail","6":"rodzaj-ksiazki","7":"rodzaj-serie-wydawnicze","8":"seria-linia-filmowa","9":"product_cat-sztuka","10":"product_tag-krzysztof-kornackikrzysztof-kornacki","12":"first","13":"instock","14":"taxable","15":"shipping-taxable","16":"purchasable","17":"product-type-simple"},"acf":[],"_links":{"self":[{"href":"https:\/\/wydawnictwo.ug.edu.pl\/en\/wp-json\/wp\/v2\/product\/46091","targetHints":{"allow":["GET"]}}],"collection":[{"href":"https:\/\/wydawnictwo.ug.edu.pl\/en\/wp-json\/wp\/v2\/product"}],"about":[{"href":"https:\/\/wydawnictwo.ug.edu.pl\/en\/wp-json\/wp\/v2\/types\/product"}],"wp:featuredmedia":[{"embeddable":true,"href":"https:\/\/wydawnictwo.ug.edu.pl\/en\/wp-json\/wp\/v2\/media\/26428"}],"wp:attachment":[{"href":"https:\/\/wydawnictwo.ug.edu.pl\/en\/wp-json\/wp\/v2\/media?parent=46091"}],"wp:term":[{"taxonomy":"journal","embeddable":true,"href":"https:\/\/wydawnictwo.ug.edu.pl\/en\/wp-json\/wp\/v2\/journal?post=46091"},{"taxonomy":"rodzaj","embeddable":true,"href":"https:\/\/wydawnictwo.ug.edu.pl\/en\/wp-json\/wp\/v2\/rodzaj?post=46091"},{"taxonomy":"seria","embeddable":true,"href":"https:\/\/wydawnictwo.ug.edu.pl\/en\/wp-json\/wp\/v2\/seria?post=46091"},{"taxonomy":"product_brand","embeddable":true,"href":"https:\/\/wydawnictwo.ug.edu.pl\/en\/wp-json\/wp\/v2\/product_brand?post=46091"},{"taxonomy":"product_cat","embeddable":true,"href":"https:\/\/wydawnictwo.ug.edu.pl\/en\/wp-json\/wp\/v2\/product_cat?post=46091"},{"taxonomy":"product_tag","embeddable":true,"href":"https:\/\/wydawnictwo.ug.edu.pl\/en\/wp-json\/wp\/v2\/product_tag?post=46091"}],"curies":[{"name":"wp","href":"https:\/\/api.w.org\/{rel}","templated":true}]}}