{"id":46090,"date":"2023-10-27T09:25:23","date_gmt":"2023-10-27T09:25:23","guid":{"rendered":"https:\/\/wydawnictwo.ug.edu.pl\/ksiegarnia-online\/uncategorized\/studia-z-dziejow-sredniowiecza-tom-26\/"},"modified":"2026-02-11T13:07:56","modified_gmt":"2026-02-11T13:07:56","slug":"studia-z-dziejow-sredniowiecza-tom-26","status":"publish","type":"product","link":"https:\/\/wydawnictwo.ug.edu.pl\/en\/ksiegarnia-online\/historia\/studia-z-dziejow-sredniowiecza-tom-26\/","title":{"rendered":"Studia z Dziej\u00f3w \u015aredniowiecza. Tom 26"},"content":{"rendered":"","protected":false},"excerpt":{"rendered":"<p>Studia z Dziej\u00f3w \u015aredniowiecza to czasopismo wydawane przez Zak\u0142ad Historii \u015aredniowiecza Polski i Nauk Pomocniczych Historii Uniwersytetu Gda\u0144skiego.<\/p>\n<p>Czasopismo w <a href=\"https:\/\/czasopisma.bg.ug.edu.pl\/index.php\/stzdsr\/issue\/view\/725\">otwartym dost\u0119pie<\/a>.<\/p>\n","protected":false},"featured_media":26446,"template":"","meta":{"_acf_changed":false},"journal":[7071],"rodzaj":[7077],"seria":[],"product_brand":[],"product_cat":[6958],"product_tag":[7393,7383,7394],"class_list":{"0":"post-46090","1":"product","2":"type-product","3":"status-publish","4":"has-post-thumbnail","6":"journal-studia-z-dziejow-sredniowiecza","7":"rodzaj-czasopismo","8":"product_cat-historia","9":"product_tag-beata-mozejko","10":"product_tag-marek-smolinski","11":"product_tag-sobieslaw-szybkowski","13":"first","14":"instock","15":"taxable","16":"shipping-taxable","17":"purchasable","18":"product-type-simple"},"acf":[],"_links":{"self":[{"href":"https:\/\/wydawnictwo.ug.edu.pl\/en\/wp-json\/wp\/v2\/product\/46090","targetHints":{"allow":["GET"]}}],"collection":[{"href":"https:\/\/wydawnictwo.ug.edu.pl\/en\/wp-json\/wp\/v2\/product"}],"about":[{"href":"https:\/\/wydawnictwo.ug.edu.pl\/en\/wp-json\/wp\/v2\/types\/product"}],"wp:featuredmedia":[{"embeddable":true,"href":"https:\/\/wydawnictwo.ug.edu.pl\/en\/wp-json\/wp\/v2\/media\/26446"}],"wp:attachment":[{"href":"https:\/\/wydawnictwo.ug.edu.pl\/en\/wp-json\/wp\/v2\/media?parent=46090"}],"wp:term":[{"taxonomy":"journal","embeddable":true,"href":"https:\/\/wydawnictwo.ug.edu.pl\/en\/wp-json\/wp\/v2\/journal?post=46090"},{"taxonomy":"rodzaj","embeddable":true,"href":"https:\/\/wydawnictwo.ug.edu.pl\/en\/wp-json\/wp\/v2\/rodzaj?post=46090"},{"taxonomy":"seria","embeddable":true,"href":"https:\/\/wydawnictwo.ug.edu.pl\/en\/wp-json\/wp\/v2\/seria?post=46090"},{"taxonomy":"product_brand","embeddable":true,"href":"https:\/\/wydawnictwo.ug.edu.pl\/en\/wp-json\/wp\/v2\/product_brand?post=46090"},{"taxonomy":"product_cat","embeddable":true,"href":"https:\/\/wydawnictwo.ug.edu.pl\/en\/wp-json\/wp\/v2\/product_cat?post=46090"},{"taxonomy":"product_tag","embeddable":true,"href":"https:\/\/wydawnictwo.ug.edu.pl\/en\/wp-json\/wp\/v2\/product_tag?post=46090"}],"curies":[{"name":"wp","href":"https:\/\/api.w.org\/{rel}","templated":true}]}}