{"id":46088,"date":"2023-11-08T10:18:50","date_gmt":"2023-11-08T10:18:50","guid":{"rendered":"https:\/\/wydawnictwo.ug.edu.pl\/ksiegarnia-online\/uncategorized\/kierunki-rozwoju-gospodarki-morskiej-na-swiecie\/"},"modified":"2026-02-11T13:07:41","modified_gmt":"2026-02-11T13:07:41","slug":"kierunki-rozwoju-gospodarki-morskiej-na-swiecie","status":"publish","type":"product","link":"https:\/\/wydawnictwo.ug.edu.pl\/en\/ksiegarnia-online\/ekonomia\/kierunki-rozwoju-gospodarki-morskiej-na-swiecie\/","title":{"rendered":"Kierunki rozwoju gospodarki morskiej na \u015bwiecie"},"content":{"rendered":"","protected":false},"excerpt":{"rendered":"<p>Gospodarka morska obejmuje pi\u0119\u0107 istotnych dla wielu kraj\u00f3w bran\u017c: towarowy i\u00a0pasa\u017cerski transport morski, obs\u0142ug\u0119 statk\u00f3w i\u00a0prze\u0142adunki towar\u00f3w w\u00a0portach morskich, przemys\u0142 okr\u0119towy, rybo\u0142\u00f3wstwo morskie z\u00a0akwakultur\u0105 na morzu oraz przemys\u0142\u00a0offshore. Gospodarka morska ma wi\u0119c du\u017ce znaczenie dla rozwoju ekonomicznego kraj\u00f3w wyspiarskich, kraj\u00f3w pozbawionych wa\u017cnych surowc\u00f3w oraz miast portowych i stanowi wa\u017cn\u0105 cz\u0119\u015b\u0107 rynku pracy w\u00a0wielu pa\u0144stwach.<\/p>\n<p>Publikacja Eugeniusza Gostomskiego i Tomasza Nowosielskiego stanowi syntetyczne uj\u0119cie ca\u0142ej gospodarki morskiej i uwzgl\u0119dnia jej g\u0142\u00f3wne obszary rozwoju. Ksi\u0105\u017cka adresowana jest do student\u00f3w ekonomii, geografii i oceanografii oraz praktyk\u00f3w zajmuj\u0105cych si\u0119 gospodark\u0105 morsk\u0105.<\/p>\n","protected":false},"featured_media":26588,"template":"","meta":{"_acf_changed":false},"journal":[],"rodzaj":[2602],"seria":[],"product_brand":[],"product_cat":[266,1105],"product_tag":[673,674],"class_list":{"0":"post-46088","1":"product","2":"type-product","3":"status-publish","4":"has-post-thumbnail","6":"rodzaj-ksiazki","7":"product_cat-ekonomia","8":"product_cat-geografia-spoleczno-ekonomiczna","9":"product_tag-eugeniusz-gostomski","10":"product_tag-tomasz-nowosielski","12":"first","13":"instock","14":"taxable","15":"shipping-taxable","16":"purchasable","17":"product-type-simple"},"acf":[],"_links":{"self":[{"href":"https:\/\/wydawnictwo.ug.edu.pl\/en\/wp-json\/wp\/v2\/product\/46088","targetHints":{"allow":["GET"]}}],"collection":[{"href":"https:\/\/wydawnictwo.ug.edu.pl\/en\/wp-json\/wp\/v2\/product"}],"about":[{"href":"https:\/\/wydawnictwo.ug.edu.pl\/en\/wp-json\/wp\/v2\/types\/product"}],"wp:featuredmedia":[{"embeddable":true,"href":"https:\/\/wydawnictwo.ug.edu.pl\/en\/wp-json\/wp\/v2\/media\/26588"}],"wp:attachment":[{"href":"https:\/\/wydawnictwo.ug.edu.pl\/en\/wp-json\/wp\/v2\/media?parent=46088"}],"wp:term":[{"taxonomy":"journal","embeddable":true,"href":"https:\/\/wydawnictwo.ug.edu.pl\/en\/wp-json\/wp\/v2\/journal?post=46088"},{"taxonomy":"rodzaj","embeddable":true,"href":"https:\/\/wydawnictwo.ug.edu.pl\/en\/wp-json\/wp\/v2\/rodzaj?post=46088"},{"taxonomy":"seria","embeddable":true,"href":"https:\/\/wydawnictwo.ug.edu.pl\/en\/wp-json\/wp\/v2\/seria?post=46088"},{"taxonomy":"product_brand","embeddable":true,"href":"https:\/\/wydawnictwo.ug.edu.pl\/en\/wp-json\/wp\/v2\/product_brand?post=46088"},{"taxonomy":"product_cat","embeddable":true,"href":"https:\/\/wydawnictwo.ug.edu.pl\/en\/wp-json\/wp\/v2\/product_cat?post=46088"},{"taxonomy":"product_tag","embeddable":true,"href":"https:\/\/wydawnictwo.ug.edu.pl\/en\/wp-json\/wp\/v2\/product_tag?post=46088"}],"curies":[{"name":"wp","href":"https:\/\/api.w.org\/{rel}","templated":true}]}}