{"id":46086,"date":"2023-11-17T06:52:38","date_gmt":"2023-11-17T06:52:38","guid":{"rendered":"https:\/\/wydawnictwo.ug.edu.pl\/ksiegarnia-online\/uncategorized\/odjemek-od-herbow-szlacheckich-waclawa-potockiego\/"},"modified":"2026-02-11T13:07:38","modified_gmt":"2026-02-11T13:07:38","slug":"odjemek-od-herbow-szlacheckich-waclawa-potockiego","status":"publish","type":"product","link":"https:\/\/wydawnictwo.ug.edu.pl\/en\/ksiegarnia-online\/literaturoznawstwo\/odjemek-od-herbow-szlacheckich-waclawa-potockiego\/","title":{"rendered":"Odjemek od \u201eHerb\u00f3w szlacheckich\u201d Wac\u0142awa Potockiego. Pr\u00f3ba monografii oraz komentowana edycja krytyczna"},"content":{"rendered":"","protected":false},"excerpt":{"rendered":"<p>\u201ePoniewa\u017c ten obszerny zbi\u00f3r epigram\u00f3w zachowa\u0142 si\u0119 w postaci nieautoryzowanych odpis\u00f3w, stanowi nie lada wyzwanie tekstologiczne. Zawarte w nim wiersze w przewa\u017caj\u0105cej cz\u0119\u015bci maj\u0105 charakter obsceniczny, a o po\u017cyciu intymnym nie m\u00f3wi si\u0119 w nich wprost, lecz wykorzystuj\u0105c skojarzenia dotycz\u0105ce zar\u00f3wno element\u00f3w heraldycznych, jak i po sarmacku bujnej gamy r\u00f3\u017cnorodnych temat\u00f3w bliskich ka\u017cdemu ziemianinowi (uprawa roli, hippika, \u0142owiectwo, medycyna, bronioznawstwo itp.). Potocki wiedz\u0119 t\u0119 okrasza\u0142 ponadto erudycj\u0105 biblijn\u0105, antyczn\u0105, przyrodnicz\u0105 oraz aluzjami historycznymi i autobiograficznymi. Wszystko to sprawia, \u017ce stanowi\u0105 one dzi\u015b lektur\u0119 bardzo wymagaj\u0105c\u0105, kt\u00f3rej niewielu komentator\u00f3w potrafi\u0142oby sprosta\u0107. Z oboma tymi trudnymi zadaniami, restytucj\u0105 tekstu oraz obja\u015bnieniem g\u0119stych semantycznie i niemal zawsze dwuznacznych epigram\u00f3w, Dariusz Piotrowiak poradzi\u0142 sobie znakomicie, a rezultatem jego pracy jest edycja naukowa wysokiej pr\u00f3by\u201d.<\/p>\n<p style=\"text-align: right;\">Z recenzji prof. dr. hab. Romana Mazurkiewicza<\/p>\n<p>&nbsp;<\/p>\n","protected":false},"featured_media":27476,"template":"","meta":{"_acf_changed":false},"journal":[],"rodzaj":[7074],"seria":[],"product_brand":[],"product_cat":[6925],"product_tag":[7624],"class_list":{"0":"post-46086","1":"product","2":"type-product","3":"status-publish","4":"has-post-thumbnail","6":"rodzaj-ksiazki","7":"product_cat-literaturoznawstwo","8":"product_tag-dariusz-piotrowiak","10":"first","11":"instock","12":"taxable","13":"shipping-taxable","14":"purchasable","15":"product-type-simple"},"acf":[],"_links":{"self":[{"href":"https:\/\/wydawnictwo.ug.edu.pl\/en\/wp-json\/wp\/v2\/product\/46086","targetHints":{"allow":["GET"]}}],"collection":[{"href":"https:\/\/wydawnictwo.ug.edu.pl\/en\/wp-json\/wp\/v2\/product"}],"about":[{"href":"https:\/\/wydawnictwo.ug.edu.pl\/en\/wp-json\/wp\/v2\/types\/product"}],"wp:featuredmedia":[{"embeddable":true,"href":"https:\/\/wydawnictwo.ug.edu.pl\/en\/wp-json\/wp\/v2\/media\/27476"}],"wp:attachment":[{"href":"https:\/\/wydawnictwo.ug.edu.pl\/en\/wp-json\/wp\/v2\/media?parent=46086"}],"wp:term":[{"taxonomy":"journal","embeddable":true,"href":"https:\/\/wydawnictwo.ug.edu.pl\/en\/wp-json\/wp\/v2\/journal?post=46086"},{"taxonomy":"rodzaj","embeddable":true,"href":"https:\/\/wydawnictwo.ug.edu.pl\/en\/wp-json\/wp\/v2\/rodzaj?post=46086"},{"taxonomy":"seria","embeddable":true,"href":"https:\/\/wydawnictwo.ug.edu.pl\/en\/wp-json\/wp\/v2\/seria?post=46086"},{"taxonomy":"product_brand","embeddable":true,"href":"https:\/\/wydawnictwo.ug.edu.pl\/en\/wp-json\/wp\/v2\/product_brand?post=46086"},{"taxonomy":"product_cat","embeddable":true,"href":"https:\/\/wydawnictwo.ug.edu.pl\/en\/wp-json\/wp\/v2\/product_cat?post=46086"},{"taxonomy":"product_tag","embeddable":true,"href":"https:\/\/wydawnictwo.ug.edu.pl\/en\/wp-json\/wp\/v2\/product_tag?post=46086"}],"curies":[{"name":"wp","href":"https:\/\/api.w.org\/{rel}","templated":true}]}}