{"id":46085,"date":"2023-11-28T08:13:51","date_gmt":"2023-11-28T08:13:51","guid":{"rendered":"https:\/\/wydawnictwo.ug.edu.pl\/ksiegarnia-online\/uncategorized\/koncepcja-jus-post-bellum-w-prawie-miedzynarodowym\/"},"modified":"2026-02-11T13:07:35","modified_gmt":"2026-02-11T13:07:35","slug":"koncepcja-jus-post-bellum-w-prawie-miedzynarodowym","status":"publish","type":"product","link":"https:\/\/wydawnictwo.ug.edu.pl\/en\/ksiegarnia-online\/prawo-i-administracja\/koncepcja-jus-post-bellum-w-prawie-miedzynarodowym\/","title":{"rendered":"Koncepcja jus post bellum w prawie mi\u0119dzynarodowym"},"content":{"rendered":"","protected":false},"excerpt":{"rendered":"<p>\u201eG\u0142\u00f3wnym problemem badawczym podj\u0119tym w monografii jest budowa trwa\u0142ego, sprawiedliwego i zr\u00f3wnowa\u017conego pokoju po zako\u0144czeniu konfliktu zbrojnego w ramach kompleksowej analizy normatywnej potencjalnego porz\u0105dku prawnego <em>jus post bellum<\/em> w prawie mi\u0119dzynarodowym. Akceptowalna powszechnie w prawie mi\u0119dzynarodowym teoria sprawiedliwo\u015bci, cechuj\u0105ca analizowany porz\u0105dek prawny jus post bellum, b\u0119dzie mia\u0142a wi\u0119c za zadanie zakre\u015bli\u0107 szerokie fundamenty normatywne wynikaj\u0105ce z tradycji wojny sprawiedliwej. Stanie si\u0119 to mo\u017cliwe poprzez pe\u0142n\u0105 konceptualizacj\u0119 <em>jus post bellum<\/em> z punktu widzenia nie tylko obowi\u0105zuj\u0105cego mi\u0119dzynarodowego prawa humanitarnego\u201d.<\/p>\n<p style=\"text-align: right;\">Fragment <em>Wst\u0119pu<\/em><\/p>\n<p>\u201e(\u2026) opracowanie dotyczy bardzo wa\u017cnego, aktualnego i interesuj\u0105cego problemu zar\u00f3wno z punktu widzenia historii i tera\u017aniejszo\u015bci, jak i przysz\u0142o\u015bci prawa mi\u0119dzynarodowego publicznego. Fenomen wojny od dawna jest przedmiotem regulacji na poziomie mi\u0119dzynarodowym i to w trzech wymiarach: prawa do wojny (<em>jus ad bellum<\/em>), w trakcie wojny (<em>jus in bello<\/em>) i w przeciwdzia\u0142aniu wojnom (<em>jus contra bellum<\/em>). Liczne kon\ufb02ikty zbrojne ostatnich kilkudziesi\u0119ciu lat (np. w by\u0142ej Jugos\u0142awii, Iraku czy Afganistanie) zmusi\u0142y spo\u0142eczno\u015b\u0107 mi\u0119dzynarodow\u0105 do poszukiwania rozwi\u0105za\u0144 systemowych w zakresie organizacji \u017cycia ekonomicznego, politycznego i spo\u0142ecznego w pa\u0144stwach ogarni\u0119tych wojn\u0105 tak\u017ce po jej zako\u0144czeniu (<em>jus post bellum<\/em>). Ksi\u0105\u017cka z ca\u0142\u0105 pewno\u015bci\u0105 spotka si\u0119 z zainteresowaniem polskich uczonych, nie tylko prawnik\u00f3w internacjonalist\u00f3w, lecz tak\u017ce np. specjalist\u00f3w od stosunk\u00f3w mi\u0119dzynarodowych czy teoretyk\u00f3w wojskowo\u015bci\u201d.<\/p>\n<p style=\"text-align: right;\">Z recenzji prof. dr hab. Jerzego Zajad\u0142o<\/p>\n","protected":false},"featured_media":27473,"template":"","meta":{"_acf_changed":false},"journal":[],"rodzaj":[7074],"seria":[],"product_brand":[],"product_cat":[6932],"product_tag":[7623],"class_list":{"0":"post-46085","1":"product","2":"type-product","3":"status-publish","4":"has-post-thumbnail","6":"rodzaj-ksiazki","7":"product_cat-prawo-i-administracja","8":"product_tag-marcin-lech","10":"first","11":"instock","12":"taxable","13":"shipping-taxable","14":"purchasable","15":"product-type-simple"},"acf":[],"_links":{"self":[{"href":"https:\/\/wydawnictwo.ug.edu.pl\/en\/wp-json\/wp\/v2\/product\/46085","targetHints":{"allow":["GET"]}}],"collection":[{"href":"https:\/\/wydawnictwo.ug.edu.pl\/en\/wp-json\/wp\/v2\/product"}],"about":[{"href":"https:\/\/wydawnictwo.ug.edu.pl\/en\/wp-json\/wp\/v2\/types\/product"}],"wp:featuredmedia":[{"embeddable":true,"href":"https:\/\/wydawnictwo.ug.edu.pl\/en\/wp-json\/wp\/v2\/media\/27473"}],"wp:attachment":[{"href":"https:\/\/wydawnictwo.ug.edu.pl\/en\/wp-json\/wp\/v2\/media?parent=46085"}],"wp:term":[{"taxonomy":"journal","embeddable":true,"href":"https:\/\/wydawnictwo.ug.edu.pl\/en\/wp-json\/wp\/v2\/journal?post=46085"},{"taxonomy":"rodzaj","embeddable":true,"href":"https:\/\/wydawnictwo.ug.edu.pl\/en\/wp-json\/wp\/v2\/rodzaj?post=46085"},{"taxonomy":"seria","embeddable":true,"href":"https:\/\/wydawnictwo.ug.edu.pl\/en\/wp-json\/wp\/v2\/seria?post=46085"},{"taxonomy":"product_brand","embeddable":true,"href":"https:\/\/wydawnictwo.ug.edu.pl\/en\/wp-json\/wp\/v2\/product_brand?post=46085"},{"taxonomy":"product_cat","embeddable":true,"href":"https:\/\/wydawnictwo.ug.edu.pl\/en\/wp-json\/wp\/v2\/product_cat?post=46085"},{"taxonomy":"product_tag","embeddable":true,"href":"https:\/\/wydawnictwo.ug.edu.pl\/en\/wp-json\/wp\/v2\/product_tag?post=46085"}],"curies":[{"name":"wp","href":"https:\/\/api.w.org\/{rel}","templated":true}]}}