{"id":46083,"date":"2024-05-21T08:30:45","date_gmt":"2024-05-21T08:30:45","guid":{"rendered":"https:\/\/wydawnictwo.ug.edu.pl\/ksiegarnia-online\/uncategorized\/start-i-rozwoj-przedsiebiorstw-jak-rozpoczac-wlasna-dzialalnosc-gospodarcza-i-osiagnac-sukces\/"},"modified":"2026-02-11T12:41:24","modified_gmt":"2026-02-11T12:41:24","slug":"start-i-rozwoj-przedsiebiorstw-jak-rozpoczac-wlasna-dzialalnosc-gospodarcza-i-osiagnac-sukces","status":"publish","type":"product","link":"https:\/\/wydawnictwo.ug.edu.pl\/en\/ksiegarnia-online\/ekonomia\/start-i-rozwoj-przedsiebiorstw-jak-rozpoczac-wlasna-dzialalnosc-gospodarcza-i-osiagnac-sukces\/","title":{"rendered":"Start i rozw\u00f3j przedsi\u0119biorstw. Jak rozpocz\u0105\u0107 w\u0142asn\u0105 dzia\u0142alno\u015b\u0107 gospodarcz\u0105 i osi\u0105gn\u0105\u0107 sukces?"},"content":{"rendered":"","protected":false},"excerpt":{"rendered":"<p>Autorzy: naukowcy, konsultanci i praktycy biznesu w poni\u017cszej publikacji odpowiadaj\u0105 na pytanie: jak rozpocz\u0105\u0107 w\u0142asn\u0105 dzia\u0142alno\u015b\u0107 i osi\u0105gn\u0105\u0107 sukces? Czytelnik znajdzie tu kluczowe zagadnienia dotycz\u0105ce tworzenia i rozwoju przedsi\u0119biorstw, m.in.: prawne podstawy dzia\u0142alno\u015bci gospodarczej, modele biznesowe, badania rynku i grup docelowych, czy \u017ar\u00f3d\u0142a finansowania dzia\u0142alno\u015bci gospodarczej. Ponadto dowie si\u0119, co determinuje sukces organizacji.<\/p>\n<p>Ksi\u0105\u017cka zawiera przegl\u0105d \u015bwiatowych publikacji, wyniki wieloletnich bada\u0144 empirycznych przeprowadzonych na du\u017cych pr\u00f3bach polskich przedsi\u0119biorc\u00f3w, a tak\u017ce pog\u0142\u0119bione studia przypadk\u00f3w przedsi\u0119biorstw, kt\u00f3re odnios\u0142y gospodarczy sukces.<\/p>\n","protected":false},"featured_media":29050,"template":"","meta":{"_acf_changed":false},"journal":[],"rodzaj":[7074],"seria":[],"product_brand":[],"product_cat":[6934],"product_tag":[7620,7621,7357],"class_list":{"0":"post-46083","1":"product","2":"type-product","3":"status-publish","4":"has-post-thumbnail","6":"rodzaj-ksiazki","7":"product_cat-ekonomia","8":"product_tag-marek-szczepaniec","9":"product_tag-maria-sierpinska","10":"product_tag-przemyslaw-kulawczukprzemyslaw-kulawczuk","12":"first","13":"instock","14":"taxable","15":"shipping-taxable","16":"product-type-simple"},"acf":[],"_links":{"self":[{"href":"https:\/\/wydawnictwo.ug.edu.pl\/en\/wp-json\/wp\/v2\/product\/46083","targetHints":{"allow":["GET"]}}],"collection":[{"href":"https:\/\/wydawnictwo.ug.edu.pl\/en\/wp-json\/wp\/v2\/product"}],"about":[{"href":"https:\/\/wydawnictwo.ug.edu.pl\/en\/wp-json\/wp\/v2\/types\/product"}],"wp:featuredmedia":[{"embeddable":true,"href":"https:\/\/wydawnictwo.ug.edu.pl\/en\/wp-json\/wp\/v2\/media\/29050"}],"wp:attachment":[{"href":"https:\/\/wydawnictwo.ug.edu.pl\/en\/wp-json\/wp\/v2\/media?parent=46083"}],"wp:term":[{"taxonomy":"journal","embeddable":true,"href":"https:\/\/wydawnictwo.ug.edu.pl\/en\/wp-json\/wp\/v2\/journal?post=46083"},{"taxonomy":"rodzaj","embeddable":true,"href":"https:\/\/wydawnictwo.ug.edu.pl\/en\/wp-json\/wp\/v2\/rodzaj?post=46083"},{"taxonomy":"seria","embeddable":true,"href":"https:\/\/wydawnictwo.ug.edu.pl\/en\/wp-json\/wp\/v2\/seria?post=46083"},{"taxonomy":"product_brand","embeddable":true,"href":"https:\/\/wydawnictwo.ug.edu.pl\/en\/wp-json\/wp\/v2\/product_brand?post=46083"},{"taxonomy":"product_cat","embeddable":true,"href":"https:\/\/wydawnictwo.ug.edu.pl\/en\/wp-json\/wp\/v2\/product_cat?post=46083"},{"taxonomy":"product_tag","embeddable":true,"href":"https:\/\/wydawnictwo.ug.edu.pl\/en\/wp-json\/wp\/v2\/product_tag?post=46083"}],"curies":[{"name":"wp","href":"https:\/\/api.w.org\/{rel}","templated":true}]}}