{"id":46082,"date":"2024-05-24T06:14:39","date_gmt":"2024-05-24T06:14:39","guid":{"rendered":"https:\/\/wydawnictwo.ug.edu.pl\/ksiegarnia-online\/uncategorized\/analisis-estilistico-de-monumentos-literarios-espanoles\/"},"modified":"2026-02-11T12:41:22","modified_gmt":"2026-02-11T12:41:22","slug":"analisis-estilistico-de-monumentos-literarios-espanoles","status":"publish","type":"product","link":"https:\/\/wydawnictwo.ug.edu.pl\/en\/ksiegarnia-online\/jezykoznawstwo\/analisis-estilistico-de-monumentos-literarios-espanoles\/","title":{"rendered":"An\u00e1lisis estil\u00edstico de monumentos literarios espa\u00f1oles"},"content":{"rendered":"","protected":false},"excerpt":{"rendered":"<p>El t\u00edtulo de la monograf\u00eda indica el car\u00e1cter interdisciplinario del trabajo, puesto que su tema est\u00e1 relacionado con el concepto de estilo, el cual puede ser considerado desde el punto de vista de los estudios literarios, ling\u00fc\u00edsticos o traductol\u00f3gicos, al igual que ser examina do como un elemento indispensable de la ret\u00f3rica o los estudios del discurso. Es, por lo tanto, un concepto com\u00fan a muchas disciplinas cient\u00edficas incluidas en las Humanidades, ampliamente entendidas, y as\u00ed debe ser tratado en la monograf\u00eda rese\u00f1ada.<\/p>\n<p>El material de investigaci\u00f3n son algunas de las obras m\u00e1s antiguas de la literatura en lengua castellana (espa\u00f1ola), creadas a partir del siglo XII. Se trata de aquellas obras que han pasado a la historia de la literatura espa\u00f1ola de forma excepcional, por lo que la autora utiliza el t\u00e9rmino \u201cmonumento\u201d para referirse a ellas.<\/p>\n<p>El libro es, sin duda, una monograf\u00eda pluridimensional, interdisci plinaria y multidireccional. Est\u00e1 conectado con la Estil\u00edstica, es decir, con una disciplina del campo de la investigaci\u00f3n human\u00edstica que todav\u00eda no ha sido claramente definida ni ubicada con precisi\u00f3n en la lista de disciplinas cient\u00edficas. Esto, por un lado, dificulta la investi gaci\u00f3n cient\u00edfica en este \u00e1mbito, pero, por otro, plantea un reto inte resante y ambicioso que puede contribuir a su desarrollo.<\/p>\n<p>De la rese\u00f1a de la Prof\u00aa. UMCS Dr\u00aa. Hab. Beata Brzozowska-Zburzy\u0144ska<\/p>\n","protected":false},"featured_media":29105,"template":"","meta":{"_acf_changed":false},"journal":[],"rodzaj":[2602],"seria":[],"product_brand":[],"product_cat":[254],"product_tag":[2428],"class_list":{"0":"post-46082","1":"product","2":"type-product","3":"status-publish","4":"has-post-thumbnail","6":"rodzaj-ksiazki","7":"product_cat-jezykoznawstwo","8":"product_tag-inna-shaludko","10":"first","11":"instock","12":"taxable","13":"shipping-taxable","14":"purchasable","15":"product-type-simple"},"acf":[],"_links":{"self":[{"href":"https:\/\/wydawnictwo.ug.edu.pl\/en\/wp-json\/wp\/v2\/product\/46082","targetHints":{"allow":["GET"]}}],"collection":[{"href":"https:\/\/wydawnictwo.ug.edu.pl\/en\/wp-json\/wp\/v2\/product"}],"about":[{"href":"https:\/\/wydawnictwo.ug.edu.pl\/en\/wp-json\/wp\/v2\/types\/product"}],"wp:featuredmedia":[{"embeddable":true,"href":"https:\/\/wydawnictwo.ug.edu.pl\/en\/wp-json\/wp\/v2\/media\/29105"}],"wp:attachment":[{"href":"https:\/\/wydawnictwo.ug.edu.pl\/en\/wp-json\/wp\/v2\/media?parent=46082"}],"wp:term":[{"taxonomy":"journal","embeddable":true,"href":"https:\/\/wydawnictwo.ug.edu.pl\/en\/wp-json\/wp\/v2\/journal?post=46082"},{"taxonomy":"rodzaj","embeddable":true,"href":"https:\/\/wydawnictwo.ug.edu.pl\/en\/wp-json\/wp\/v2\/rodzaj?post=46082"},{"taxonomy":"seria","embeddable":true,"href":"https:\/\/wydawnictwo.ug.edu.pl\/en\/wp-json\/wp\/v2\/seria?post=46082"},{"taxonomy":"product_brand","embeddable":true,"href":"https:\/\/wydawnictwo.ug.edu.pl\/en\/wp-json\/wp\/v2\/product_brand?post=46082"},{"taxonomy":"product_cat","embeddable":true,"href":"https:\/\/wydawnictwo.ug.edu.pl\/en\/wp-json\/wp\/v2\/product_cat?post=46082"},{"taxonomy":"product_tag","embeddable":true,"href":"https:\/\/wydawnictwo.ug.edu.pl\/en\/wp-json\/wp\/v2\/product_tag?post=46082"}],"curies":[{"name":"wp","href":"https:\/\/api.w.org\/{rel}","templated":true}]}}