{"id":46081,"date":"2024-06-27T09:20:53","date_gmt":"2024-06-27T09:20:53","guid":{"rendered":"https:\/\/wydawnictwo.ug.edu.pl\/ksiegarnia-online\/uncategorized\/obywatele-tworza-ustawy-inicjatywa-ustawodawcza-obywateli-w-panstwach-europy-srodkowej\/"},"modified":"2026-02-11T12:41:19","modified_gmt":"2026-02-11T12:41:19","slug":"obywatele-tworza-ustawy-inicjatywa-ustawodawcza-obywateli-w-panstwach-europy-srodkowej","status":"publish","type":"product","link":"https:\/\/wydawnictwo.ug.edu.pl\/en\/ksiegarnia-online\/prawo-i-administracja\/obywatele-tworza-ustawy-inicjatywa-ustawodawcza-obywateli-w-panstwach-europy-srodkowej\/","title":{"rendered":"Obywatele tworz\u0105 ustawy. Inicjatywa ustawodawcza obywateli w pa\u0144stwach Europy \u015arodkowej"},"content":{"rendered":"","protected":false},"excerpt":{"rendered":"<p>Inicjatywa ustawodawcza obywateli staje si\u0119 coraz bardziej popularna, co skutkuje wzrostem liczby projekt\u00f3w ustaw zg\u0142aszanych przez mieszka\u0144c\u00f3w r\u00f3\u017cnych kraj\u00f3w. Szczeg\u00f3lnie nowatorskim podej\u015bciem do przepis\u00f3w dotycz\u0105cych oddolnego inicjowania ustaw, wyr\u00f3\u017cniaj\u0105 si\u0119 pa\u0144stwa Europy \u015arodkowej.<\/p>\n<p>Wraz z ci\u0105g\u0142ymi zmianami prawa reguluj\u0105cego te inicjatywy, zmienia si\u0119 r\u00f3wnie\u017c spos\u00f3b ich realizacji. Coraz cz\u0119\u015bciej wykorzystuje si\u0119 internet do zbierania poparcia dla obywatelskich projekt\u00f3w ustaw. Zmiany obejmuj\u0105 tak\u017ce inne aspekty, prowadz\u0105c m.in. do wzmocnienia roli przedstawicieli inicjator\u00f3w w procesie parlamentarnym. Wszystko to sprawia, \u017ce warto ponownie przyjrze\u0107 si\u0119 przepisom prawnym dotycz\u0105cym inicjatywy ustawodawczej obywateli oraz sposobom ich realizacji.<\/p>\n<p>Seria: Aktualne Problemy Demokracji Partycypacyjnej<\/p>\n","protected":false},"featured_media":29319,"template":"","meta":{"_acf_changed":false},"journal":[],"rodzaj":[2602,2604],"seria":[6736],"product_brand":[],"product_cat":[232],"product_tag":[429],"class_list":{"0":"post-46081","1":"product","2":"type-product","3":"status-publish","4":"has-post-thumbnail","6":"rodzaj-ksiazki","7":"rodzaj-serie-wydawnicze","8":"seria-aktualne-problemy-demokracji-partycypacyjnej","9":"product_cat-prawo-i-administracja","10":"product_tag-piotr-uzieblo","12":"first","13":"instock","14":"taxable","15":"shipping-taxable","16":"purchasable","17":"product-type-simple"},"acf":[],"_links":{"self":[{"href":"https:\/\/wydawnictwo.ug.edu.pl\/en\/wp-json\/wp\/v2\/product\/46081","targetHints":{"allow":["GET"]}}],"collection":[{"href":"https:\/\/wydawnictwo.ug.edu.pl\/en\/wp-json\/wp\/v2\/product"}],"about":[{"href":"https:\/\/wydawnictwo.ug.edu.pl\/en\/wp-json\/wp\/v2\/types\/product"}],"wp:featuredmedia":[{"embeddable":true,"href":"https:\/\/wydawnictwo.ug.edu.pl\/en\/wp-json\/wp\/v2\/media\/29319"}],"wp:attachment":[{"href":"https:\/\/wydawnictwo.ug.edu.pl\/en\/wp-json\/wp\/v2\/media?parent=46081"}],"wp:term":[{"taxonomy":"journal","embeddable":true,"href":"https:\/\/wydawnictwo.ug.edu.pl\/en\/wp-json\/wp\/v2\/journal?post=46081"},{"taxonomy":"rodzaj","embeddable":true,"href":"https:\/\/wydawnictwo.ug.edu.pl\/en\/wp-json\/wp\/v2\/rodzaj?post=46081"},{"taxonomy":"seria","embeddable":true,"href":"https:\/\/wydawnictwo.ug.edu.pl\/en\/wp-json\/wp\/v2\/seria?post=46081"},{"taxonomy":"product_brand","embeddable":true,"href":"https:\/\/wydawnictwo.ug.edu.pl\/en\/wp-json\/wp\/v2\/product_brand?post=46081"},{"taxonomy":"product_cat","embeddable":true,"href":"https:\/\/wydawnictwo.ug.edu.pl\/en\/wp-json\/wp\/v2\/product_cat?post=46081"},{"taxonomy":"product_tag","embeddable":true,"href":"https:\/\/wydawnictwo.ug.edu.pl\/en\/wp-json\/wp\/v2\/product_tag?post=46081"}],"curies":[{"name":"wp","href":"https:\/\/api.w.org\/{rel}","templated":true}]}}