{"id":46078,"date":"2024-07-04T13:10:52","date_gmt":"2024-07-04T13:10:52","guid":{"rendered":"https:\/\/wydawnictwo.ug.edu.pl\/ksiegarnia-online\/uncategorized\/spoleczne-czynniki-upadku-i-trwania-klubow-sportowych-w-okresie-transformacji-ustrojowej-w-polsce\/"},"modified":"2026-02-11T12:41:14","modified_gmt":"2026-02-11T12:41:14","slug":"spoleczne-czynniki-upadku-i-trwania-klubow-sportowych-w-okresie-transformacji-ustrojowej-w-polsce","status":"publish","type":"product","link":"https:\/\/wydawnictwo.ug.edu.pl\/en\/ksiegarnia-online\/socjologia\/spoleczne-czynniki-upadku-i-trwania-klubow-sportowych-w-okresie-transformacji-ustrojowej-w-polsce\/","title":{"rendered":"Spo\u0142eczne czynniki upadku i trwania klub\u00f3w sportowych w okresie transformacji ustrojowej w Polsce"},"content":{"rendered":"","protected":false},"excerpt":{"rendered":"<p>Monografia jest bardzo interesuj\u0105cym studium przypadk\u00f3w polskich klub\u00f3w sportowych przechodz\u0105cych przez spo\u0142eczne, polityczne i ekonomiczne turbulencje okresu transformacji ustrojowej w Polsce po roku 1989. Bior\u0105c pod uwag\u0119 zakres czasowy analizy prezentowanej przez autora, nale\u017cy wskaza\u0107, \u017ce czas transformacji stanowi centrum jego zainteresowa\u0144, jednak znacznie poprzedza rok 1989, i wykracza poza okres transformacji spo\u0142eczno-ekonomicznej. [\u2026] Tego typu prac, z tak pog\u0142\u0119bion\u0105 i wielow\u0105tkow\u0105 analiz\u0105 statyki i dynamiki funkcjonowania klub\u00f3w sportowych w Polsce w wybranym okresie, jeszcze nie by\u0142o.<\/p>\n<p style=\"text-align: right;\"><em>Z recenzji dr. hab. Micha\u0142a Lenartowicza, prof. AWF<\/em><\/p>\n","protected":false},"featured_media":28952,"template":"","meta":{"_acf_changed":false},"journal":[],"rodzaj":[2602],"seria":[],"product_brand":[],"product_cat":[269],"product_tag":[2410],"class_list":{"0":"post-46078","1":"product","2":"type-product","3":"status-publish","4":"has-post-thumbnail","6":"rodzaj-ksiazki","7":"product_cat-socjologia","8":"product_tag-dobroslaw-mankowski","10":"first","11":"instock","12":"taxable","13":"shipping-taxable","14":"purchasable","15":"product-type-simple"},"acf":[],"_links":{"self":[{"href":"https:\/\/wydawnictwo.ug.edu.pl\/en\/wp-json\/wp\/v2\/product\/46078","targetHints":{"allow":["GET"]}}],"collection":[{"href":"https:\/\/wydawnictwo.ug.edu.pl\/en\/wp-json\/wp\/v2\/product"}],"about":[{"href":"https:\/\/wydawnictwo.ug.edu.pl\/en\/wp-json\/wp\/v2\/types\/product"}],"wp:featuredmedia":[{"embeddable":true,"href":"https:\/\/wydawnictwo.ug.edu.pl\/en\/wp-json\/wp\/v2\/media\/28952"}],"wp:attachment":[{"href":"https:\/\/wydawnictwo.ug.edu.pl\/en\/wp-json\/wp\/v2\/media?parent=46078"}],"wp:term":[{"taxonomy":"journal","embeddable":true,"href":"https:\/\/wydawnictwo.ug.edu.pl\/en\/wp-json\/wp\/v2\/journal?post=46078"},{"taxonomy":"rodzaj","embeddable":true,"href":"https:\/\/wydawnictwo.ug.edu.pl\/en\/wp-json\/wp\/v2\/rodzaj?post=46078"},{"taxonomy":"seria","embeddable":true,"href":"https:\/\/wydawnictwo.ug.edu.pl\/en\/wp-json\/wp\/v2\/seria?post=46078"},{"taxonomy":"product_brand","embeddable":true,"href":"https:\/\/wydawnictwo.ug.edu.pl\/en\/wp-json\/wp\/v2\/product_brand?post=46078"},{"taxonomy":"product_cat","embeddable":true,"href":"https:\/\/wydawnictwo.ug.edu.pl\/en\/wp-json\/wp\/v2\/product_cat?post=46078"},{"taxonomy":"product_tag","embeddable":true,"href":"https:\/\/wydawnictwo.ug.edu.pl\/en\/wp-json\/wp\/v2\/product_tag?post=46078"}],"curies":[{"name":"wp","href":"https:\/\/api.w.org\/{rel}","templated":true}]}}