{"id":46077,"date":"2024-07-05T09:56:25","date_gmt":"2024-07-05T09:56:25","guid":{"rendered":"https:\/\/wydawnictwo.ug.edu.pl\/ksiegarnia-online\/uncategorized\/studia-historica-gedanensia-bastard-bekart-wyleganiec-obyczajowe-i-prawne-aspekty-losu-dzieci-nieslubnych-w-dziejach-tom-xv-2024-cz-i\/"},"modified":"2026-02-11T12:41:10","modified_gmt":"2026-02-11T12:41:10","slug":"studia-historica-gedanensia-bastard-bekart-wyleganiec-obyczajowe-i-prawne-aspekty-losu-dzieci-nieslubnych-w-dziejach-tom-xv-2024-cz-i","status":"publish","type":"product","link":"https:\/\/wydawnictwo.ug.edu.pl\/en\/ksiegarnia-online\/historia\/studia-historica-gedanensia-bastard-bekart-wyleganiec-obyczajowe-i-prawne-aspekty-losu-dzieci-nieslubnych-w-dziejach-tom-xv-2024-cz-i\/","title":{"rendered":"Studia Historica Gedanensia. Tom XV (2024), cz. 1"},"content":{"rendered":"","protected":false},"excerpt":{"rendered":"<p>\u201eStudia Historica Gedanensia. Bastard, b\u0119kart, wyl\u0119ganiec. Obyczajowe i prawne aspekty losu dzieci nie\u015blubnych w dziejach. Tom XV (2024), cz. 1\u201d<\/p>\n<p>\u201eStudia Historica Gedanensia\u201d to rocznik humanistyczny publikuj\u0105cy teksty o tematyce historycznej. Istnieje od 2010 r. Wydaje tomy tematyczne, z przydzielonymi do ka\u017cdego redaktorami tematycznymi. W ka\u017cdym z tom\u00f3w redakcja d\u0105\u017cy, aby obecne by\u0142y artyku\u0142y obejmuj\u0105ce epok\u0119 staro\u017cytno\u015bci, przez \u015bredniowiecze, czasy nowo\u017cytne, wiek XIX i XX.<\/p>\n<p><a href=\"https:\/\/ejournals.eu\/czasopismo\/studia-historica-gedanensia\/numer\/tom-15-2024-1\">Pobierz e-book<\/a><\/p>\n","protected":false},"featured_media":29486,"template":"","meta":{"_acf_changed":false},"journal":[6858],"rodzaj":[6667],"seria":[],"product_brand":[],"product_cat":[229],"product_tag":[1114,2432],"class_list":{"0":"post-46077","1":"product","2":"type-product","3":"status-publish","4":"has-post-thumbnail","6":"journal-studia-historica-gedanensia","7":"rodzaj-czasopismo","8":"product_cat-historia","9":"product_tag-aleksandra-girsztowt","10":"product_tag-julia-mozdzen","12":"first","13":"instock","14":"taxable","15":"shipping-taxable","16":"purchasable","17":"product-type-simple"},"acf":[],"_links":{"self":[{"href":"https:\/\/wydawnictwo.ug.edu.pl\/en\/wp-json\/wp\/v2\/product\/46077","targetHints":{"allow":["GET"]}}],"collection":[{"href":"https:\/\/wydawnictwo.ug.edu.pl\/en\/wp-json\/wp\/v2\/product"}],"about":[{"href":"https:\/\/wydawnictwo.ug.edu.pl\/en\/wp-json\/wp\/v2\/types\/product"}],"wp:featuredmedia":[{"embeddable":true,"href":"https:\/\/wydawnictwo.ug.edu.pl\/en\/wp-json\/wp\/v2\/media\/29486"}],"wp:attachment":[{"href":"https:\/\/wydawnictwo.ug.edu.pl\/en\/wp-json\/wp\/v2\/media?parent=46077"}],"wp:term":[{"taxonomy":"journal","embeddable":true,"href":"https:\/\/wydawnictwo.ug.edu.pl\/en\/wp-json\/wp\/v2\/journal?post=46077"},{"taxonomy":"rodzaj","embeddable":true,"href":"https:\/\/wydawnictwo.ug.edu.pl\/en\/wp-json\/wp\/v2\/rodzaj?post=46077"},{"taxonomy":"seria","embeddable":true,"href":"https:\/\/wydawnictwo.ug.edu.pl\/en\/wp-json\/wp\/v2\/seria?post=46077"},{"taxonomy":"product_brand","embeddable":true,"href":"https:\/\/wydawnictwo.ug.edu.pl\/en\/wp-json\/wp\/v2\/product_brand?post=46077"},{"taxonomy":"product_cat","embeddable":true,"href":"https:\/\/wydawnictwo.ug.edu.pl\/en\/wp-json\/wp\/v2\/product_cat?post=46077"},{"taxonomy":"product_tag","embeddable":true,"href":"https:\/\/wydawnictwo.ug.edu.pl\/en\/wp-json\/wp\/v2\/product_tag?post=46077"}],"curies":[{"name":"wp","href":"https:\/\/api.w.org\/{rel}","templated":true}]}}