{"id":46076,"date":"2024-07-07T07:25:41","date_gmt":"2024-07-07T07:25:41","guid":{"rendered":"https:\/\/wydawnictwo.ug.edu.pl\/ksiegarnia-online\/uncategorized\/wnioskowanie-na-podstawie-prob-losowych-i-nielosowych\/"},"modified":"2026-02-11T12:41:07","modified_gmt":"2026-02-11T12:41:07","slug":"wnioskowanie-na-podstawie-prob-losowych-i-nielosowych","status":"publish","type":"product","link":"https:\/\/wydawnictwo.ug.edu.pl\/en\/ksiegarnia-online\/ekonomia\/wnioskowanie-na-podstawie-prob-losowych-i-nielosowych\/","title":{"rendered":"Wnioskowanie na podstawie pr\u00f3b losowych i nielosowych"},"content":{"rendered":"","protected":false},"excerpt":{"rendered":"<p>Ksi\u0105\u017cka prezentuje zar\u00f3wno teoretyczne ramy wnioskowania statystycznego, jak i praktyczne problemy i dylematy zwi\u0105zane z mo\u017cliwo\u015bciami uog\u00f3lnie\u0144 na podstawie pr\u00f3b nielosowych. Autorzy koncentruj\u0105 si\u0119 przede wszystkim na tych zagadnieniach, kt\u00f3re dla realizator\u00f3w bada\u0144 pr\u00f3bkowych \u2013 niezale\u017cnie od ich problematyki \u2013 stanowi\u0105 wsp\u00f3\u0142cze\u015bnie nowe, nie\u0142atwe wyzwania. Do najwa\u017cniejszych z nich nale\u017c\u0105: potrzeba i sposoby wykorzystania dodatkowej informacji o badanej populacji, niemo\u017cno\u015b\u0107 uzyskania pr\u00f3by spe\u0142niaj\u0105cej warunki losowo\u015bci, implikacje du\u017cych liczebnie pr\u00f3b dla estymacji i testowania hipotez. Monografi\u0119 mo\u017cna traktowa\u0107 jako uzupe\u0142nienie dyskusji o teorii i praktyce wsp\u00f3\u0142czesnych bada\u0144 statystycznych, kt\u00f3r\u0105 otwiera wcze\u015bniejsza praca autor\u00f3w pt. <a href=\"https:\/\/wydawnictwo.ug.edu.pl\/produkt\/informacje-spoza-proby-w-badaniach-statystycznych\/\"><em>Informacje spoza pr\u00f3by w badaniach statystycznych<\/em><\/a> (Wydawnictwo Uniwersytetu Gda\u0144skiego, 2020).<\/p>\n<p><a href=\"https:\/\/wydawnictwo.ug.edu.pl\/wp-content\/uploads\/2025\/03\/3019_24-Polityka-Spo_eczna-nr-9_2024_recenzja_do-internetu2.pdf\">Recenzja<\/a> Zenona Wi\u015bniewskiego w czasopi\u015bmie \u201ePolityka Spo\u0142eczna\u201d (nr 9\/2024, s. 35\u201336).<\/p>\n<p><a href=\"https:\/\/wydawnictwo.ug.edu.pl\/wp-content\/uploads\/2025\/03\/gus_ws_2025_02_andrzej_mlodak_recenzja_ksiazki_miroslawa_szredera_i_arkadiusza_kozlowskiego3.pdf\">Recenzja<\/a> Andrzeja M\u0142odaka w czasopi\u015bmie \u201eWiadomo\u015bci Statystyczne\u201d (2025, 70(2), s. 84\u201389).<\/p>\n","protected":false},"featured_media":29540,"template":"","meta":{"_acf_changed":false},"journal":[],"rodzaj":[2602],"seria":[],"product_brand":[],"product_cat":[266],"product_tag":[783,243],"class_list":{"0":"post-46076","1":"product","2":"type-product","3":"status-publish","4":"has-post-thumbnail","6":"rodzaj-ksiazki","7":"product_cat-ekonomia","8":"product_tag-arkadiusz-kozlowski","9":"product_tag-miroslaw-szreder","11":"first","12":"instock","13":"taxable","14":"shipping-taxable","15":"purchasable","16":"product-type-simple"},"acf":[],"_links":{"self":[{"href":"https:\/\/wydawnictwo.ug.edu.pl\/en\/wp-json\/wp\/v2\/product\/46076","targetHints":{"allow":["GET"]}}],"collection":[{"href":"https:\/\/wydawnictwo.ug.edu.pl\/en\/wp-json\/wp\/v2\/product"}],"about":[{"href":"https:\/\/wydawnictwo.ug.edu.pl\/en\/wp-json\/wp\/v2\/types\/product"}],"wp:featuredmedia":[{"embeddable":true,"href":"https:\/\/wydawnictwo.ug.edu.pl\/en\/wp-json\/wp\/v2\/media\/29540"}],"wp:attachment":[{"href":"https:\/\/wydawnictwo.ug.edu.pl\/en\/wp-json\/wp\/v2\/media?parent=46076"}],"wp:term":[{"taxonomy":"journal","embeddable":true,"href":"https:\/\/wydawnictwo.ug.edu.pl\/en\/wp-json\/wp\/v2\/journal?post=46076"},{"taxonomy":"rodzaj","embeddable":true,"href":"https:\/\/wydawnictwo.ug.edu.pl\/en\/wp-json\/wp\/v2\/rodzaj?post=46076"},{"taxonomy":"seria","embeddable":true,"href":"https:\/\/wydawnictwo.ug.edu.pl\/en\/wp-json\/wp\/v2\/seria?post=46076"},{"taxonomy":"product_brand","embeddable":true,"href":"https:\/\/wydawnictwo.ug.edu.pl\/en\/wp-json\/wp\/v2\/product_brand?post=46076"},{"taxonomy":"product_cat","embeddable":true,"href":"https:\/\/wydawnictwo.ug.edu.pl\/en\/wp-json\/wp\/v2\/product_cat?post=46076"},{"taxonomy":"product_tag","embeddable":true,"href":"https:\/\/wydawnictwo.ug.edu.pl\/en\/wp-json\/wp\/v2\/product_tag?post=46076"}],"curies":[{"name":"wp","href":"https:\/\/api.w.org\/{rel}","templated":true}]}}