{"id":46075,"date":"2024-07-07T10:19:22","date_gmt":"2024-07-07T10:19:22","guid":{"rendered":"https:\/\/wydawnictwo.ug.edu.pl\/ksiegarnia-online\/uncategorized\/leglislacja-planistyczna\/"},"modified":"2026-02-11T12:41:04","modified_gmt":"2026-02-11T12:41:04","slug":"leglislacja-planistyczna","status":"publish","type":"product","link":"https:\/\/wydawnictwo.ug.edu.pl\/en\/ksiegarnia-online\/prawo-i-administracja\/leglislacja-planistyczna\/","title":{"rendered":"Legislacja planistyczna"},"content":{"rendered":"","protected":false},"excerpt":{"rendered":"<p>Monografia dokumentuje i rozwija dorobek pi\u0105tej konferencji naukowej z cyklu \u201ePrawnicze Forum Gospodarki Przestrzennej i Budownictwa\u201d, organizowanej przez Wydzia\u0142 Prawa i Administracji Uniwersytetu Gda\u0144skiego. Tematem ksi\u0105\u017cki jest rosn\u0105ca liczba akt\u00f3w prawnych dotycz\u0105cych planowania i zagospodarowania przestrzennego, w tym nowe kategorie wprowadzone po nowelizacji ustawy w 2023 roku. Publikacja zawiera opracowania autor\u00f3w, kt\u00f3rzy s\u0105 zar\u00f3wno badaczami, jak i praktykami, dziel\u0105c si\u0119 swoimi do\u015bwiadczeniami i wynikami bada\u0144.<\/p>\n","protected":false},"featured_media":29360,"template":"","meta":{"_acf_changed":false},"journal":[],"rodzaj":[7074],"seria":[],"product_brand":[],"product_cat":[6932],"product_tag":[7610],"class_list":{"0":"post-46075","1":"product","2":"type-product","3":"status-publish","4":"has-post-thumbnail","6":"rodzaj-ksiazki","7":"product_cat-prawo-i-administracja","8":"product_tag-tomasz-bakowski","10":"first","11":"instock","12":"taxable","13":"shipping-taxable","14":"purchasable","15":"product-type-simple"},"acf":[],"_links":{"self":[{"href":"https:\/\/wydawnictwo.ug.edu.pl\/en\/wp-json\/wp\/v2\/product\/46075","targetHints":{"allow":["GET"]}}],"collection":[{"href":"https:\/\/wydawnictwo.ug.edu.pl\/en\/wp-json\/wp\/v2\/product"}],"about":[{"href":"https:\/\/wydawnictwo.ug.edu.pl\/en\/wp-json\/wp\/v2\/types\/product"}],"wp:featuredmedia":[{"embeddable":true,"href":"https:\/\/wydawnictwo.ug.edu.pl\/en\/wp-json\/wp\/v2\/media\/29360"}],"wp:attachment":[{"href":"https:\/\/wydawnictwo.ug.edu.pl\/en\/wp-json\/wp\/v2\/media?parent=46075"}],"wp:term":[{"taxonomy":"journal","embeddable":true,"href":"https:\/\/wydawnictwo.ug.edu.pl\/en\/wp-json\/wp\/v2\/journal?post=46075"},{"taxonomy":"rodzaj","embeddable":true,"href":"https:\/\/wydawnictwo.ug.edu.pl\/en\/wp-json\/wp\/v2\/rodzaj?post=46075"},{"taxonomy":"seria","embeddable":true,"href":"https:\/\/wydawnictwo.ug.edu.pl\/en\/wp-json\/wp\/v2\/seria?post=46075"},{"taxonomy":"product_brand","embeddable":true,"href":"https:\/\/wydawnictwo.ug.edu.pl\/en\/wp-json\/wp\/v2\/product_brand?post=46075"},{"taxonomy":"product_cat","embeddable":true,"href":"https:\/\/wydawnictwo.ug.edu.pl\/en\/wp-json\/wp\/v2\/product_cat?post=46075"},{"taxonomy":"product_tag","embeddable":true,"href":"https:\/\/wydawnictwo.ug.edu.pl\/en\/wp-json\/wp\/v2\/product_tag?post=46075"}],"curies":[{"name":"wp","href":"https:\/\/api.w.org\/{rel}","templated":true}]}}