{"id":46069,"date":"2024-07-16T13:04:01","date_gmt":"2024-07-16T13:04:01","guid":{"rendered":"https:\/\/wydawnictwo.ug.edu.pl\/ksiegarnia-online\/uncategorized\/sad-ostateczny-hansa-memlinga-historia-z-kolorowanka\/"},"modified":"2026-02-11T12:39:31","modified_gmt":"2026-02-11T12:39:31","slug":"sad-ostateczny-hansa-memlinga-historia-z-kolorowanka","status":"publish","type":"product","link":"https:\/\/wydawnictwo.ug.edu.pl\/en\/ksiegarnia-online\/varia\/sad-ostateczny-hansa-memlinga-historia-z-kolorowanka\/","title":{"rendered":"S\u0105d Ostateczny Hansa Memlinga: historia z kolorowank\u0105"},"content":{"rendered":"","protected":false},"excerpt":{"rendered":"<p><em>S\u0105d Ostateczny Hansa Memlinga: historia z kolorowank\u0105<\/em> powsta\u0142a we wsp\u00f3\u0142pracy z Centrum Bada\u0144 Memlingowskich na Uniwersytecie Gda\u0144skim.<\/p>\n<p><a href=\"https:\/\/wydawnictwo.ug.edu.pl\/wp-content\/uploads\/2024\/07\/Memling-1.png\"><img decoding=\"async\" class=\"alignnone wp-image-29558\" src=\"https:\/\/wydawnictwo.ug.edu.pl\/wp-content\/uploads\/2024\/07\/Memling-1.png\" alt=\"\" width=\"133\" height=\"85\" srcset=\"https:\/\/wydawnictwo.ug.edu.pl\/wp-content\/uploads\/2024\/07\/Memling-1.png 844w, https:\/\/wydawnictwo.ug.edu.pl\/wp-content\/uploads\/2024\/07\/Memling-1-600x383.png 600w, https:\/\/wydawnictwo.ug.edu.pl\/wp-content\/uploads\/2024\/07\/Memling-1-300x192.png 300w, https:\/\/wydawnictwo.ug.edu.pl\/wp-content\/uploads\/2024\/07\/Memling-1-768x490.png 768w, https:\/\/wydawnictwo.ug.edu.pl\/wp-content\/uploads\/2024\/07\/Memling-1-640x409.png 640w, https:\/\/wydawnictwo.ug.edu.pl\/wp-content\/uploads\/2024\/07\/Memling-1-400x255.png 400w\" sizes=\"(max-width: 133px) 100vw, 133px\" \/><\/a><\/p>\n","protected":false},"featured_media":29561,"template":"","meta":{"_acf_changed":false},"journal":[],"rodzaj":[7074],"seria":[],"product_brand":[],"product_cat":[6948],"product_tag":[7393,7417],"class_list":{"0":"post-46069","1":"product","2":"type-product","3":"status-publish","4":"has-post-thumbnail","6":"rodzaj-ksiazki","7":"product_cat-varia","8":"product_tag-beata-mozejko","9":"product_tag-joanna-kamienjoanna-kamien","11":"first","12":"instock","13":"taxable","14":"shipping-taxable","15":"purchasable","16":"product-type-simple"},"acf":[],"_links":{"self":[{"href":"https:\/\/wydawnictwo.ug.edu.pl\/en\/wp-json\/wp\/v2\/product\/46069","targetHints":{"allow":["GET"]}}],"collection":[{"href":"https:\/\/wydawnictwo.ug.edu.pl\/en\/wp-json\/wp\/v2\/product"}],"about":[{"href":"https:\/\/wydawnictwo.ug.edu.pl\/en\/wp-json\/wp\/v2\/types\/product"}],"wp:featuredmedia":[{"embeddable":true,"href":"https:\/\/wydawnictwo.ug.edu.pl\/en\/wp-json\/wp\/v2\/media\/29561"}],"wp:attachment":[{"href":"https:\/\/wydawnictwo.ug.edu.pl\/en\/wp-json\/wp\/v2\/media?parent=46069"}],"wp:term":[{"taxonomy":"journal","embeddable":true,"href":"https:\/\/wydawnictwo.ug.edu.pl\/en\/wp-json\/wp\/v2\/journal?post=46069"},{"taxonomy":"rodzaj","embeddable":true,"href":"https:\/\/wydawnictwo.ug.edu.pl\/en\/wp-json\/wp\/v2\/rodzaj?post=46069"},{"taxonomy":"seria","embeddable":true,"href":"https:\/\/wydawnictwo.ug.edu.pl\/en\/wp-json\/wp\/v2\/seria?post=46069"},{"taxonomy":"product_brand","embeddable":true,"href":"https:\/\/wydawnictwo.ug.edu.pl\/en\/wp-json\/wp\/v2\/product_brand?post=46069"},{"taxonomy":"product_cat","embeddable":true,"href":"https:\/\/wydawnictwo.ug.edu.pl\/en\/wp-json\/wp\/v2\/product_cat?post=46069"},{"taxonomy":"product_tag","embeddable":true,"href":"https:\/\/wydawnictwo.ug.edu.pl\/en\/wp-json\/wp\/v2\/product_tag?post=46069"}],"curies":[{"name":"wp","href":"https:\/\/api.w.org\/{rel}","templated":true}]}}