{"id":46068,"date":"2024-07-17T08:50:00","date_gmt":"2024-07-17T08:50:00","guid":{"rendered":"https:\/\/wydawnictwo.ug.edu.pl\/ksiegarnia-online\/uncategorized\/christianitas-antiqua-vol-x-antyczne-dylematy\/"},"modified":"2026-02-11T12:39:29","modified_gmt":"2026-02-11T12:39:29","slug":"christianitas-antiqua-vol-x-antyczne-dylematy","status":"publish","type":"product","link":"https:\/\/wydawnictwo.ug.edu.pl\/en\/ksiegarnia-online\/historia\/christianitas-antiqua-vol-x-antyczne-dylematy\/","title":{"rendered":"Christianitas Antiqua vol. X. Antyczne dylematy"},"content":{"rendered":"","protected":false},"excerpt":{"rendered":"<p>\u201eChristianitas Antiqua\u201d jest periodykiem obejmuj\u0105cym studia i materia\u0142y z zakresu chrze\u015bcija\u0144skiego antyku oraz przemian cywilizacyjnych zachodz\u0105cych pod wp\u0142ywem chrze\u015bcija\u0144stwa pomi\u0119dzy I i VI wiekiem n.e. Czasopismo wsp\u00f3\u0142tworz\u0105 pracownicy Zak\u0142adu Historii Staro\u017cytnej na Wydziale Historycznym Uniwersytetu Gda\u0144skiego.<\/p>\n","protected":false},"featured_media":29546,"template":"","meta":{"_acf_changed":false},"journal":[6716],"rodzaj":[6667],"seria":[],"product_brand":[],"product_cat":[229],"product_tag":[505],"class_list":{"0":"post-46068","1":"product","2":"type-product","3":"status-publish","4":"has-post-thumbnail","6":"journal-christianitas-antiqua","7":"rodzaj-czasopismo","8":"product_cat-historia","9":"product_tag-wojciech-gajewski","11":"first","12":"instock","13":"taxable","14":"shipping-taxable","15":"purchasable","16":"product-type-simple"},"acf":[],"_links":{"self":[{"href":"https:\/\/wydawnictwo.ug.edu.pl\/en\/wp-json\/wp\/v2\/product\/46068","targetHints":{"allow":["GET"]}}],"collection":[{"href":"https:\/\/wydawnictwo.ug.edu.pl\/en\/wp-json\/wp\/v2\/product"}],"about":[{"href":"https:\/\/wydawnictwo.ug.edu.pl\/en\/wp-json\/wp\/v2\/types\/product"}],"wp:featuredmedia":[{"embeddable":true,"href":"https:\/\/wydawnictwo.ug.edu.pl\/en\/wp-json\/wp\/v2\/media\/29546"}],"wp:attachment":[{"href":"https:\/\/wydawnictwo.ug.edu.pl\/en\/wp-json\/wp\/v2\/media?parent=46068"}],"wp:term":[{"taxonomy":"journal","embeddable":true,"href":"https:\/\/wydawnictwo.ug.edu.pl\/en\/wp-json\/wp\/v2\/journal?post=46068"},{"taxonomy":"rodzaj","embeddable":true,"href":"https:\/\/wydawnictwo.ug.edu.pl\/en\/wp-json\/wp\/v2\/rodzaj?post=46068"},{"taxonomy":"seria","embeddable":true,"href":"https:\/\/wydawnictwo.ug.edu.pl\/en\/wp-json\/wp\/v2\/seria?post=46068"},{"taxonomy":"product_brand","embeddable":true,"href":"https:\/\/wydawnictwo.ug.edu.pl\/en\/wp-json\/wp\/v2\/product_brand?post=46068"},{"taxonomy":"product_cat","embeddable":true,"href":"https:\/\/wydawnictwo.ug.edu.pl\/en\/wp-json\/wp\/v2\/product_cat?post=46068"},{"taxonomy":"product_tag","embeddable":true,"href":"https:\/\/wydawnictwo.ug.edu.pl\/en\/wp-json\/wp\/v2\/product_tag?post=46068"}],"curies":[{"name":"wp","href":"https:\/\/api.w.org\/{rel}","templated":true}]}}