{"id":46067,"date":"2024-07-17T09:30:21","date_gmt":"2024-07-17T09:30:21","guid":{"rendered":"https:\/\/wydawnictwo.ug.edu.pl\/ksiegarnia-online\/uncategorized\/wspolpraca-transgraniczna-w-regionie-poludniowego-baltyku-w-swietle-interreg-south-baltic-programme\/"},"modified":"2026-02-11T12:39:27","modified_gmt":"2026-02-11T12:39:27","slug":"wspolpraca-transgraniczna-w-regionie-poludniowego-baltyku-w-swietle-interreg-south-baltic-programme","status":"publish","type":"product","link":"https:\/\/wydawnictwo.ug.edu.pl\/en\/ksiegarnia-online\/ekonomia\/wspolpraca-transgraniczna-w-regionie-poludniowego-baltyku-w-swietle-interreg-south-baltic-programme\/","title":{"rendered":"Wsp\u00f3\u0142praca transgraniczna w regionie po\u0142udniowego Ba\u0142tyku w \u015bwietle Interreg South Baltic Programme"},"content":{"rendered":"","protected":false},"excerpt":{"rendered":"<p>Wsp\u00f3\u0142praca transgraniczna stanowi wa\u017cny proces w budowaniu zjednoczonej Europy. Zgodnie z intencjami za\u0142o\u017cycieli Wsp\u00f3lnoty Europejskiej wsp\u00f3\u0142praca ta jest sposobem na pokonywanie barier zwi\u0105zanych z granicami, budow\u0119 sp\u00f3jnych kultur administracyjnych zdolnych do rozwi\u0105zywania problem\u00f3w w regionach przygranicznych, udro\u017cnienie ruchu i zwi\u0119kszenie mobilno\u015bci aktor\u00f3w ekonomicznych i spo\u0142ecznych po obu stronach granicy. Wszystkie cele szczeg\u00f3\u0142owe s\u0142u\u017c\u0105 temu, aby zadzia\u0142a\u0142y samoczynne mechanizmy jednolitego rynku europejskiego oraz zmierzaj\u0105 do tworzenia sp\u00f3jno\u015bci spo\u0142ecznej, a tak\u017ce pe\u0142nej mobilno\u015bci kapita\u0142u i pracownik\u00f3w.<\/p>\n<p>Autorzy niniejszej ksi\u0105\u017cki prezentuj\u0105 proces pokonywania tych barier w regionie po\u0142udniowego Ba\u0142tyku, rol\u0119 poszczeg\u00f3lnych aktor\u00f3w we wsp\u00f3\u0142pracy transgranicznej i elementy wp\u0142ywaj\u0105ce na jej sukces. W pracy zawarto wiele analiz, ocen, bada\u0144 i studi\u00f3w przypadk\u00f3w ukazuj\u0105cych praktyczne strony wsp\u00f3\u0142pracy transgranicznej. Podano r\u00f3wnie\u017c rekomendacje do wykorzystania w przysz\u0142ych projektach wsp\u00f3\u0142pracy. Autorzy \u0142\u0105cz\u0105 zagadnienia teoretyczne z praktycznymi, pokazuj\u0105c, jak wdra\u017ca si\u0119 zasady r\u00f3\u017cnych polityk europejskich w regionach przygranicznych. To pierwsze tak pog\u0142\u0119bione opracowanie dotycz\u0105ce wsp\u00f3\u0142pracy transgranicznej w regionie po\u0142udniowego Ba\u0142tyku.<\/p>\n","protected":false},"featured_media":29535,"template":"","meta":{"_acf_changed":false},"journal":[],"rodzaj":[7074],"seria":[],"product_brand":[],"product_cat":[6934],"product_tag":[7602,7355,7357],"class_list":{"0":"post-46067","1":"product","2":"type-product","3":"status-publish","4":"has-post-thumbnail","6":"rodzaj-ksiazki","7":"product_cat-ekonomia","8":"product_tag-agata-ludwiczakagata-ludwiczak","9":"product_tag-andrzej-poszewiecki","10":"product_tag-przemyslaw-kulawczukprzemyslaw-kulawczuk","12":"first","13":"instock","14":"taxable","15":"shipping-taxable","16":"product-type-simple"},"acf":[],"_links":{"self":[{"href":"https:\/\/wydawnictwo.ug.edu.pl\/en\/wp-json\/wp\/v2\/product\/46067","targetHints":{"allow":["GET"]}}],"collection":[{"href":"https:\/\/wydawnictwo.ug.edu.pl\/en\/wp-json\/wp\/v2\/product"}],"about":[{"href":"https:\/\/wydawnictwo.ug.edu.pl\/en\/wp-json\/wp\/v2\/types\/product"}],"wp:featuredmedia":[{"embeddable":true,"href":"https:\/\/wydawnictwo.ug.edu.pl\/en\/wp-json\/wp\/v2\/media\/29535"}],"wp:attachment":[{"href":"https:\/\/wydawnictwo.ug.edu.pl\/en\/wp-json\/wp\/v2\/media?parent=46067"}],"wp:term":[{"taxonomy":"journal","embeddable":true,"href":"https:\/\/wydawnictwo.ug.edu.pl\/en\/wp-json\/wp\/v2\/journal?post=46067"},{"taxonomy":"rodzaj","embeddable":true,"href":"https:\/\/wydawnictwo.ug.edu.pl\/en\/wp-json\/wp\/v2\/rodzaj?post=46067"},{"taxonomy":"seria","embeddable":true,"href":"https:\/\/wydawnictwo.ug.edu.pl\/en\/wp-json\/wp\/v2\/seria?post=46067"},{"taxonomy":"product_brand","embeddable":true,"href":"https:\/\/wydawnictwo.ug.edu.pl\/en\/wp-json\/wp\/v2\/product_brand?post=46067"},{"taxonomy":"product_cat","embeddable":true,"href":"https:\/\/wydawnictwo.ug.edu.pl\/en\/wp-json\/wp\/v2\/product_cat?post=46067"},{"taxonomy":"product_tag","embeddable":true,"href":"https:\/\/wydawnictwo.ug.edu.pl\/en\/wp-json\/wp\/v2\/product_tag?post=46067"}],"curies":[{"name":"wp","href":"https:\/\/api.w.org\/{rel}","templated":true}]}}