{"id":46066,"date":"2024-07-25T08:59:15","date_gmt":"2024-07-25T08:59:15","guid":{"rendered":"https:\/\/wydawnictwo.ug.edu.pl\/ksiegarnia-online\/uncategorized\/zanim-zapytasz-googlea-15-lekcji-swiadomego-obywatela\/"},"modified":"2026-02-11T12:39:23","modified_gmt":"2026-02-11T12:39:23","slug":"zanim-zapytasz-googlea-15-lekcji-swiadomego-obywatela","status":"publish","type":"product","link":"https:\/\/wydawnictwo.ug.edu.pl\/en\/ksiegarnia-online\/prawo-i-administracja\/zanim-zapytasz-googlea-15-lekcji-swiadomego-obywatela\/","title":{"rendered":"Zanim zapytasz Google\u2019a. 15 lekcji \u015bwiadomego obywatela"},"content":{"rendered":"","protected":false},"excerpt":{"rendered":"<p>Ksi\u0105\u017cka powsta\u0142a z przekonania redaktorek, \u017ce edukacja jest sercem spo\u0142ecze\u0144stwa obywatelskiego. To z kolei stanowi fundament dobrze funkcjonuj\u0105cego pa\u0144stwa i \u017ar\u00f3d\u0142o powszechnego dobrobytu. \u017baden cz\u0142owiek nie jest samotn\u0105 wysp\u0105, w spo\u0142ecze\u0144stwie ka\u017cdy jest bowiem podmiotem praw i obowi\u0105zk\u00f3w, dlatego d\u0105\u017cymy do odczarowania prawa \u2013 niejako odseparowanego sto\u0142em s\u0119dziowskim, katedr\u0105 profesorsk\u0105 czy tog\u0105. Wsp\u00f3lnie z naszymi Kole\u017cankami i Kolegami pragniemy pokaza\u0107, \u017ce prawo mo\u017ce by\u0107 interesuj\u0105ce, a co najwa\u017cniejsze, \u017ce mo\u017ce by\u0107 analizowane z r\u00f3\u017cnych perspektyw. Ka\u017cdy rozdzia\u0142 jest zamkni\u0119t\u0105 opowie\u015bci\u0105 ukazuj\u0105c\u0105 dany obszar prawa postrzegany z punktu widzenia konkretnego Autora. Razem tworz\u0105 mozaik\u0119, kt\u00f3ra ma zach\u0119ci\u0107 do pog\u0142\u0119biania wiedzy na temat otoczenia prawnego. Zanim wi\u0119c zapytasz Google\u2019a, sp\u00f3jrz, czy odpowiedzi nie uzyskasz w tej publikacji.<\/p>\n","protected":false},"featured_media":29712,"template":"","meta":{"_acf_changed":false},"journal":[],"rodzaj":[2602],"seria":[],"product_brand":[],"product_cat":[232],"product_tag":[625,558],"class_list":{"0":"post-46066","1":"product","2":"type-product","3":"status-publish","4":"has-post-thumbnail","6":"rodzaj-ksiazki","7":"product_cat-prawo-i-administracja","8":"product_tag-anna-podolska","9":"product_tag-olga-sniadach","11":"first","12":"instock","13":"taxable","14":"shipping-taxable","15":"purchasable","16":"product-type-simple"},"acf":[],"_links":{"self":[{"href":"https:\/\/wydawnictwo.ug.edu.pl\/en\/wp-json\/wp\/v2\/product\/46066","targetHints":{"allow":["GET"]}}],"collection":[{"href":"https:\/\/wydawnictwo.ug.edu.pl\/en\/wp-json\/wp\/v2\/product"}],"about":[{"href":"https:\/\/wydawnictwo.ug.edu.pl\/en\/wp-json\/wp\/v2\/types\/product"}],"wp:featuredmedia":[{"embeddable":true,"href":"https:\/\/wydawnictwo.ug.edu.pl\/en\/wp-json\/wp\/v2\/media\/29712"}],"wp:attachment":[{"href":"https:\/\/wydawnictwo.ug.edu.pl\/en\/wp-json\/wp\/v2\/media?parent=46066"}],"wp:term":[{"taxonomy":"journal","embeddable":true,"href":"https:\/\/wydawnictwo.ug.edu.pl\/en\/wp-json\/wp\/v2\/journal?post=46066"},{"taxonomy":"rodzaj","embeddable":true,"href":"https:\/\/wydawnictwo.ug.edu.pl\/en\/wp-json\/wp\/v2\/rodzaj?post=46066"},{"taxonomy":"seria","embeddable":true,"href":"https:\/\/wydawnictwo.ug.edu.pl\/en\/wp-json\/wp\/v2\/seria?post=46066"},{"taxonomy":"product_brand","embeddable":true,"href":"https:\/\/wydawnictwo.ug.edu.pl\/en\/wp-json\/wp\/v2\/product_brand?post=46066"},{"taxonomy":"product_cat","embeddable":true,"href":"https:\/\/wydawnictwo.ug.edu.pl\/en\/wp-json\/wp\/v2\/product_cat?post=46066"},{"taxonomy":"product_tag","embeddable":true,"href":"https:\/\/wydawnictwo.ug.edu.pl\/en\/wp-json\/wp\/v2\/product_tag?post=46066"}],"curies":[{"name":"wp","href":"https:\/\/api.w.org\/{rel}","templated":true}]}}