{"id":46060,"date":"2024-09-05T12:05:12","date_gmt":"2024-09-05T12:05:12","guid":{"rendered":"https:\/\/wydawnictwo.ug.edu.pl\/ksiegarnia-online\/uncategorized\/od-demotywatorow-do-wideomemow-na-tiktoku-ewolucja-memow-internetowych\/"},"modified":"2026-02-11T12:39:09","modified_gmt":"2026-02-11T12:39:09","slug":"od-demotywatorow-do-wideomemow-na-tiktoku-ewolucja-memow-internetowych","status":"publish","type":"product","link":"https:\/\/wydawnictwo.ug.edu.pl\/en\/ksiegarnia-online\/jezykoznawstwo\/od-demotywatorow-do-wideomemow-na-tiktoku-ewolucja-memow-internetowych\/","title":{"rendered":"Od demotywator\u00f3w do wideomem\u00f3w na TikToku. Ewolucja mem\u00f3w internetowych"},"content":{"rendered":"","protected":false},"excerpt":{"rendered":"<p>Ponowoczesny u\u017cytkownik platform web 2.0 jest jednocze\u015bnie uczestnikiem kultury wizualnej (okre\u015blanej przez Sartoriego tak\u017ce jako \u201ekultura widzenia\u201d), w kt\u00f3rej istotn\u0105 rol\u0119 odgrywaj\u0105 obrazy i materia\u0142y audiowizualne. Z tego wzgl\u0119du etos obrazu w architekturze komunikacji cyfrowej jest\u00a0 mocno powi\u0105zany z reorientacj\u0105 spo\u0142ecznego i ekonomicznego porz\u0105dku ponowoczesnego, okre\u015blanego r\u00f3wnie\u017c jako spo\u0142ecze\u0144stwo konsumpcyjne, epoka symulakr\u00f3w, kapitalizm multinarodowy czy przestrzenie \u201enowej widzialno\u015bci\u201d. Patrz\u0105c przez pryzmat kultury wizualnej, memy jako teksty kultury i produkt kreatywnej wymiany znak\u00f3w i symboli mi\u0119dzy jednostkami w Internecie s\u0105 przyk\u0142adem interesuj\u0105cej praktyki opisywania rzeczywisto\u015bci za pomoc\u0105 \u0142\u0105czenia materia\u0142\u00f3w audiowizualnych z komentarzami oraz d\u017awi\u0119kami. Jako najmniejsze elementy dziedziczenia kulturowego stanowi\u0105 podstawowy budulec wymiany znak\u00f3w mi\u0119dzy u\u017cytkownikami.<\/p>\n<p style=\"text-align: right;\"><em>fragment wst\u0119pu<\/em><\/p>\n<p>Ksi\u0105\u017cka wydana w ramach Og\u00f3lnopolskiego Konkursu Na Najlepsz\u0105 Prac\u0119 Magistersk\u0105 z Wiedzy o Komunikacji Spo\u0142ecznej i Mediach Medi@stery.<\/p>\n<p><strong>Do pobrania: <a href=\"https:\/\/wydawnictwo.ug.edu.pl\/wp-content\/uploads\/2024\/09\/Aneks-Od-demotywatorow-do-wideomemow-na-TikToku-1.pdf\">ANEKS<\/a><\/strong><\/p>\n","protected":false},"featured_media":30019,"template":"","meta":{"_acf_changed":false},"journal":[],"rodzaj":[7074,7076],"seria":[7082],"product_brand":[],"product_cat":[6936,6924],"product_tag":[7594],"class_list":{"0":"post-46060","1":"product","2":"type-product","3":"status-publish","4":"has-post-thumbnail","6":"rodzaj-ksiazki","7":"rodzaj-serie-wydawnicze","8":"seria-medistery","9":"product_cat-historia-sztuki-i-kulturoznawstwo","10":"product_cat-jezykoznawstwo","11":"product_tag-wojciech-kulaga","13":"first","14":"instock","15":"taxable","16":"shipping-taxable","17":"product-type-simple"},"acf":[],"_links":{"self":[{"href":"https:\/\/wydawnictwo.ug.edu.pl\/en\/wp-json\/wp\/v2\/product\/46060","targetHints":{"allow":["GET"]}}],"collection":[{"href":"https:\/\/wydawnictwo.ug.edu.pl\/en\/wp-json\/wp\/v2\/product"}],"about":[{"href":"https:\/\/wydawnictwo.ug.edu.pl\/en\/wp-json\/wp\/v2\/types\/product"}],"wp:featuredmedia":[{"embeddable":true,"href":"https:\/\/wydawnictwo.ug.edu.pl\/en\/wp-json\/wp\/v2\/media\/30019"}],"wp:attachment":[{"href":"https:\/\/wydawnictwo.ug.edu.pl\/en\/wp-json\/wp\/v2\/media?parent=46060"}],"wp:term":[{"taxonomy":"journal","embeddable":true,"href":"https:\/\/wydawnictwo.ug.edu.pl\/en\/wp-json\/wp\/v2\/journal?post=46060"},{"taxonomy":"rodzaj","embeddable":true,"href":"https:\/\/wydawnictwo.ug.edu.pl\/en\/wp-json\/wp\/v2\/rodzaj?post=46060"},{"taxonomy":"seria","embeddable":true,"href":"https:\/\/wydawnictwo.ug.edu.pl\/en\/wp-json\/wp\/v2\/seria?post=46060"},{"taxonomy":"product_brand","embeddable":true,"href":"https:\/\/wydawnictwo.ug.edu.pl\/en\/wp-json\/wp\/v2\/product_brand?post=46060"},{"taxonomy":"product_cat","embeddable":true,"href":"https:\/\/wydawnictwo.ug.edu.pl\/en\/wp-json\/wp\/v2\/product_cat?post=46060"},{"taxonomy":"product_tag","embeddable":true,"href":"https:\/\/wydawnictwo.ug.edu.pl\/en\/wp-json\/wp\/v2\/product_tag?post=46060"}],"curies":[{"name":"wp","href":"https:\/\/api.w.org\/{rel}","templated":true}]}}