{"id":46059,"date":"2024-09-09T06:39:02","date_gmt":"2024-09-09T06:39:02","guid":{"rendered":"https:\/\/wydawnictwo.ug.edu.pl\/ksiegarnia-online\/uncategorized\/polska-leksykografia-autorska\/"},"modified":"2026-02-11T12:39:07","modified_gmt":"2026-02-11T12:39:07","slug":"polska-leksykografia-autorska","status":"publish","type":"product","link":"https:\/\/wydawnictwo.ug.edu.pl\/en\/ksiegarnia-online\/jezykoznawstwo\/polska-leksykografia-autorska\/","title":{"rendered":"Polska leksykografia autorska"},"content":{"rendered":"","protected":false},"excerpt":{"rendered":"<p>Praca sk\u0142ada si\u0119 z dw\u00f3ch cz\u0119\u015bci. Pierwsza stanowi syntetyczne om\u00f3wienie g\u0142\u00f3wnych problem\u00f3w wybranego obszaru j\u0119zykoznawstwa zwanego idiolektografi\u0105, druga \u2013 to obszerna, uporz\u0105dkowana tematycznie bibliografia, obejmuj\u0105ca lata 1755\u20132023. Tak pomy\u015blana publikacja stanowi nieoceniony przewodnik po \u015bwiecie bada\u0144 nad j\u0119zykiem autor\u00f3w i \u2013 jak s\u0142usznie zauwa\u017cy\u0142a Autorka \u2013 mo\u017ce znale\u017a\u0107 rozmaite zastosowania naukowe. Ma ona r\u00f3wnie\u017c charakter pionierski, poniewa\u017c na gruncie polskiego j\u0119zykoznawstwa nie powsta\u0142a jeszcze monografia po\u015bwi\u0119cona s\u0142ownikom autorskim (istniej\u0105 na ten temat jedynie artyku\u0142y). Niniejsza publikacja wype\u0142nia t\u0119 luk\u0119. Wyr\u00f3\u017cnia si\u0119 rzetelno\u015bci\u0105 \u2013 odnotowuje bardzo wiele pozycji, tak\u017ce tych nieoczywistych i trudno dost\u0119pnych; ujawnia r\u00f3wnie\u017c \u2013 co szczeg\u00f3lnie cenne \u2013 prace pozostaj\u0105ce w maszynopisach oraz projekty obecnie realizowane i zapowiadane nowo\u015bci. Co wi\u0119cej, wydaje si\u0119, \u017ce za prezentowanym przedsi\u0119wzi\u0119ciem publikacyjnym stoi okre\u015blona koncepcja teoretyczna \u2013 przemy\u015blana i sp\u00f3jna, cho\u0107 dla niekt\u00f3rych potencjalnych polskich odbiorc\u00f3w nowa i nieoczywista.<\/p>\n<p style=\"text-align: right;\"><em>Z recenzji dr hab. Anny Koz\u0142owskiej, prof. UKSW<\/em><\/p>\n<p><a href=\"https:\/\/czasopisma.uksw.edu.pl\/index.php\/i\/article\/view\/15244\/13460\">Recenzja<\/a> ksi\u0105\u017cki w czasopi\u015bmie \u201eIdiolekty\u201d (nr 1\/2024).<\/p>\n","protected":false},"featured_media":30044,"template":"","meta":{"_acf_changed":false},"journal":[],"rodzaj":[7074],"seria":[],"product_brand":[],"product_cat":[6924],"product_tag":[7593],"class_list":{"0":"post-46059","1":"product","2":"type-product","3":"status-publish","4":"has-post-thumbnail","6":"rodzaj-ksiazki","7":"product_cat-jezykoznawstwo","8":"product_tag-katarzyna-wojankatarzyna-wojan","10":"first","11":"instock","12":"taxable","13":"shipping-taxable","14":"purchasable","15":"product-type-simple"},"acf":[],"_links":{"self":[{"href":"https:\/\/wydawnictwo.ug.edu.pl\/en\/wp-json\/wp\/v2\/product\/46059","targetHints":{"allow":["GET"]}}],"collection":[{"href":"https:\/\/wydawnictwo.ug.edu.pl\/en\/wp-json\/wp\/v2\/product"}],"about":[{"href":"https:\/\/wydawnictwo.ug.edu.pl\/en\/wp-json\/wp\/v2\/types\/product"}],"wp:featuredmedia":[{"embeddable":true,"href":"https:\/\/wydawnictwo.ug.edu.pl\/en\/wp-json\/wp\/v2\/media\/30044"}],"wp:attachment":[{"href":"https:\/\/wydawnictwo.ug.edu.pl\/en\/wp-json\/wp\/v2\/media?parent=46059"}],"wp:term":[{"taxonomy":"journal","embeddable":true,"href":"https:\/\/wydawnictwo.ug.edu.pl\/en\/wp-json\/wp\/v2\/journal?post=46059"},{"taxonomy":"rodzaj","embeddable":true,"href":"https:\/\/wydawnictwo.ug.edu.pl\/en\/wp-json\/wp\/v2\/rodzaj?post=46059"},{"taxonomy":"seria","embeddable":true,"href":"https:\/\/wydawnictwo.ug.edu.pl\/en\/wp-json\/wp\/v2\/seria?post=46059"},{"taxonomy":"product_brand","embeddable":true,"href":"https:\/\/wydawnictwo.ug.edu.pl\/en\/wp-json\/wp\/v2\/product_brand?post=46059"},{"taxonomy":"product_cat","embeddable":true,"href":"https:\/\/wydawnictwo.ug.edu.pl\/en\/wp-json\/wp\/v2\/product_cat?post=46059"},{"taxonomy":"product_tag","embeddable":true,"href":"https:\/\/wydawnictwo.ug.edu.pl\/en\/wp-json\/wp\/v2\/product_tag?post=46059"}],"curies":[{"name":"wp","href":"https:\/\/api.w.org\/{rel}","templated":true}]}}