{"id":46058,"date":"2024-09-09T10:56:44","date_gmt":"2024-09-09T10:56:44","guid":{"rendered":"https:\/\/wydawnictwo.ug.edu.pl\/ksiegarnia-online\/uncategorized\/gdanskie-studia-prawnicze-4-2020\/"},"modified":"2026-02-11T12:38:06","modified_gmt":"2026-02-11T12:38:06","slug":"gdanskie-studia-prawnicze-4-2020","status":"publish","type":"product","link":"https:\/\/wydawnictwo.ug.edu.pl\/en\/ksiegarnia-online\/prawo-i-administracja\/gdanskie-studia-prawnicze-4-2020\/","title":{"rendered":"Gda\u0144skie Studia Prawnicze 4(48)\/2020"},"content":{"rendered":"","protected":false},"excerpt":{"rendered":"<p>Gda\u0144skie Studia Prawnicze 4(48)\/2020: Wsp\u00f3\u0142czesne problemy i wyzwania w\u0142adzy s\u0105downiczej w Europie<\/p>\n<p>\u201eGda\u0144skie Studia Prawnicze\u201d to czasopismo naukowe Wydzia\u0142u Prawa i Administracji Uniwersytetu Gda\u0144skiego, kt\u00f3re ukazuje si\u0119 pocz\u0105wszy od 1996 roku, stanowi\u0105c przestrze\u0144 dla upowszechniania osi\u0105gni\u0119\u0107 i wynik\u00f3w bada\u0144 z zakresu nauk prawnych. Wersja elektroniczna jest wersj\u0105 pierwotn\u0105 czasopisma.<\/p>\n<p><a href=\"https:\/\/gsp.ug.edu.pl\/index.php\/gdanskie_studia_prawnicze\/issue\/view\/387\">Wersja elektroniczna<\/a>.<\/p>\n","protected":false},"featured_media":30055,"template":"","meta":{"_acf_changed":false},"journal":[7062],"rodzaj":[7075,7077],"seria":[],"product_brand":[],"product_cat":[6932],"product_tag":[],"class_list":{"0":"post-46058","1":"product","2":"type-product","3":"status-publish","4":"has-post-thumbnail","6":"journal-gdanskie-studia-prawnicze","7":"rodzaj-e-book","8":"rodzaj-czasopismo","9":"product_cat-prawo-i-administracja","11":"first","12":"outofstock","13":"taxable","14":"shipping-taxable","15":"purchasable","16":"product-type-simple"},"acf":[],"_links":{"self":[{"href":"https:\/\/wydawnictwo.ug.edu.pl\/en\/wp-json\/wp\/v2\/product\/46058","targetHints":{"allow":["GET"]}}],"collection":[{"href":"https:\/\/wydawnictwo.ug.edu.pl\/en\/wp-json\/wp\/v2\/product"}],"about":[{"href":"https:\/\/wydawnictwo.ug.edu.pl\/en\/wp-json\/wp\/v2\/types\/product"}],"wp:featuredmedia":[{"embeddable":true,"href":"https:\/\/wydawnictwo.ug.edu.pl\/en\/wp-json\/wp\/v2\/media\/30055"}],"wp:attachment":[{"href":"https:\/\/wydawnictwo.ug.edu.pl\/en\/wp-json\/wp\/v2\/media?parent=46058"}],"wp:term":[{"taxonomy":"journal","embeddable":true,"href":"https:\/\/wydawnictwo.ug.edu.pl\/en\/wp-json\/wp\/v2\/journal?post=46058"},{"taxonomy":"rodzaj","embeddable":true,"href":"https:\/\/wydawnictwo.ug.edu.pl\/en\/wp-json\/wp\/v2\/rodzaj?post=46058"},{"taxonomy":"seria","embeddable":true,"href":"https:\/\/wydawnictwo.ug.edu.pl\/en\/wp-json\/wp\/v2\/seria?post=46058"},{"taxonomy":"product_brand","embeddable":true,"href":"https:\/\/wydawnictwo.ug.edu.pl\/en\/wp-json\/wp\/v2\/product_brand?post=46058"},{"taxonomy":"product_cat","embeddable":true,"href":"https:\/\/wydawnictwo.ug.edu.pl\/en\/wp-json\/wp\/v2\/product_cat?post=46058"},{"taxonomy":"product_tag","embeddable":true,"href":"https:\/\/wydawnictwo.ug.edu.pl\/en\/wp-json\/wp\/v2\/product_tag?post=46058"}],"curies":[{"name":"wp","href":"https:\/\/api.w.org\/{rel}","templated":true}]}}