{"id":46055,"date":"2024-09-18T09:27:53","date_gmt":"2024-09-18T09:27:53","guid":{"rendered":"https:\/\/wydawnictwo.ug.edu.pl\/ksiegarnia-online\/uncategorized\/historia-sewarambian-2\/"},"modified":"2026-02-11T12:37:59","modified_gmt":"2026-02-11T12:37:59","slug":"historia-sewarambian-2","status":"publish","type":"product","link":"https:\/\/wydawnictwo.ug.edu.pl\/en\/ksiegarnia-online\/literatura-piekna\/historia-sewarambian-2\/","title":{"rendered":"Historia Sewarambian"},"content":{"rendered":"","protected":false},"excerpt":{"rendered":"<p><em>Historia Sewarambian <\/em>(1677\u20131679) Denisa Vairasse\u2019a to jeden z najbardziej istotnych utwor\u00f3w francuskiej literatury utopijnej, niezwykle popularny we Francji (ponad 10 wyda\u0144 w XVIII wieku), przet\u0142umaczony na wiele europejskich j\u0119zyk\u00f3w. Ksi\u0105\u017cka spotka\u0142a si\u0119 z du\u017cym zainteresowaniem ze strony czo\u0142owych pisarzy i my\u015blicieli o\u015bwiecenia.<\/p>\n<p>M\u0142ody kapitan Siden odkrywa tajemniczy kraj Sewarambian, znajduj\u0105cy si\u0119 na po\u0142udniowym kontynencie zwanym w\u00f3wczas Terra Australis Incognita. Grupa odkrywc\u00f3w prze\u017cywa rozmaite przygody i poznaje histori\u0119 oraz kultur\u0119 swych \u015bwiat\u0142ych gospodarzy. Sewarambianie wyznaj\u0105 deistyczn\u0105 religi\u0119 S\u0142o\u0144ca, cho\u0107 g\u0142osz\u0105 swobod\u0119 wyznania, unikaj\u0105 wojen, nie uznaj\u0105 pieni\u0119dzy ani w\u0142asno\u015bci prywatnej. Najwi\u0119ksz\u0105 chwa\u0142\u0119 czerpi\u0105 z pracy na rzecz powszechnego dobra, rozwoju nauki, wielkich przedsi\u0119wzi\u0119\u0107 architektonicznych, kt\u00f3rych dok\u0142adne opisy stanowi\u0105 istotny walor powie\u015bci. We wszystkim kieruj\u0105 si\u0119 zasadami cnoty, rozumu i natury. Mieszka\u0144cy Sewarambii wydaj\u0105 si\u0119 wi\u0119c by\u0107 przeciwie\u0144stwem wszystkiego, co autor widzia\u0142 na co dzie\u0144 w Europie owego czasu. Denis Vairasse poddaje krytyce nier\u00f3wno\u015bci spo\u0142eczne, konflikty religijne, a tak\u017ce chciwo\u015b\u0107 i hipokryzj\u0119 Europejczyk\u00f3w.<\/p>\n<p><em>Historia Sewarambian <\/em>to utopia na swoje czasy wyj\u0105tkowa. Uwag\u0119 przykuwa rozbudowana rama narracyjna, co stanowi odej\u015bcie od statycznej konwencji wcze\u015bniejszych utwor\u00f3w tego gatunku. Lektura dzie\u0142a Vairasse\u2019a ma by\u0107 nie tylko pouczaj\u0105ca, ale tak\u017ce przyjemna i wci\u0105gaj\u0105ca. W warstwie ideowej ta protestancka i racjonalistyczna utopia prefiguruje maj\u0105ce ju\u017c nied\u0142ugo nadej\u015b\u0107 o\u015bwiecenie.<\/p>\n<p>Seria Bibliotheca Utopiana II<\/p>\n","protected":false},"featured_media":29921,"template":"","meta":{"_acf_changed":false},"journal":[],"rodzaj":[2602,2604],"seria":[6742],"product_brand":[],"product_cat":[258],"product_tag":[2446,552],"class_list":{"0":"post-46055","1":"product","2":"type-product","3":"status-publish","4":"has-post-thumbnail","6":"rodzaj-ksiazki","7":"rodzaj-serie-wydawnicze","8":"seria-bibliotheca-utopiana-ii","9":"product_cat-literatura-piekna","10":"product_tag-denis-vairasse","11":"product_tag-przemyslaw-kossakowski","13":"first","14":"instock","15":"taxable","16":"shipping-taxable","17":"purchasable","18":"product-type-simple"},"acf":[],"_links":{"self":[{"href":"https:\/\/wydawnictwo.ug.edu.pl\/en\/wp-json\/wp\/v2\/product\/46055","targetHints":{"allow":["GET"]}}],"collection":[{"href":"https:\/\/wydawnictwo.ug.edu.pl\/en\/wp-json\/wp\/v2\/product"}],"about":[{"href":"https:\/\/wydawnictwo.ug.edu.pl\/en\/wp-json\/wp\/v2\/types\/product"}],"wp:featuredmedia":[{"embeddable":true,"href":"https:\/\/wydawnictwo.ug.edu.pl\/en\/wp-json\/wp\/v2\/media\/29921"}],"wp:attachment":[{"href":"https:\/\/wydawnictwo.ug.edu.pl\/en\/wp-json\/wp\/v2\/media?parent=46055"}],"wp:term":[{"taxonomy":"journal","embeddable":true,"href":"https:\/\/wydawnictwo.ug.edu.pl\/en\/wp-json\/wp\/v2\/journal?post=46055"},{"taxonomy":"rodzaj","embeddable":true,"href":"https:\/\/wydawnictwo.ug.edu.pl\/en\/wp-json\/wp\/v2\/rodzaj?post=46055"},{"taxonomy":"seria","embeddable":true,"href":"https:\/\/wydawnictwo.ug.edu.pl\/en\/wp-json\/wp\/v2\/seria?post=46055"},{"taxonomy":"product_brand","embeddable":true,"href":"https:\/\/wydawnictwo.ug.edu.pl\/en\/wp-json\/wp\/v2\/product_brand?post=46055"},{"taxonomy":"product_cat","embeddable":true,"href":"https:\/\/wydawnictwo.ug.edu.pl\/en\/wp-json\/wp\/v2\/product_cat?post=46055"},{"taxonomy":"product_tag","embeddable":true,"href":"https:\/\/wydawnictwo.ug.edu.pl\/en\/wp-json\/wp\/v2\/product_tag?post=46055"}],"curies":[{"name":"wp","href":"https:\/\/api.w.org\/{rel}","templated":true}]}}