{"id":46053,"date":"2024-09-30T09:39:45","date_gmt":"2024-09-30T09:39:45","guid":{"rendered":"https:\/\/wydawnictwo.ug.edu.pl\/ksiegarnia-online\/uncategorized\/25-lat-polskiej-nagrody-goncourtow\/"},"modified":"2026-02-11T12:37:53","modified_gmt":"2026-02-11T12:37:53","slug":"25-lat-polskiej-nagrody-goncourtow","status":"publish","type":"product","link":"https:\/\/wydawnictwo.ug.edu.pl\/en\/ksiegarnia-online\/literaturoznawstwo\/25-lat-polskiej-nagrody-goncourtow\/","title":{"rendered":"25 lat polskiej Nagrody Goncourt\u00f3w\u00a0"},"content":{"rendered":"","protected":false},"excerpt":{"rendered":"<p><em>Nagroda Goncourt\u00f3w<\/em> to jedno z najbardziej presti\u017cowych wyr\u00f3\u017cnie\u0144 dla literatury frankofo\u0144skiej na \u015bwiecie, a jego polski odpowiednik obj\u0119\u0142a patronatem sama Akademia Goncourt\u00f3w. W Polsce mi\u0119dzynarodowa wersja tej nagrody wr\u0119czana jest od ponad 25 lat, a w jej \u015blad posz\u0142y inne kraje \u2013 obecnie a\u017c 40 pa\u0144stw.<\/p>\n<p>Polska Nagroda Goncourt\u00f3w pozwoli\u0142a polskim czytelnikom odkry\u0107 takich autor\u00f3w, jak: Michel Houellebecq, Herv\u00e9 Le Tellier, Alain Mabanckou, Fr\u00e9d\u00e9ric Beigbeder, Delphine de Vigan, Mohamed Mbougar Sarr oraz Gr\u00e9goire Bouillier.<\/p>\n<p>Romanistka i wieloletnia koordynatorka projektu na Uniwersytecie Gda\u0144skim, dr Katarzyna Kotowska, w swojej publikacji analizuje histori\u0119 nagrody, powo\u0142uj\u0105c si\u0119 na testamentowe zapisy Edmonda de Goncourt \u2013 pisarza i krytyka literackiego \u2013 oraz polskiego odpowiednika tego wyr\u00f3\u017cnienia. Jakie znaczenie mia\u0142o ono dla polskiego rynku literackiego? Jak\u0105 rol\u0119 w jego przyznawaniu odegrali studenci? Jak wygl\u0105da przysz\u0142o\u015b\u0107 nagrody?<\/p>\n<p>Publikacja napisana jest w j\u0119zyku polskim i francuskim.<\/p>\n","protected":false},"featured_media":30237,"template":"","meta":{"_acf_changed":false},"journal":[],"rodzaj":[2602],"seria":[],"product_brand":[],"product_cat":[2485],"product_tag":[2463],"class_list":{"0":"post-46053","1":"product","2":"type-product","3":"status-publish","4":"has-post-thumbnail","6":"rodzaj-ksiazki","7":"product_cat-literaturoznawstwo","8":"product_tag-katarzyna-kotowska","10":"first","11":"instock","12":"taxable","13":"shipping-taxable","14":"purchasable","15":"product-type-simple"},"acf":[],"_links":{"self":[{"href":"https:\/\/wydawnictwo.ug.edu.pl\/en\/wp-json\/wp\/v2\/product\/46053","targetHints":{"allow":["GET"]}}],"collection":[{"href":"https:\/\/wydawnictwo.ug.edu.pl\/en\/wp-json\/wp\/v2\/product"}],"about":[{"href":"https:\/\/wydawnictwo.ug.edu.pl\/en\/wp-json\/wp\/v2\/types\/product"}],"wp:featuredmedia":[{"embeddable":true,"href":"https:\/\/wydawnictwo.ug.edu.pl\/en\/wp-json\/wp\/v2\/media\/30237"}],"wp:attachment":[{"href":"https:\/\/wydawnictwo.ug.edu.pl\/en\/wp-json\/wp\/v2\/media?parent=46053"}],"wp:term":[{"taxonomy":"journal","embeddable":true,"href":"https:\/\/wydawnictwo.ug.edu.pl\/en\/wp-json\/wp\/v2\/journal?post=46053"},{"taxonomy":"rodzaj","embeddable":true,"href":"https:\/\/wydawnictwo.ug.edu.pl\/en\/wp-json\/wp\/v2\/rodzaj?post=46053"},{"taxonomy":"seria","embeddable":true,"href":"https:\/\/wydawnictwo.ug.edu.pl\/en\/wp-json\/wp\/v2\/seria?post=46053"},{"taxonomy":"product_brand","embeddable":true,"href":"https:\/\/wydawnictwo.ug.edu.pl\/en\/wp-json\/wp\/v2\/product_brand?post=46053"},{"taxonomy":"product_cat","embeddable":true,"href":"https:\/\/wydawnictwo.ug.edu.pl\/en\/wp-json\/wp\/v2\/product_cat?post=46053"},{"taxonomy":"product_tag","embeddable":true,"href":"https:\/\/wydawnictwo.ug.edu.pl\/en\/wp-json\/wp\/v2\/product_tag?post=46053"}],"curies":[{"name":"wp","href":"https:\/\/api.w.org\/{rel}","templated":true}]}}