{"id":46052,"date":"2024-10-03T07:42:57","date_gmt":"2024-10-03T07:42:57","guid":{"rendered":"https:\/\/wydawnictwo.ug.edu.pl\/ksiegarnia-online\/uncategorized\/studia-historica-gedanensia-tom-xv-2024-cz-2\/"},"modified":"2026-02-11T12:37:51","modified_gmt":"2026-02-11T12:37:51","slug":"studia-historica-gedanensia-tom-xv-2024-cz-2","status":"publish","type":"product","link":"https:\/\/wydawnictwo.ug.edu.pl\/en\/ksiegarnia-online\/historia\/studia-historica-gedanensia-tom-xv-2024-cz-2\/","title":{"rendered":"Studia Historica Gedanensia. Tom XV (2024), cz. 2"},"content":{"rendered":"","protected":false},"excerpt":{"rendered":"<p>\u201eStudia Historica Gedanensia. Body under threat. Body in History and History of Art. Tom XV (2024), cz. 2\u201d<\/p>\n<p>\u201eStudia Historica Gedanensia\u201d to rocznik humanistyczny publikuj\u0105cy teksty o tematyce historycznej. Istnieje od 2010 r. Wydaje tomy tematyczne, z przydzielonymi do ka\u017cdego redaktorami tematycznymi. W ka\u017cdym z tom\u00f3w redakcja d\u0105\u017cy, aby obecne by\u0142y artyku\u0142y obejmuj\u0105ce epok\u0119 staro\u017cytno\u015bci, przez \u015bredniowiecze, czasy nowo\u017cytne, wiek XIX i XX.<\/p>\n<p><a href=\"https:\/\/ejournals.eu\/czasopismo\/studia-historica-gedanensia\/numer\/tom-15-2024-2\">Pobierz e-book<\/a><\/p>\n","protected":false},"featured_media":30279,"template":"","meta":{"_acf_changed":false},"journal":[7072],"rodzaj":[7077],"seria":[],"product_brand":[],"product_cat":[6958],"product_tag":[7393,7368],"class_list":{"0":"post-46052","1":"product","2":"type-product","3":"status-publish","4":"has-post-thumbnail","6":"journal-studia-historica-gedanensia","7":"rodzaj-czasopismo","8":"product_cat-historia","9":"product_tag-beata-mozejko","10":"product_tag-piotr-derengowski","12":"first","13":"instock","14":"taxable","15":"shipping-taxable","16":"purchasable","17":"product-type-simple"},"acf":[],"_links":{"self":[{"href":"https:\/\/wydawnictwo.ug.edu.pl\/en\/wp-json\/wp\/v2\/product\/46052","targetHints":{"allow":["GET"]}}],"collection":[{"href":"https:\/\/wydawnictwo.ug.edu.pl\/en\/wp-json\/wp\/v2\/product"}],"about":[{"href":"https:\/\/wydawnictwo.ug.edu.pl\/en\/wp-json\/wp\/v2\/types\/product"}],"wp:featuredmedia":[{"embeddable":true,"href":"https:\/\/wydawnictwo.ug.edu.pl\/en\/wp-json\/wp\/v2\/media\/30279"}],"wp:attachment":[{"href":"https:\/\/wydawnictwo.ug.edu.pl\/en\/wp-json\/wp\/v2\/media?parent=46052"}],"wp:term":[{"taxonomy":"journal","embeddable":true,"href":"https:\/\/wydawnictwo.ug.edu.pl\/en\/wp-json\/wp\/v2\/journal?post=46052"},{"taxonomy":"rodzaj","embeddable":true,"href":"https:\/\/wydawnictwo.ug.edu.pl\/en\/wp-json\/wp\/v2\/rodzaj?post=46052"},{"taxonomy":"seria","embeddable":true,"href":"https:\/\/wydawnictwo.ug.edu.pl\/en\/wp-json\/wp\/v2\/seria?post=46052"},{"taxonomy":"product_brand","embeddable":true,"href":"https:\/\/wydawnictwo.ug.edu.pl\/en\/wp-json\/wp\/v2\/product_brand?post=46052"},{"taxonomy":"product_cat","embeddable":true,"href":"https:\/\/wydawnictwo.ug.edu.pl\/en\/wp-json\/wp\/v2\/product_cat?post=46052"},{"taxonomy":"product_tag","embeddable":true,"href":"https:\/\/wydawnictwo.ug.edu.pl\/en\/wp-json\/wp\/v2\/product_tag?post=46052"}],"curies":[{"name":"wp","href":"https:\/\/api.w.org\/{rel}","templated":true}]}}