{"id":46051,"date":"2024-10-07T09:48:38","date_gmt":"2024-10-07T09:48:38","guid":{"rendered":"https:\/\/wydawnictwo.ug.edu.pl\/ksiegarnia-online\/uncategorized\/czerwona-ksiega-roslin-naczyniowych-pomorza-gdanskiego-tom-2-2\/"},"modified":"2026-02-11T12:37:47","modified_gmt":"2026-02-11T12:37:47","slug":"czerwona-ksiega-roslin-naczyniowych-pomorza-gdanskiego-tom-2-2","status":"publish","type":"product","link":"https:\/\/wydawnictwo.ug.edu.pl\/en\/ksiegarnia-online\/biologia\/czerwona-ksiega-roslin-naczyniowych-pomorza-gdanskiego-tom-2-2\/","title":{"rendered":"Czerwona ksi\u0119ga ro\u015blin naczyniowych Pomorza Gda\u0144skiego. Tom 2"},"content":{"rendered":"","protected":false},"excerpt":{"rendered":"<p><em>Czerwona ksi\u0119ga ro\u015blin naczyniowych Pomorza Gda\u0144skiego. Tom 2. Zagro\u017cone gatunki le\u015bne, zaro\u015blowe i zbiorowisk okrajkowych<\/em><\/p>\n<p>Jedn\u0105 z form oceny stopnia zagro\u017cenia gatunk\u00f3w jest sporz\u0105dzanie czerwonych list i czerwonych ksi\u0105g. W 2004 roku dla obszaru Pomorza Gda\u0144skiego przygotowano pierwszy wykaz gin\u0105cych i zagro\u017conych w r\u00f3\u017cnym stopniu element\u00f3w flory (Markowski R., Buli\u0144ski M. 2004.\u00a0<em>Gin\u0105ce i zagro\u017cone ro\u015bliny naczyniowe Pomorza Gda\u0144skiego<\/em>. Acta Bot. Cassub., Monogr. 1: 1-75.).\u00a0Lista ta by\u0142a i nadal jest powszechnie stosowana w praktycznych dzia\u0142aniach na rzecz ochrony przyrody. Dotychczas zagro\u017cone sk\u0142adniki flory naczyniowej Pomorza Gda\u0144skiego nie zosta\u0142y ca\u0142o\u015bciowo opracowane i przedstawione w formie czerwonej ksi\u0119gi, kt\u00f3ra mog\u0142aby stanowi\u0107 kompendium aktualnej wiedzy o tej grupie ro\u015blin oraz o ich ochronie i metodach przeciwdzia\u0142ania zanikowi stanowisk. Niniejszy, drugi tom <em>Czerwonej ksi\u0119gi ro\u015blin naczyniowych Pomorza Gda\u0144skiego<\/em> zawiera podsumowanie dotychczasowych bada\u0144 florystycznych w regionie, dotycz\u0105cych gatunk\u00f3w zwi\u0105zanych z fitocenozami le\u015bnymi (stopie\u0144 zagro\u017cenia takson\u00f3w, ich charakterystyk\u0119 i rozmieszczenie, zasoby populacji oraz proponowane dzia\u0142ania ochronne). Stanowi on kontynuacj\u0119 pierwszego tomu, kt\u00f3ry dotyczy\u0142 gatunk\u00f3w siedlisk nadmorskich (<em>Czerwona Ksi\u0119ga Ro\u015blin Naczyniowych Pomorza Gda\u0144skiego. Tom 1. Zagro\u017cone gatunki nadmorskich pla\u017c, wydm i solnisk oraz w\u00f3d s\u0142onawych strefy przymorskiej<\/em>).<\/p>\n","protected":false},"featured_media":30321,"template":"","meta":{"_acf_changed":false},"journal":[],"rodzaj":[7074],"seria":[],"product_brand":[],"product_cat":[7307],"product_tag":[7581],"class_list":{"0":"post-46051","1":"product","2":"type-product","3":"status-publish","4":"has-post-thumbnail","6":"rodzaj-ksiazki","7":"product_cat-biologia","8":"product_tag-magdalena-lazarusmagdalena-lazarus","10":"first","11":"instock","12":"taxable","13":"shipping-taxable","14":"purchasable","15":"product-type-simple"},"acf":[],"_links":{"self":[{"href":"https:\/\/wydawnictwo.ug.edu.pl\/en\/wp-json\/wp\/v2\/product\/46051","targetHints":{"allow":["GET"]}}],"collection":[{"href":"https:\/\/wydawnictwo.ug.edu.pl\/en\/wp-json\/wp\/v2\/product"}],"about":[{"href":"https:\/\/wydawnictwo.ug.edu.pl\/en\/wp-json\/wp\/v2\/types\/product"}],"wp:featuredmedia":[{"embeddable":true,"href":"https:\/\/wydawnictwo.ug.edu.pl\/en\/wp-json\/wp\/v2\/media\/30321"}],"wp:attachment":[{"href":"https:\/\/wydawnictwo.ug.edu.pl\/en\/wp-json\/wp\/v2\/media?parent=46051"}],"wp:term":[{"taxonomy":"journal","embeddable":true,"href":"https:\/\/wydawnictwo.ug.edu.pl\/en\/wp-json\/wp\/v2\/journal?post=46051"},{"taxonomy":"rodzaj","embeddable":true,"href":"https:\/\/wydawnictwo.ug.edu.pl\/en\/wp-json\/wp\/v2\/rodzaj?post=46051"},{"taxonomy":"seria","embeddable":true,"href":"https:\/\/wydawnictwo.ug.edu.pl\/en\/wp-json\/wp\/v2\/seria?post=46051"},{"taxonomy":"product_brand","embeddable":true,"href":"https:\/\/wydawnictwo.ug.edu.pl\/en\/wp-json\/wp\/v2\/product_brand?post=46051"},{"taxonomy":"product_cat","embeddable":true,"href":"https:\/\/wydawnictwo.ug.edu.pl\/en\/wp-json\/wp\/v2\/product_cat?post=46051"},{"taxonomy":"product_tag","embeddable":true,"href":"https:\/\/wydawnictwo.ug.edu.pl\/en\/wp-json\/wp\/v2\/product_tag?post=46051"}],"curies":[{"name":"wp","href":"https:\/\/api.w.org\/{rel}","templated":true}]}}