{"id":46050,"date":"2024-10-09T09:33:35","date_gmt":"2024-10-09T09:33:35","guid":{"rendered":"https:\/\/wydawnictwo.ug.edu.pl\/ksiegarnia-online\/uncategorized\/rzeczy-piekne-studia-z-dziejow-historii-sztuki-kultury-i-architektury-dedykowane-pamieci-doktora-jacka-kriegseisena\/"},"modified":"2026-02-11T12:37:44","modified_gmt":"2026-02-11T12:37:44","slug":"rzeczy-piekne-studia-z-dziejow-historii-sztuki-kultury-i-architektury-dedykowane-pamieci-doktora-jacka-kriegseisena","status":"publish","type":"product","link":"https:\/\/wydawnictwo.ug.edu.pl\/en\/ksiegarnia-online\/historia-sztuki-i-kulturoznawstwo\/rzeczy-piekne-studia-z-dziejow-historii-sztuki-kultury-i-architektury-dedykowane-pamieci-doktora-jacka-kriegseisena\/","title":{"rendered":"Rzeczy pi\u0119kne. Studia z dziej\u00f3w historii sztuki, kultury i architektury dedykowane pami\u0119ci Doktora Jacka Kriegseisena"},"content":{"rendered":"","protected":false},"excerpt":{"rendered":"<p>Zbi\u00f3r artyku\u0142\u00f3w polskich historyk\u00f3w sztuki i kultury po\u015bwi\u0119conych pami\u0119ci zmar\u0142ego w 2021 roku dr. Jacka Kriegseisena, adiunkta w Instytucie Historii Sztuki Uniwersytetu Gda\u0144skiego. Wi\u0119kszo\u015b\u0107 tekst\u00f3w koncentruje si\u0119 na zagadnieniach rzemios\u0142a artystycznego (ze szczeg\u00f3lnym uwzgl\u0119dnieniem z\u0142otnictwa) oraz rozwoju sztuki i architektury na obszarze dawnych Prus Kr\u00f3lewskich, w tym przede wszystkim w Gda\u0144sku i Elbl\u0105gu.<\/p>\n","protected":false},"featured_media":30365,"template":"","meta":{"_acf_changed":false},"journal":[],"rodzaj":[7074],"seria":[],"product_brand":[],"product_cat":[6936,6948],"product_tag":[7579,7580],"class_list":{"0":"post-46050","1":"product","2":"type-product","3":"status-publish","4":"has-post-thumbnail","6":"rodzaj-ksiazki","7":"product_cat-historia-sztuki-i-kulturoznawstwo","8":"product_cat-varia","9":"product_tag-edmund-kizik","10":"product_tag-klaudiusz-grabowski","12":"first","13":"instock","14":"taxable","15":"shipping-taxable","16":"purchasable","17":"product-type-simple"},"acf":[],"_links":{"self":[{"href":"https:\/\/wydawnictwo.ug.edu.pl\/en\/wp-json\/wp\/v2\/product\/46050","targetHints":{"allow":["GET"]}}],"collection":[{"href":"https:\/\/wydawnictwo.ug.edu.pl\/en\/wp-json\/wp\/v2\/product"}],"about":[{"href":"https:\/\/wydawnictwo.ug.edu.pl\/en\/wp-json\/wp\/v2\/types\/product"}],"wp:featuredmedia":[{"embeddable":true,"href":"https:\/\/wydawnictwo.ug.edu.pl\/en\/wp-json\/wp\/v2\/media\/30365"}],"wp:attachment":[{"href":"https:\/\/wydawnictwo.ug.edu.pl\/en\/wp-json\/wp\/v2\/media?parent=46050"}],"wp:term":[{"taxonomy":"journal","embeddable":true,"href":"https:\/\/wydawnictwo.ug.edu.pl\/en\/wp-json\/wp\/v2\/journal?post=46050"},{"taxonomy":"rodzaj","embeddable":true,"href":"https:\/\/wydawnictwo.ug.edu.pl\/en\/wp-json\/wp\/v2\/rodzaj?post=46050"},{"taxonomy":"seria","embeddable":true,"href":"https:\/\/wydawnictwo.ug.edu.pl\/en\/wp-json\/wp\/v2\/seria?post=46050"},{"taxonomy":"product_brand","embeddable":true,"href":"https:\/\/wydawnictwo.ug.edu.pl\/en\/wp-json\/wp\/v2\/product_brand?post=46050"},{"taxonomy":"product_cat","embeddable":true,"href":"https:\/\/wydawnictwo.ug.edu.pl\/en\/wp-json\/wp\/v2\/product_cat?post=46050"},{"taxonomy":"product_tag","embeddable":true,"href":"https:\/\/wydawnictwo.ug.edu.pl\/en\/wp-json\/wp\/v2\/product_tag?post=46050"}],"curies":[{"name":"wp","href":"https:\/\/api.w.org\/{rel}","templated":true}]}}