{"id":46048,"date":"2024-10-14T08:45:46","date_gmt":"2024-10-14T08:45:46","guid":{"rendered":"https:\/\/wydawnictwo.ug.edu.pl\/ksiegarnia-online\/uncategorized\/a-quo-pisma-wybrane-profesora-jerzego-zajadlo\/"},"modified":"2026-02-11T12:37:41","modified_gmt":"2026-02-11T12:37:41","slug":"a-quo-pisma-wybrane-profesora-jerzego-zajadlo","status":"publish","type":"product","link":"https:\/\/wydawnictwo.ug.edu.pl\/en\/ksiegarnia-online\/varia\/a-quo-pisma-wybrane-profesora-jerzego-zajadlo\/","title":{"rendered":"A quo. Pisma wybrane Profesora Jerzego Zajad\u0142o"},"content":{"rendered":"","protected":false},"excerpt":{"rendered":"<p>Ksi\u0105\u017cka zawiera zwarty wyb\u00f3r tekst\u00f3w Profesora Jerzego Zajad\u0142o, z natury rzeczy subiektywny, bo przygotowany przez redaktor\u00f3w tomu. Jednak mo\u017cliwo\u015b\u0107 odnalezienia najwa\u017cniejszych my\u015bli i ustale\u0144 naukowych Jerzego Zajad\u0142o w jednym miejscu to przedsi\u0119wzi\u0119cie bardzo u\u017cyteczne dla tych, kt\u00f3rzy chcieliby w jednej ksi\u0105\u017cce otrzyma\u0107 wyb\u00f3r kluczowych prac Jubilata z uwzgl\u0119dnieniem r\u00f3\u017cnorodno\u015bci podejmowanych przez Niego na przestrzeni lat temat\u00f3w. Zebrane tu prace przedstawiaj\u0105 szerokie spektrum zainteresowa\u0144 badawczych i osi\u0105gni\u0119\u0107 naukowych Profesora. Znalaz\u0142y si\u0119 tu rozdzia\u0142y z ksi\u0105\u017cek autorskich oraz wsp\u00f3\u0142autorskich, artyku\u0142y publikowane w czasopismach naukowych, has\u0142a opracowane do leksykon\u00f3w i encyklopedii.<\/p>\n","protected":false},"featured_media":30448,"template":"","meta":{"_acf_changed":false},"journal":[],"rodzaj":[7074],"seria":[],"product_brand":[],"product_cat":[6948],"product_tag":[7417,7413,7474],"class_list":{"0":"post-46048","1":"product","2":"type-product","3":"status-publish","4":"has-post-thumbnail","6":"rodzaj-ksiazki","7":"product_cat-varia","8":"product_tag-joanna-kamienjoanna-kamien","9":"product_tag-kamil-zeidlerkamil-zeidler","10":"product_tag-sebastian-sykuna","12":"first","13":"instock","14":"taxable","15":"shipping-taxable","16":"purchasable","17":"product-type-simple"},"acf":[],"_links":{"self":[{"href":"https:\/\/wydawnictwo.ug.edu.pl\/en\/wp-json\/wp\/v2\/product\/46048","targetHints":{"allow":["GET"]}}],"collection":[{"href":"https:\/\/wydawnictwo.ug.edu.pl\/en\/wp-json\/wp\/v2\/product"}],"about":[{"href":"https:\/\/wydawnictwo.ug.edu.pl\/en\/wp-json\/wp\/v2\/types\/product"}],"wp:featuredmedia":[{"embeddable":true,"href":"https:\/\/wydawnictwo.ug.edu.pl\/en\/wp-json\/wp\/v2\/media\/30448"}],"wp:attachment":[{"href":"https:\/\/wydawnictwo.ug.edu.pl\/en\/wp-json\/wp\/v2\/media?parent=46048"}],"wp:term":[{"taxonomy":"journal","embeddable":true,"href":"https:\/\/wydawnictwo.ug.edu.pl\/en\/wp-json\/wp\/v2\/journal?post=46048"},{"taxonomy":"rodzaj","embeddable":true,"href":"https:\/\/wydawnictwo.ug.edu.pl\/en\/wp-json\/wp\/v2\/rodzaj?post=46048"},{"taxonomy":"seria","embeddable":true,"href":"https:\/\/wydawnictwo.ug.edu.pl\/en\/wp-json\/wp\/v2\/seria?post=46048"},{"taxonomy":"product_brand","embeddable":true,"href":"https:\/\/wydawnictwo.ug.edu.pl\/en\/wp-json\/wp\/v2\/product_brand?post=46048"},{"taxonomy":"product_cat","embeddable":true,"href":"https:\/\/wydawnictwo.ug.edu.pl\/en\/wp-json\/wp\/v2\/product_cat?post=46048"},{"taxonomy":"product_tag","embeddable":true,"href":"https:\/\/wydawnictwo.ug.edu.pl\/en\/wp-json\/wp\/v2\/product_tag?post=46048"}],"curies":[{"name":"wp","href":"https:\/\/api.w.org\/{rel}","templated":true}]}}