{"id":46044,"date":"2024-10-30T12:12:09","date_gmt":"2024-10-30T12:12:09","guid":{"rendered":"https:\/\/wydawnictwo.ug.edu.pl\/ksiegarnia-online\/uncategorized\/gdansk-atlas-historyczny-miast-polskich-tom-i-prusy-krolewskie-i-warmia-z-9\/"},"modified":"2026-02-11T12:37:30","modified_gmt":"2026-02-11T12:37:30","slug":"gdansk-atlas-historyczny-miast-polskich-tom-i-prusy-krolewskie-i-warmia-z-9","status":"publish","type":"product","link":"https:\/\/wydawnictwo.ug.edu.pl\/en\/ksiegarnia-online\/varia\/gdansk-atlas-historyczny-miast-polskich-tom-i-prusy-krolewskie-i-warmia-z-9\/","title":{"rendered":"Gda\u0144sk. Atlas Historyczny Miast Polskich. Tom I: Prusy Kr\u00f3lewskie i Warmia, z. 9"},"content":{"rendered":"","protected":false},"excerpt":{"rendered":"<p><em>Atlas historyczny Gda\u0144ska<\/em> ukazuje si\u0119 w serii <em>Atlas Historyczny Miast Polskich<\/em> jako zeszyt dziewi\u0105ty tomu pierwszego <em>Prusy Kr\u00f3lewskie i Warmia<\/em> pod redakcj\u0105 naukow\u0105 Wies\u0142awa D\u0142ugok\u0119ckiego.<\/p>\n<p><em>Atlas historyczny Gda\u0144ska<\/em> to publikacja dla wszystkich mi\u0142o\u015bnik\u00f3w historii miasta. Dzi\u0119ki szczeg\u00f3\u0142owym opisom, planszom tematycznym oraz pochodz\u0105cym z polskich i zagranicznych zbior\u00f3w reprodukcjom plan\u00f3w i widok\u00f3w czytelnik ma mo\u017cliwo\u015b\u0107 przeniesienia si\u0119 w czasie i poznania rozwoju przestrzenno-funkcjonalnego Gda\u0144ska od \u015bredniowiecza po XX wiek. To pierwsze od niemal trzydziestu lat opracowanie, kt\u00f3re przedstawia wyniki najnowszych bada\u0144, ale tak\u017ce \u2013 dzi\u0119ki formatowi i czytelno\u015bci \u2013 stanowi inspiracj\u0119 dla ka\u017cdego zainteresowanego samodzielnym poznaniem tajemnic przesz\u0142o\u015bci Gda\u0144ska.<\/p>\n<p>Autorami publikacji s\u0105: Tomasz B\u0142yskosz, Grzegorz Bukal, Wies\u0142aw D\u0142ugok\u0119cki, Jacek Friedrich, Edmund Kizik, Zofia Maciakowska, Ma\u0142gorzata Omilanowska-Kilja\u0144czyk, Henryk Paner, Zbigniew Polak i Wojciech Szyma\u0144ski.<\/p>\n<p>Opracowanie kartograficzne wykonali Witold Hazuka, Dominika Gzowska i Zofia Maciakowska.<\/p>\n<p><strong><a href=\"https:\/\/wydawnictwo.ug.edu.pl\/wp-content\/uploads\/2024\/10\/Mapy-plany-i-ilustracje.pdf\">Wykaz map, plan\u00f3w i ilustracji<\/a><\/strong><\/p>\n[gallery link=\"file\" size=\"full\" columns=\"2\" ids=\"31453,31451,31445,31449,31447,31443\"]\n","protected":false},"featured_media":30626,"template":"","meta":{"_acf_changed":false},"journal":[],"rodzaj":[7074],"seria":[],"product_brand":[],"product_cat":[6948],"product_tag":[7577],"class_list":{"0":"post-46044","1":"product","2":"type-product","3":"status-publish","4":"has-post-thumbnail","6":"rodzaj-ksiazki","7":"product_cat-varia","8":"product_tag-wieslaw-dlugokecki","10":"first","11":"instock","12":"taxable","13":"shipping-taxable","14":"purchasable","15":"product-type-simple"},"acf":[],"_links":{"self":[{"href":"https:\/\/wydawnictwo.ug.edu.pl\/en\/wp-json\/wp\/v2\/product\/46044","targetHints":{"allow":["GET"]}}],"collection":[{"href":"https:\/\/wydawnictwo.ug.edu.pl\/en\/wp-json\/wp\/v2\/product"}],"about":[{"href":"https:\/\/wydawnictwo.ug.edu.pl\/en\/wp-json\/wp\/v2\/types\/product"}],"wp:featuredmedia":[{"embeddable":true,"href":"https:\/\/wydawnictwo.ug.edu.pl\/en\/wp-json\/wp\/v2\/media\/30626"}],"wp:attachment":[{"href":"https:\/\/wydawnictwo.ug.edu.pl\/en\/wp-json\/wp\/v2\/media?parent=46044"}],"wp:term":[{"taxonomy":"journal","embeddable":true,"href":"https:\/\/wydawnictwo.ug.edu.pl\/en\/wp-json\/wp\/v2\/journal?post=46044"},{"taxonomy":"rodzaj","embeddable":true,"href":"https:\/\/wydawnictwo.ug.edu.pl\/en\/wp-json\/wp\/v2\/rodzaj?post=46044"},{"taxonomy":"seria","embeddable":true,"href":"https:\/\/wydawnictwo.ug.edu.pl\/en\/wp-json\/wp\/v2\/seria?post=46044"},{"taxonomy":"product_brand","embeddable":true,"href":"https:\/\/wydawnictwo.ug.edu.pl\/en\/wp-json\/wp\/v2\/product_brand?post=46044"},{"taxonomy":"product_cat","embeddable":true,"href":"https:\/\/wydawnictwo.ug.edu.pl\/en\/wp-json\/wp\/v2\/product_cat?post=46044"},{"taxonomy":"product_tag","embeddable":true,"href":"https:\/\/wydawnictwo.ug.edu.pl\/en\/wp-json\/wp\/v2\/product_tag?post=46044"}],"curies":[{"name":"wp","href":"https:\/\/api.w.org\/{rel}","templated":true}]}}