{"id":46042,"date":"2024-10-31T10:01:18","date_gmt":"2024-10-31T10:01:18","guid":{"rendered":"https:\/\/wydawnictwo.ug.edu.pl\/ksiegarnia-online\/uncategorized\/przedwiosnie-ery-sztucznej-inteligencji-technologia-zarzadzanie-prawo-t-1-czy-algorytmy-uratuja-nasza-planete\/"},"modified":"2026-02-11T12:37:25","modified_gmt":"2026-02-11T12:37:25","slug":"przedwiosnie-ery-sztucznej-inteligencji-technologia-zarzadzanie-prawo-t-1-czy-algorytmy-uratuja-nasza-planete","status":"publish","type":"product","link":"https:\/\/wydawnictwo.ug.edu.pl\/en\/ksiegarnia-online\/prawo-i-administracja\/przedwiosnie-ery-sztucznej-inteligencji-technologia-zarzadzanie-prawo-t-1-czy-algorytmy-uratuja-nasza-planete\/","title":{"rendered":"Przedwio\u015bnie ery sztucznej inteligencji. Technologia \u2013 zarz\u0105dzanie \u2013 prawo, t. 1: Czy algorytmy uratuj\u0105 nasz\u0105 planet\u0119?"},"content":{"rendered":"","protected":false},"excerpt":{"rendered":"<p>\u201eW niniejszej ksi\u0105\u017cce znajdujemy zar\u00f3wno optymistyczne, jak pesymi\u00adstyczne wizje przysz\u0142o\u015bci. To w\u0142a\u015bnie czyni t\u0119 publikacj\u0119 interesuj\u0105c\u0105 dla ka\u017cdego \u2013 podczas jej lektury nie mo\u017cna nie wchodzi\u0107 w emocjonalny dialog z Autorami. Nie mo\u017cna pozosta\u0107 oboj\u0119tnym na przedstawiane fascynuj\u0105ce fakty z wielu dziedzin, na r\u00f3\u017cne oceny sytuacji i hipotezy co do przysz\u0142o\u015bci, kt\u00f3re formu\u0142uj\u0105 Autorzy\u201d.<\/p>\n<p style=\"text-align: right;\"><em>Z recenzji prof. dr hab. Jolanty Jab\u0142o\u0144skiej-Boncy<\/em><\/p>\n<p>\u201e<em>Przedwio\u015bnie ery sztucznej inteligencji. Technologia \u2013 zarz\u0105dzanie \u2013 prawo, t. 1: Czy algorytmy uratuj\u0105 nasz\u0105 planet\u0119?<\/em> to ambitna monografia, w kt\u00f3rej Autorzy wnikliwie analizuj\u0105 wiele aspekt\u00f3w rewolucji, jak\u0105 niesie ze sob\u0105 sztuczna inteligencja. [\u2026] Krok po kroku prowadz\u0105 czytelnika przez istot\u0119 wyzwa\u0144 i perspektyw zwi\u0105zanych z tym niezwykle dynamicznie rozwijaj\u0105cym si\u0119 obszarem nauki, zw\u0142aszcza w kontek\u015bcie potencjalnych zastosowa\u0144\u201d.<\/p>\n<p style=\"text-align: right;\"><em>Z recenzji dr. hab. in\u017c. Marka Moszy\u0144skiego, prof. PG<\/em><\/p>\n","protected":false},"featured_media":30635,"template":"","meta":{"_acf_changed":false},"journal":[],"rodzaj":[7074],"seria":[],"product_brand":[],"product_cat":[6932,6942],"product_tag":[7573,7574,7575],"class_list":{"0":"post-46042","1":"product","2":"type-product","3":"status-publish","4":"has-post-thumbnail","6":"rodzaj-ksiazki","7":"product_cat-prawo-i-administracja","8":"product_cat-zarzadzanie","9":"product_tag-edmund-wittbrodt","10":"product_tag-marta-dargas-draganik","11":"product_tag-zdzislaw-brodecki","13":"first","14":"instock","15":"taxable","16":"shipping-taxable","17":"product-type-external"},"acf":[],"_links":{"self":[{"href":"https:\/\/wydawnictwo.ug.edu.pl\/en\/wp-json\/wp\/v2\/product\/46042","targetHints":{"allow":["GET"]}}],"collection":[{"href":"https:\/\/wydawnictwo.ug.edu.pl\/en\/wp-json\/wp\/v2\/product"}],"about":[{"href":"https:\/\/wydawnictwo.ug.edu.pl\/en\/wp-json\/wp\/v2\/types\/product"}],"wp:featuredmedia":[{"embeddable":true,"href":"https:\/\/wydawnictwo.ug.edu.pl\/en\/wp-json\/wp\/v2\/media\/30635"}],"wp:attachment":[{"href":"https:\/\/wydawnictwo.ug.edu.pl\/en\/wp-json\/wp\/v2\/media?parent=46042"}],"wp:term":[{"taxonomy":"journal","embeddable":true,"href":"https:\/\/wydawnictwo.ug.edu.pl\/en\/wp-json\/wp\/v2\/journal?post=46042"},{"taxonomy":"rodzaj","embeddable":true,"href":"https:\/\/wydawnictwo.ug.edu.pl\/en\/wp-json\/wp\/v2\/rodzaj?post=46042"},{"taxonomy":"seria","embeddable":true,"href":"https:\/\/wydawnictwo.ug.edu.pl\/en\/wp-json\/wp\/v2\/seria?post=46042"},{"taxonomy":"product_brand","embeddable":true,"href":"https:\/\/wydawnictwo.ug.edu.pl\/en\/wp-json\/wp\/v2\/product_brand?post=46042"},{"taxonomy":"product_cat","embeddable":true,"href":"https:\/\/wydawnictwo.ug.edu.pl\/en\/wp-json\/wp\/v2\/product_cat?post=46042"},{"taxonomy":"product_tag","embeddable":true,"href":"https:\/\/wydawnictwo.ug.edu.pl\/en\/wp-json\/wp\/v2\/product_tag?post=46042"}],"curies":[{"name":"wp","href":"https:\/\/api.w.org\/{rel}","templated":true}]}}