{"id":46039,"date":"2024-11-06T09:31:24","date_gmt":"2024-11-06T09:31:24","guid":{"rendered":"https:\/\/wydawnictwo.ug.edu.pl\/ksiegarnia-online\/uncategorized\/eugeniusz-bojanowski-pisma-wybrane-tom-i-monografie\/"},"modified":"2026-02-11T12:36:05","modified_gmt":"2026-02-11T12:36:05","slug":"eugeniusz-bojanowski-pisma-wybrane-tom-i-monografie","status":"publish","type":"product","link":"https:\/\/wydawnictwo.ug.edu.pl\/en\/ksiegarnia-online\/prawo-i-administracja\/eugeniusz-bojanowski-pisma-wybrane-tom-i-monografie\/","title":{"rendered":"Pisma wybrane. Tom I: Monografie"},"content":{"rendered":"","protected":false},"excerpt":{"rendered":"<p>Wst\u0119p: Tomasz B\u0105kowski, Mariusz Bogusz<\/p>\n<p>Przygotowa\u0142a do druku: Dominika Tykwi\u0144ska-Rutkowska przy wsparciu zespo\u0142u<\/p>\n<p>Dost\u0119pno\u015b\u0107 cz\u0119\u015bci, zw\u0142aszcza wcze\u015bniejszych, prac Profesora Eugeniusza Bojanowskiego jest obecnie znacznie utrudniona z uwagi na ich ograniczony nak\u0142ad oraz brak digitalizacji tekst\u00f3w drukowanych \u00f3wczesnymi metodami. St\u0105d te\u017c inicjatywa ponownej publikacji jest wyj\u015bciem naprzeciw postulatom powszechnej dost\u0119pno\u015bci dorobku akademickiego, daj\u0105c przy tym mo\u017cliwo\u015b\u0107 (w szczeg\u00f3lno\u015bci m\u0142odszej generacji badaczy prawa) zapoznania si\u0119 z wci\u0105\u017c aktualn\u0105 literatur\u0105 naukow\u0105. Przypomnienie wybranych pozycji z dorobku Autora mo\u017ce te\u017c pos\u0142u\u017cy\u0107 ocenie rozwoju i kierunk\u00f3w gda\u0144skiej koncepcji prawa administracyjnego wytyczonych pi\u00f3rem Profesora Eugeniusza Bojanowskiego.<\/p>\n","protected":false},"featured_media":30705,"template":"","meta":{"_acf_changed":false},"journal":[],"rodzaj":[7074],"seria":[],"product_brand":[],"product_cat":[6932,6948],"product_tag":[7569],"class_list":{"0":"post-46039","1":"product","2":"type-product","3":"status-publish","4":"has-post-thumbnail","6":"rodzaj-ksiazki","7":"product_cat-prawo-i-administracja","8":"product_cat-varia","9":"product_tag-eugeniusz-bojanowskieugeniusz-bojanowski","11":"first","12":"instock","13":"taxable","14":"shipping-taxable","15":"purchasable","16":"product-type-simple"},"acf":[],"_links":{"self":[{"href":"https:\/\/wydawnictwo.ug.edu.pl\/en\/wp-json\/wp\/v2\/product\/46039","targetHints":{"allow":["GET"]}}],"collection":[{"href":"https:\/\/wydawnictwo.ug.edu.pl\/en\/wp-json\/wp\/v2\/product"}],"about":[{"href":"https:\/\/wydawnictwo.ug.edu.pl\/en\/wp-json\/wp\/v2\/types\/product"}],"wp:featuredmedia":[{"embeddable":true,"href":"https:\/\/wydawnictwo.ug.edu.pl\/en\/wp-json\/wp\/v2\/media\/30705"}],"wp:attachment":[{"href":"https:\/\/wydawnictwo.ug.edu.pl\/en\/wp-json\/wp\/v2\/media?parent=46039"}],"wp:term":[{"taxonomy":"journal","embeddable":true,"href":"https:\/\/wydawnictwo.ug.edu.pl\/en\/wp-json\/wp\/v2\/journal?post=46039"},{"taxonomy":"rodzaj","embeddable":true,"href":"https:\/\/wydawnictwo.ug.edu.pl\/en\/wp-json\/wp\/v2\/rodzaj?post=46039"},{"taxonomy":"seria","embeddable":true,"href":"https:\/\/wydawnictwo.ug.edu.pl\/en\/wp-json\/wp\/v2\/seria?post=46039"},{"taxonomy":"product_brand","embeddable":true,"href":"https:\/\/wydawnictwo.ug.edu.pl\/en\/wp-json\/wp\/v2\/product_brand?post=46039"},{"taxonomy":"product_cat","embeddable":true,"href":"https:\/\/wydawnictwo.ug.edu.pl\/en\/wp-json\/wp\/v2\/product_cat?post=46039"},{"taxonomy":"product_tag","embeddable":true,"href":"https:\/\/wydawnictwo.ug.edu.pl\/en\/wp-json\/wp\/v2\/product_tag?post=46039"}],"curies":[{"name":"wp","href":"https:\/\/api.w.org\/{rel}","templated":true}]}}