{"id":46037,"date":"2024-11-12T08:49:48","date_gmt":"2024-11-12T08:49:48","guid":{"rendered":"https:\/\/wydawnictwo.ug.edu.pl\/ksiegarnia-online\/uncategorized\/innowacyjnosc-portow-morskich\/"},"modified":"2026-02-11T12:36:01","modified_gmt":"2026-02-11T12:36:01","slug":"innowacyjnosc-portow-morskich","status":"publish","type":"product","link":"https:\/\/wydawnictwo.ug.edu.pl\/en\/ksiegarnia-online\/ekonomia\/innowacyjnosc-portow-morskich\/","title":{"rendered":"Innowacyjno\u015b\u0107 port\u00f3w morskich"},"content":{"rendered":"","protected":false},"excerpt":{"rendered":"<p>W monografii om\u00f3wiono istot\u0119 i rodzaje innowacji oraz g\u0142\u00f3wne cechy podmiot\u00f3w innowacyjnych. Zidentyfikowano 22 globalne trendy innowacyjne, ilustrowane przyk\u0142adami projekt\u00f3w, a tak\u017ce przedstawiono mechanizmy rynk\u00f3w us\u0142ug portowych i znaczenie innowacji w tym sektorze. Wyja\u015bniono poj\u0119cia portowego systemu innowacyjnego i innowacyjno\u015bci podmiot\u00f3w portowych oraz czynniki wp\u0142ywaj\u0105ce na innowacyjno\u015b\u0107 port\u00f3w morskich.<\/p>\n","protected":false},"featured_media":30792,"template":"","meta":{"_acf_changed":false},"journal":[],"rodzaj":[7074],"seria":[],"product_brand":[],"product_cat":[6934],"product_tag":[7566,7567,7568],"class_list":{"0":"post-46037","1":"product","2":"type-product","3":"status-publish","4":"has-post-thumbnail","6":"rodzaj-ksiazki","7":"product_cat-ekonomia","8":"product_tag-beata-szymanowska","9":"product_tag-hanna-klimek","10":"product_tag-janusz-dabrowski","12":"first","13":"instock","14":"taxable","15":"shipping-taxable","16":"purchasable","17":"product-type-simple"},"acf":[],"_links":{"self":[{"href":"https:\/\/wydawnictwo.ug.edu.pl\/en\/wp-json\/wp\/v2\/product\/46037","targetHints":{"allow":["GET"]}}],"collection":[{"href":"https:\/\/wydawnictwo.ug.edu.pl\/en\/wp-json\/wp\/v2\/product"}],"about":[{"href":"https:\/\/wydawnictwo.ug.edu.pl\/en\/wp-json\/wp\/v2\/types\/product"}],"wp:featuredmedia":[{"embeddable":true,"href":"https:\/\/wydawnictwo.ug.edu.pl\/en\/wp-json\/wp\/v2\/media\/30792"}],"wp:attachment":[{"href":"https:\/\/wydawnictwo.ug.edu.pl\/en\/wp-json\/wp\/v2\/media?parent=46037"}],"wp:term":[{"taxonomy":"journal","embeddable":true,"href":"https:\/\/wydawnictwo.ug.edu.pl\/en\/wp-json\/wp\/v2\/journal?post=46037"},{"taxonomy":"rodzaj","embeddable":true,"href":"https:\/\/wydawnictwo.ug.edu.pl\/en\/wp-json\/wp\/v2\/rodzaj?post=46037"},{"taxonomy":"seria","embeddable":true,"href":"https:\/\/wydawnictwo.ug.edu.pl\/en\/wp-json\/wp\/v2\/seria?post=46037"},{"taxonomy":"product_brand","embeddable":true,"href":"https:\/\/wydawnictwo.ug.edu.pl\/en\/wp-json\/wp\/v2\/product_brand?post=46037"},{"taxonomy":"product_cat","embeddable":true,"href":"https:\/\/wydawnictwo.ug.edu.pl\/en\/wp-json\/wp\/v2\/product_cat?post=46037"},{"taxonomy":"product_tag","embeddable":true,"href":"https:\/\/wydawnictwo.ug.edu.pl\/en\/wp-json\/wp\/v2\/product_tag?post=46037"}],"curies":[{"name":"wp","href":"https:\/\/api.w.org\/{rel}","templated":true}]}}