{"id":46035,"date":"2024-11-12T09:56:35","date_gmt":"2024-11-12T09:56:35","guid":{"rendered":"https:\/\/wydawnictwo.ug.edu.pl\/ksiegarnia-online\/uncategorized\/transport-w-ujeciu-holistycznym\/"},"modified":"2026-02-11T12:35:55","modified_gmt":"2026-02-11T12:35:55","slug":"transport-w-ujeciu-holistycznym","status":"publish","type":"product","link":"https:\/\/wydawnictwo.ug.edu.pl\/en\/ksiegarnia-online\/ekonomia\/transport-w-ujeciu-holistycznym\/","title":{"rendered":"Transport w uj\u0119ciu holistycznym"},"content":{"rendered":"","protected":false},"excerpt":{"rendered":"<p><em>Transport w uj\u0119ciu holistycznym <\/em>to unikatowa monografia multidyscyplinarna, w kt\u00f3rej prof. dr hab. Jan Burnewicz i dr hab. Aleksandra Ko\u017alak, prof. UG przedstawili kompleksowe podej\u015bcie do badania zjawisk transportowych: wed\u0142ug rodzaju wiedzy, przestrzeni i miejsca, czasu i okresu, technologii i organizacji. Autorska koncepcja holizmu transportowego polega na stworzeniu komplementarnego uk\u0142adu podej\u015b\u0107 teoretycznych: in\u017cynieryjnych, ekonomicznych, prawnych, historycznych, geograficznych, psychologicznych, socjologicznych, militarnych i ekologicznych. Elementem sk\u0142adowym tej koncepcji jest tak\u017ce wiedza praktyczna o transporcie, kt\u00f3ra cz\u0119\u015bciowo jest utrwalana, a cz\u0119\u015bciowo pozostaje ukryta.<\/p>\n","protected":false},"featured_media":30807,"template":"","meta":{"_acf_changed":false},"journal":[],"rodzaj":[7074],"seria":[],"product_brand":[],"product_cat":[6934],"product_tag":[7563,7564],"class_list":{"0":"post-46035","1":"product","2":"type-product","3":"status-publish","4":"has-post-thumbnail","6":"rodzaj-ksiazki","7":"product_cat-ekonomia","8":"product_tag-aleksandra-kozlak","9":"product_tag-jan-burnewicz","11":"first","12":"instock","13":"taxable","14":"shipping-taxable","15":"purchasable","16":"product-type-simple"},"acf":[],"_links":{"self":[{"href":"https:\/\/wydawnictwo.ug.edu.pl\/en\/wp-json\/wp\/v2\/product\/46035","targetHints":{"allow":["GET"]}}],"collection":[{"href":"https:\/\/wydawnictwo.ug.edu.pl\/en\/wp-json\/wp\/v2\/product"}],"about":[{"href":"https:\/\/wydawnictwo.ug.edu.pl\/en\/wp-json\/wp\/v2\/types\/product"}],"wp:featuredmedia":[{"embeddable":true,"href":"https:\/\/wydawnictwo.ug.edu.pl\/en\/wp-json\/wp\/v2\/media\/30807"}],"wp:attachment":[{"href":"https:\/\/wydawnictwo.ug.edu.pl\/en\/wp-json\/wp\/v2\/media?parent=46035"}],"wp:term":[{"taxonomy":"journal","embeddable":true,"href":"https:\/\/wydawnictwo.ug.edu.pl\/en\/wp-json\/wp\/v2\/journal?post=46035"},{"taxonomy":"rodzaj","embeddable":true,"href":"https:\/\/wydawnictwo.ug.edu.pl\/en\/wp-json\/wp\/v2\/rodzaj?post=46035"},{"taxonomy":"seria","embeddable":true,"href":"https:\/\/wydawnictwo.ug.edu.pl\/en\/wp-json\/wp\/v2\/seria?post=46035"},{"taxonomy":"product_brand","embeddable":true,"href":"https:\/\/wydawnictwo.ug.edu.pl\/en\/wp-json\/wp\/v2\/product_brand?post=46035"},{"taxonomy":"product_cat","embeddable":true,"href":"https:\/\/wydawnictwo.ug.edu.pl\/en\/wp-json\/wp\/v2\/product_cat?post=46035"},{"taxonomy":"product_tag","embeddable":true,"href":"https:\/\/wydawnictwo.ug.edu.pl\/en\/wp-json\/wp\/v2\/product_tag?post=46035"}],"curies":[{"name":"wp","href":"https:\/\/api.w.org\/{rel}","templated":true}]}}