{"id":46034,"date":"2023-11-28T09:57:26","date_gmt":"2023-11-28T09:57:26","guid":{"rendered":"https:\/\/wydawnictwo.ug.edu.pl\/ksiegarnia-online\/uncategorized\/prusowie-i-wielki-step-slady-tradycji-stepowych-koczownikow-u-zachodnich-baltow\/"},"modified":"2026-02-11T13:07:35","modified_gmt":"2026-02-11T13:07:35","slug":"prusowie-i-wielki-step-slady-tradycji-stepowych-koczownikow-u-zachodnich-baltow","status":"publish","type":"product","link":"https:\/\/wydawnictwo.ug.edu.pl\/en\/ksiegarnia-online\/historia\/prusowie-i-wielki-step-slady-tradycji-stepowych-koczownikow-u-zachodnich-baltow\/","title":{"rendered":"Prusowie i Wielki Step. \u015alady tradycji stepowych koczownik\u00f3w u zachodnich Ba\u0142t\u00f3w"},"content":{"rendered":"","protected":false},"excerpt":{"rendered":"<p>\u015awiat zawsze by\u0142 ma\u0142y.<br \/>\n\u201eSzlak jedwabny\u201d, \u201eszlak bursztynowy\u201d \u2013 to nie tylko nazwy dr\u00f3g, kt\u00f3rymi poprzez kontynenty na dystansach tysi\u0119cy kilometr\u00f3w w\u0119drowali ludzie, idee i rzeczy, ale i symbole powszechno\u015bci potrzeby dalekosi\u0119\u017cnych kontakt\u00f3w. Tak\u017ce i Prusowie, mieszkaj\u0105cy na po\u0142udniowo-wschodnich wybrze\u017cach Ba\u0142tyku, nie pozostawali w izolacji od otaczaj\u0105cych ich \u015bwiat\u00f3w. W dotychczasowych poszukiwaniach obcych \u015blad\u00f3w w kulturze Prus\u00f3w i ich bezpo\u015brednich przodk\u00f3w najsilniej akcentowane by\u0142y oddzia\u0142ywania ze strony German\u00f3w (zar\u00f3wno tych z Ni\u017cu Europejskiego, jak i Skandynawii). W mniejszym stopniu dostrzegano wp\u0142ywy s\u0142owia\u0144skie. Od dawna zwracano te\u017c uwag\u0119 na wczesno\u015bredniowieczne relacje o dziwi\u0105cych innych Europejczyk\u00f3w obyczajach Prus\u00f3w, chowaj\u0105cych swych zmar\u0142ych wraz z ko\u0144mi i upijaj\u0105cych si\u0119 sfermentowanym, kobylim mlekiem. Kierowa\u0142y one uwag\u0119 na tereny odleglejsze od \u015bwiat\u00f3w German\u00f3w czy S\u0142owian \u2013 na Wielki Step i mieszkaj\u0105ce na nim dawniej ludy niemaj\u0105ce sta\u0142ych osad, prowadz\u0105ce w\u0119drowny tryb \u017cycia.<\/p>\n<p style=\"text-align: right;\">Ze Wst\u0119pu<\/p>\n<div id=\"gtx-trans\" style=\"position: absolute; left: -29px; top: -16.6px;\">\n<div class=\"gtx-trans-icon\"><\/div>\n<\/div>\n","protected":false},"featured_media":27051,"template":"","meta":{"_acf_changed":false},"journal":[],"rodzaj":[7074],"seria":[],"product_brand":[],"product_cat":[6958],"product_tag":[7562],"class_list":{"0":"post-46034","1":"product","2":"type-product","3":"status-publish","4":"has-post-thumbnail","6":"rodzaj-ksiazki","7":"product_cat-historia","8":"product_tag-witold-swietoslawski","10":"first","11":"outofstock","12":"taxable","13":"shipping-taxable","14":"purchasable","15":"product-type-simple"},"acf":[],"_links":{"self":[{"href":"https:\/\/wydawnictwo.ug.edu.pl\/en\/wp-json\/wp\/v2\/product\/46034","targetHints":{"allow":["GET"]}}],"collection":[{"href":"https:\/\/wydawnictwo.ug.edu.pl\/en\/wp-json\/wp\/v2\/product"}],"about":[{"href":"https:\/\/wydawnictwo.ug.edu.pl\/en\/wp-json\/wp\/v2\/types\/product"}],"wp:featuredmedia":[{"embeddable":true,"href":"https:\/\/wydawnictwo.ug.edu.pl\/en\/wp-json\/wp\/v2\/media\/27051"}],"wp:attachment":[{"href":"https:\/\/wydawnictwo.ug.edu.pl\/en\/wp-json\/wp\/v2\/media?parent=46034"}],"wp:term":[{"taxonomy":"journal","embeddable":true,"href":"https:\/\/wydawnictwo.ug.edu.pl\/en\/wp-json\/wp\/v2\/journal?post=46034"},{"taxonomy":"rodzaj","embeddable":true,"href":"https:\/\/wydawnictwo.ug.edu.pl\/en\/wp-json\/wp\/v2\/rodzaj?post=46034"},{"taxonomy":"seria","embeddable":true,"href":"https:\/\/wydawnictwo.ug.edu.pl\/en\/wp-json\/wp\/v2\/seria?post=46034"},{"taxonomy":"product_brand","embeddable":true,"href":"https:\/\/wydawnictwo.ug.edu.pl\/en\/wp-json\/wp\/v2\/product_brand?post=46034"},{"taxonomy":"product_cat","embeddable":true,"href":"https:\/\/wydawnictwo.ug.edu.pl\/en\/wp-json\/wp\/v2\/product_cat?post=46034"},{"taxonomy":"product_tag","embeddable":true,"href":"https:\/\/wydawnictwo.ug.edu.pl\/en\/wp-json\/wp\/v2\/product_tag?post=46034"}],"curies":[{"name":"wp","href":"https:\/\/api.w.org\/{rel}","templated":true}]}}