{"id":46033,"date":"2023-11-28T10:13:59","date_gmt":"2023-11-28T10:13:59","guid":{"rendered":"https:\/\/wydawnictwo.ug.edu.pl\/ksiegarnia-online\/uncategorized\/my-dorosli-zagubieni-chlopcy\/"},"modified":"2026-02-11T13:07:32","modified_gmt":"2026-02-11T13:07:32","slug":"my-dorosli-zagubieni-chlopcy","status":"publish","type":"product","link":"https:\/\/wydawnictwo.ug.edu.pl\/en\/ksiegarnia-online\/poezja\/my-dorosli-zagubieni-chlopcy\/","title":{"rendered":"My doro\u015bli, zagubieni ch\u0142opcy"},"content":{"rendered":"","protected":false},"excerpt":{"rendered":"<p>Patrycjusz Dziczek \u2013 urodzony w 1983 roku w Ornecie, poezj\u0105 zainteresowa\u0142 si\u0119 jako student Akademii Wychowania Fizycznego. W 2011 roku ukaza\u0142 si\u0119 jego debiutancki tomik poezji <em>Polowanie na malinowy \u015bnieg<\/em>. Publikowa\u0142 m.in. w \u201eAutografie\u201d, \u201eMigotaniach i przeja\u015bnieniach\u201d, \u201eTyglu Kultury\u201d, czy \u201ePoboczach\u201d. Laureat wielu konkurs\u00f3w poetyckich. Tw\u00f3rca i za\u0142o\u017cyciel kawiarenki artystycznej M\u0142ody Byron w Dworku Sierakowskich w Sopocie. Jest cz\u0142onkiem Polskiego Stowarzyszenia Terapeut\u00f3w Terapii Skoncentrowanej na Rozwi\u0105zaniach (PSTTSR).<\/p>\n<p>Publikacja sfinansowana ze \u015brodk\u00f3w Gda\u0144skiego Funduszu Promocji Wydawnictw.<\/p>\n<p><img decoding=\"async\" class=\"alignnone wp-image-26881\" src=\"https:\/\/wydawnictwo.ug.edu.pl\/wp-content\/uploads\/2023\/11\/Gdan\u2560uski-Fundusz-Promocji-Wydawnictw-1-1024x430.png\" alt=\"\" width=\"177\" height=\"74\" srcset=\"https:\/\/wydawnictwo.ug.edu.pl\/wp-content\/uploads\/2023\/11\/Gdan\u2560uski-Fundusz-Promocji-Wydawnictw-1-1024x430.png 1024w, https:\/\/wydawnictwo.ug.edu.pl\/wp-content\/uploads\/2023\/11\/Gdan\u2560uski-Fundusz-Promocji-Wydawnictw-1-600x252.png 600w, https:\/\/wydawnictwo.ug.edu.pl\/wp-content\/uploads\/2023\/11\/Gdan\u2560uski-Fundusz-Promocji-Wydawnictw-1-300x126.png 300w, https:\/\/wydawnictwo.ug.edu.pl\/wp-content\/uploads\/2023\/11\/Gdan\u2560uski-Fundusz-Promocji-Wydawnictw-1-768x323.png 768w, https:\/\/wydawnictwo.ug.edu.pl\/wp-content\/uploads\/2023\/11\/Gdan\u2560uski-Fundusz-Promocji-Wydawnictw-1-640x269.png 640w, https:\/\/wydawnictwo.ug.edu.pl\/wp-content\/uploads\/2023\/11\/Gdan\u2560uski-Fundusz-Promocji-Wydawnictw-1-400x168.png 400w, https:\/\/wydawnictwo.ug.edu.pl\/wp-content\/uploads\/2023\/11\/Gdan\u2560uski-Fundusz-Promocji-Wydawnictw-1.png 1412w\" sizes=\"(max-width: 177px) 100vw, 177px\" \/><\/p>\n","protected":false},"featured_media":26870,"template":"","meta":{"_acf_changed":false},"journal":[],"rodzaj":[2602],"seria":[],"product_brand":[],"product_cat":[6794],"product_tag":[2370],"class_list":{"0":"post-46033","1":"product","2":"type-product","3":"status-publish","4":"has-post-thumbnail","6":"rodzaj-ksiazki","7":"product_cat-poezja","8":"product_tag-patrycjusz-dziczek","10":"first","11":"instock","12":"taxable","13":"shipping-taxable","14":"purchasable","15":"product-type-simple"},"acf":[],"_links":{"self":[{"href":"https:\/\/wydawnictwo.ug.edu.pl\/en\/wp-json\/wp\/v2\/product\/46033","targetHints":{"allow":["GET"]}}],"collection":[{"href":"https:\/\/wydawnictwo.ug.edu.pl\/en\/wp-json\/wp\/v2\/product"}],"about":[{"href":"https:\/\/wydawnictwo.ug.edu.pl\/en\/wp-json\/wp\/v2\/types\/product"}],"wp:featuredmedia":[{"embeddable":true,"href":"https:\/\/wydawnictwo.ug.edu.pl\/en\/wp-json\/wp\/v2\/media\/26870"}],"wp:attachment":[{"href":"https:\/\/wydawnictwo.ug.edu.pl\/en\/wp-json\/wp\/v2\/media?parent=46033"}],"wp:term":[{"taxonomy":"journal","embeddable":true,"href":"https:\/\/wydawnictwo.ug.edu.pl\/en\/wp-json\/wp\/v2\/journal?post=46033"},{"taxonomy":"rodzaj","embeddable":true,"href":"https:\/\/wydawnictwo.ug.edu.pl\/en\/wp-json\/wp\/v2\/rodzaj?post=46033"},{"taxonomy":"seria","embeddable":true,"href":"https:\/\/wydawnictwo.ug.edu.pl\/en\/wp-json\/wp\/v2\/seria?post=46033"},{"taxonomy":"product_brand","embeddable":true,"href":"https:\/\/wydawnictwo.ug.edu.pl\/en\/wp-json\/wp\/v2\/product_brand?post=46033"},{"taxonomy":"product_cat","embeddable":true,"href":"https:\/\/wydawnictwo.ug.edu.pl\/en\/wp-json\/wp\/v2\/product_cat?post=46033"},{"taxonomy":"product_tag","embeddable":true,"href":"https:\/\/wydawnictwo.ug.edu.pl\/en\/wp-json\/wp\/v2\/product_tag?post=46033"}],"curies":[{"name":"wp","href":"https:\/\/api.w.org\/{rel}","templated":true}]}}