{"id":46032,"date":"2023-11-28T10:24:36","date_gmt":"2023-11-28T10:24:36","guid":{"rendered":"https:\/\/wydawnictwo.ug.edu.pl\/ksiegarnia-online\/uncategorized\/gdynia-niepoznana\/"},"modified":"2026-02-11T13:06:27","modified_gmt":"2026-02-11T13:06:27","slug":"gdynia-niepoznana","status":"publish","type":"product","link":"https:\/\/wydawnictwo.ug.edu.pl\/en\/ksiegarnia-online\/historia\/gdynia-niepoznana\/","title":{"rendered":"Niepoznana. Gdynia i okolice do XII wieku"},"content":{"rendered":"","protected":false},"excerpt":{"rendered":"<p><em>Niepoznana. Gdynia do XII wieku<\/em>\u00a0otwiera seri\u0119 <em>Monografia Gdyni <\/em>realizowan\u0105 przez Muzeum Miasta Gdyni i Wydawnictwo Uniwersytetu Gda\u0144skiego.<\/p>\n<p>Archeologia i Gdynia nie s\u0105 ze sob\u0105 powszechnie kojarzone, ale ksi\u0105\u017ck\u0105 udowadniamy, \u017ce id\u0105 w parze. Wydawnictwo przybli\u017ca najdawniejsze okresy dziej\u00f3w \u2013 pierwszych przybysz\u00f3w i osadnik\u00f3w na tych terenach oraz ich nast\u0119pc\u00f3w do czas\u00f3w \u015bredniowiecza. Tym samym ukazuje ma\u0142o dot\u0105d poznan\u0105 i upowszechnion\u0105 cz\u0119\u015b\u0107 naszej wsp\u00f3lnej przesz\u0142o\u015bci. Charakteryzuj\u0105c warunki naturalne i szat\u0119 ro\u015blinn\u0105, pozwala czytelnikowi lepiej zrozumie\u0107, co kierowa\u0142o pionierami pradziej\u00f3w, kiedy decydowali si\u0119 na zamieszkanie na obszarze dzisiejszej Gdyni.<\/p>\n<p>Nad tomem pracowa\u0142o grono wybitnych ekspert\u00f3w: dr Mateusz Cwali\u0144ski, Karol Dzi\u0119gielewski, Miros\u0142aw Fudzi\u0144ski, dr Piotr Fudzi\u0144ski, Leszek Jurys, Danuta Kr\u00f3l, prof. Ma\u0142gorzata Lata\u0142owa, dr Anna P\u0119dziszewska, dr Anna Strobin, prof. Szymon U\u015bcinowicz, dr S\u0142awomir Wadyl.<\/p>\n<p><strong>Wsp\u00f3\u0142wydawca:<\/strong> <a href=\"https:\/\/muzeumgdynia.pl\/\">Muzeum Miasta Gdyni<\/a><\/p>\n<p><img decoding=\"async\" class=\"alignnone wp-image-26893\" src=\"https:\/\/wydawnictwo.ug.edu.pl\/wp-content\/uploads\/2023\/11\/znak-MMG-wariant-poziomy-1024x316.png\" alt=\"\" width=\"272\" height=\"84\" srcset=\"https:\/\/wydawnictwo.ug.edu.pl\/wp-content\/uploads\/2023\/11\/znak-MMG-wariant-poziomy-1024x316.png 1024w, https:\/\/wydawnictwo.ug.edu.pl\/wp-content\/uploads\/2023\/11\/znak-MMG-wariant-poziomy-600x185.png 600w, https:\/\/wydawnictwo.ug.edu.pl\/wp-content\/uploads\/2023\/11\/znak-MMG-wariant-poziomy-300x93.png 300w, https:\/\/wydawnictwo.ug.edu.pl\/wp-content\/uploads\/2023\/11\/znak-MMG-wariant-poziomy-768x237.png 768w, https:\/\/wydawnictwo.ug.edu.pl\/wp-content\/uploads\/2023\/11\/znak-MMG-wariant-poziomy-1536x474.png 1536w, https:\/\/wydawnictwo.ug.edu.pl\/wp-content\/uploads\/2023\/11\/znak-MMG-wariant-poziomy-2048x633.png 2048w, https:\/\/wydawnictwo.ug.edu.pl\/wp-content\/uploads\/2023\/11\/znak-MMG-wariant-poziomy-640x198.png 640w, https:\/\/wydawnictwo.ug.edu.pl\/wp-content\/uploads\/2023\/11\/znak-MMG-wariant-poziomy-400x124.png 400w\" sizes=\"(max-width: 272px) 100vw, 272px\" \/><\/p>\n","protected":false},"featured_media":26931,"template":"","meta":{"_acf_changed":false},"journal":[],"rodzaj":[7074],"seria":[],"product_brand":[],"product_cat":[6958],"product_tag":[7560],"class_list":{"0":"post-46032","1":"product","2":"type-product","3":"status-publish","4":"has-post-thumbnail","6":"rodzaj-ksiazki","7":"product_cat-historia","8":"product_tag-mateusz-cwalinski","10":"first","11":"instock","12":"taxable","13":"shipping-taxable","14":"purchasable","15":"product-type-simple"},"acf":[],"_links":{"self":[{"href":"https:\/\/wydawnictwo.ug.edu.pl\/en\/wp-json\/wp\/v2\/product\/46032","targetHints":{"allow":["GET"]}}],"collection":[{"href":"https:\/\/wydawnictwo.ug.edu.pl\/en\/wp-json\/wp\/v2\/product"}],"about":[{"href":"https:\/\/wydawnictwo.ug.edu.pl\/en\/wp-json\/wp\/v2\/types\/product"}],"wp:featuredmedia":[{"embeddable":true,"href":"https:\/\/wydawnictwo.ug.edu.pl\/en\/wp-json\/wp\/v2\/media\/26931"}],"wp:attachment":[{"href":"https:\/\/wydawnictwo.ug.edu.pl\/en\/wp-json\/wp\/v2\/media?parent=46032"}],"wp:term":[{"taxonomy":"journal","embeddable":true,"href":"https:\/\/wydawnictwo.ug.edu.pl\/en\/wp-json\/wp\/v2\/journal?post=46032"},{"taxonomy":"rodzaj","embeddable":true,"href":"https:\/\/wydawnictwo.ug.edu.pl\/en\/wp-json\/wp\/v2\/rodzaj?post=46032"},{"taxonomy":"seria","embeddable":true,"href":"https:\/\/wydawnictwo.ug.edu.pl\/en\/wp-json\/wp\/v2\/seria?post=46032"},{"taxonomy":"product_brand","embeddable":true,"href":"https:\/\/wydawnictwo.ug.edu.pl\/en\/wp-json\/wp\/v2\/product_brand?post=46032"},{"taxonomy":"product_cat","embeddable":true,"href":"https:\/\/wydawnictwo.ug.edu.pl\/en\/wp-json\/wp\/v2\/product_cat?post=46032"},{"taxonomy":"product_tag","embeddable":true,"href":"https:\/\/wydawnictwo.ug.edu.pl\/en\/wp-json\/wp\/v2\/product_tag?post=46032"}],"curies":[{"name":"wp","href":"https:\/\/api.w.org\/{rel}","templated":true}]}}