{"id":46031,"date":"2023-11-30T08:40:02","date_gmt":"2023-11-30T08:40:02","guid":{"rendered":"https:\/\/wydawnictwo.ug.edu.pl\/ksiegarnia-online\/uncategorized\/flora-zatoki-gdanskiej-i-wod-przyleglych-baltyk-poludniowy-bruzdnice-dinoflagellata-dinoflagellates\/"},"modified":"2026-02-11T13:06:17","modified_gmt":"2026-02-11T13:06:17","slug":"flora-zatoki-gdanskiej-i-wod-przyleglych-baltyk-poludniowy-bruzdnice-dinoflagellata-dinoflagellates","status":"publish","type":"product","link":"https:\/\/wydawnictwo.ug.edu.pl\/en\/ksiegarnia-online\/biologia\/flora-zatoki-gdanskiej-i-wod-przyleglych-baltyk-poludniowy-bruzdnice-dinoflagellata-dinoflagellates\/","title":{"rendered":"Flora Zatoki Gda\u0144skiej i w\u00f3d przyleg\u0142ych (Ba\u0142tyk Po\u0142udniowy). Bruzdnice \u2013 Dinoflagellata (Dinoflagellates)"},"content":{"rendered":"","protected":false},"excerpt":{"rendered":"<p>Niniejsza cz\u0119\u015b\u0107 serii <em>Flora Zatoki Gda\u0144skiej i w\u00f3d przyleg\u0142ych (Ba\u0142tyk Po\u0142udniowy)<\/em> obejmuje wszystkie te gatunki glon\u00f3w, kt\u00f3re w wielu podr\u0119cznikach okre\u015blane s\u0105 nazw\u0105 bruzdnic. Nazwa ta kojarzy si\u0119 zawsze z klasycznymi przedstawicielami tej grupy, a mianowicie z <em>Peridinium<\/em> czy z <em>Ceratium<\/em>, u kt\u00f3rych jednym z podstawowych element\u00f3w morfologii kom\u00f3rki s\u0105 bruzdy. Jednak\u017ce do grupy tej nalez\u0105 r\u00f3wnie\u017c glony, kt\u00f3re nie maj\u0105 bruzdy. Ehrenberg twierdzi\u0142, \u017ce w bru\u017adzie okr\u0119\u017cnej znajduje si\u0119 wieniec rz\u0119sek i dlatego Clapar\u00e8de i Lachmanna stosuj\u0105 dla tej grupy glon\u00f3w nazw\u0119 <em>Cilioflagellatae<\/em>. W 1883 roku G. Klebs odkry\u0142 obecn\u0105 tam wi\u0107, co spowodowa\u0142o przyj\u0119cie przez B\u00fctschliego nazwy <em>Dinoflagellatae<\/em> (Huber-Pestalozzi 1968).<\/p>\n<p>Autorzy omawiaj\u0105 budow\u0119 kom\u00f3rki bruzdnicowej, ze szczeg\u00f3lnym uwzgl\u0119dnieniem wa\u017cnej dla identyfikacji takson\u00f3w morfologii pancerzyka. Omawiaj\u0105 metody zbioru materia\u0142u w terenie, techniki jego obr\u00f3bki w laboratorium i systematyk\u0119 zastosowan\u0105 w opracowaniu. Przedstawiaj\u0105 klucze do identyfikacji oraz opisy diagnostyczne takson\u00f3w, kt\u00f3rych obecno\u015b\u0107 odnotowano w Ba\u0142tyku Po\u0142udniowym. Ka\u017cdy takson jest zilustrowany rysunkiem, a ca\u0142o\u015b\u0107 uzupe\u0142nia zbi\u00f3r oryginalnych fotografii wybranych takson\u00f3w.<\/p>\n","protected":false},"featured_media":26912,"template":"","meta":{"_acf_changed":false},"journal":[],"rodzaj":[7074],"seria":[],"product_brand":[],"product_cat":[7307],"product_tag":[7426,7559],"class_list":{"0":"post-46031","1":"product","2":"type-product","3":"status-publish","4":"has-post-thumbnail","6":"rodzaj-ksiazki","7":"product_cat-biologia","8":"product_tag-marcin-plinskimarcin-plinski","9":"product_tag-pawel-m-owsiannypawel-m-owsianny","11":"first","12":"instock","13":"taxable","14":"shipping-taxable","15":"product-type-simple"},"acf":[],"_links":{"self":[{"href":"https:\/\/wydawnictwo.ug.edu.pl\/en\/wp-json\/wp\/v2\/product\/46031","targetHints":{"allow":["GET"]}}],"collection":[{"href":"https:\/\/wydawnictwo.ug.edu.pl\/en\/wp-json\/wp\/v2\/product"}],"about":[{"href":"https:\/\/wydawnictwo.ug.edu.pl\/en\/wp-json\/wp\/v2\/types\/product"}],"wp:featuredmedia":[{"embeddable":true,"href":"https:\/\/wydawnictwo.ug.edu.pl\/en\/wp-json\/wp\/v2\/media\/26912"}],"wp:attachment":[{"href":"https:\/\/wydawnictwo.ug.edu.pl\/en\/wp-json\/wp\/v2\/media?parent=46031"}],"wp:term":[{"taxonomy":"journal","embeddable":true,"href":"https:\/\/wydawnictwo.ug.edu.pl\/en\/wp-json\/wp\/v2\/journal?post=46031"},{"taxonomy":"rodzaj","embeddable":true,"href":"https:\/\/wydawnictwo.ug.edu.pl\/en\/wp-json\/wp\/v2\/rodzaj?post=46031"},{"taxonomy":"seria","embeddable":true,"href":"https:\/\/wydawnictwo.ug.edu.pl\/en\/wp-json\/wp\/v2\/seria?post=46031"},{"taxonomy":"product_brand","embeddable":true,"href":"https:\/\/wydawnictwo.ug.edu.pl\/en\/wp-json\/wp\/v2\/product_brand?post=46031"},{"taxonomy":"product_cat","embeddable":true,"href":"https:\/\/wydawnictwo.ug.edu.pl\/en\/wp-json\/wp\/v2\/product_cat?post=46031"},{"taxonomy":"product_tag","embeddable":true,"href":"https:\/\/wydawnictwo.ug.edu.pl\/en\/wp-json\/wp\/v2\/product_tag?post=46031"}],"curies":[{"name":"wp","href":"https:\/\/api.w.org\/{rel}","templated":true}]}}