{"id":46029,"date":"2023-12-01T09:17:37","date_gmt":"2023-12-01T09:17:37","guid":{"rendered":"https:\/\/wydawnictwo.ug.edu.pl\/ksiegarnia-online\/uncategorized\/on-time-essays-in-honour-of-professor-jerzy-limon\/"},"modified":"2026-02-11T13:06:13","modified_gmt":"2026-02-11T13:06:13","slug":"on-time-essays-in-honour-of-professor-jerzy-limon","status":"publish","type":"product","link":"https:\/\/wydawnictwo.ug.edu.pl\/en\/ksiegarnia-online\/varia\/on-time-essays-in-honour-of-professor-jerzy-limon\/","title":{"rendered":"On time. Essays in Honour of Professor Jerzy Limon"},"content":{"rendered":"","protected":false},"excerpt":{"rendered":"<p>One of Jerzy Limon\u2019s favourite Shakespearean concepts was that of the \u201csyllables of time\u201d (<em>Macbeth<\/em>, 5.5)\u2014probably because it accords with his conviction that when we use language, whether natural or artistic, to impose some kind of form upon the past, we lift the bygone onto a completely different plane of existence by making it part of our present experience. The same intentions stand behind the publication of this volume, whose aim is to show that Limon\u2019s time is still present time, although it can now be experienced differently: within the dimension of memory, reading, inspiration, dialogue, and polemics.<\/p>\n<p>This book\u2019s title, echoing what most intrigued Limon in theatre and art, also points to the actual times in which he lived and worked, whose rhythm was determined by the successive stages in the construction of the Gda\u0144sk Shakespeare Theatre, the annual Gda\u0144sk Shakespeare Festival, and the numerous artistic and academic projects that he initiated or co-authored. The title also draws the reader\u2019s attention to the evolutions and changes that have taken place in the humanities over the last few decades and left their imprint on Limon\u2019s research. Equally, it points to the time of his individual academic and artistic peregrinations.<\/p>\n<p style=\"text-align: right;\">From the <em>Introduction<\/em><\/p>\n<p style=\"text-align: left;\">Ksi\u0105\u017cka dost\u0119pna r\u00f3wnie\u017c w <strong><a href=\"https:\/\/wydawnictwo.ug.edu.pl\/produkt\/czas-jerzego-limona-ksiega-pamiatkowa-ku-czci-tworcy-gdanskiego-teatru-szekspirowskiego\/\">polskiej<\/a> <\/strong>wersji j\u0119zykowej.<\/p>\n<p>Publikacja sfinansowana przez Partner\u00f3w wydania \u2013 Bank Pekao S.A. oraz Fundacj\u0119 Rozwoju Uniwersytetu Gda\u0144skiego<\/p>\n<p><img decoding=\"async\" class=\"wp-image-25672 alignleft\" src=\"https:\/\/wydawnictwo.ug.edu.pl\/wp-content\/uploads\/2023\/07\/2560px-Bank_Pekao_SA_Logo_2017.svg-1024x150.png\" alt=\"\" width=\"149\" height=\"22\" srcset=\"https:\/\/wydawnictwo.ug.edu.pl\/wp-content\/uploads\/2023\/07\/2560px-Bank_Pekao_SA_Logo_2017.svg-1024x150.png 1024w, https:\/\/wydawnictwo.ug.edu.pl\/wp-content\/uploads\/2023\/07\/2560px-Bank_Pekao_SA_Logo_2017.svg-600x88.png 600w, https:\/\/wydawnictwo.ug.edu.pl\/wp-content\/uploads\/2023\/07\/2560px-Bank_Pekao_SA_Logo_2017.svg-300x44.png 300w, https:\/\/wydawnictwo.ug.edu.pl\/wp-content\/uploads\/2023\/07\/2560px-Bank_Pekao_SA_Logo_2017.svg-768x113.png 768w, https:\/\/wydawnictwo.ug.edu.pl\/wp-content\/uploads\/2023\/07\/2560px-Bank_Pekao_SA_Logo_2017.svg-1536x226.png 1536w, https:\/\/wydawnictwo.ug.edu.pl\/wp-content\/uploads\/2023\/07\/2560px-Bank_Pekao_SA_Logo_2017.svg-2048x301.png 2048w, https:\/\/wydawnictwo.ug.edu.pl\/wp-content\/uploads\/2023\/07\/2560px-Bank_Pekao_SA_Logo_2017.svg-640x94.png 640w, https:\/\/wydawnictwo.ug.edu.pl\/wp-content\/uploads\/2023\/07\/2560px-Bank_Pekao_SA_Logo_2017.svg-400x59.png 400w\" sizes=\"(max-width: 149px) 100vw, 149px\" \/><img decoding=\"async\" class=\"wp-image-26964 alignnone\" src=\"https:\/\/wydawnictwo.ug.edu.pl\/wp-content\/uploads\/2023\/12\/frug_logo_2016_final-1.png\" alt=\"\" width=\"148\" height=\"50\" \/><\/p>\n","protected":false},"featured_media":26961,"template":"","meta":{"_acf_changed":false},"journal":[],"rodzaj":[7074],"seria":[],"product_brand":[],"product_cat":[6948],"product_tag":[7555,7556,7557],"class_list":{"0":"post-46029","1":"product","2":"type-product","3":"status-publish","4":"has-post-thumbnail","6":"rodzaj-ksiazki","7":"product_cat-varia","8":"product_tag-agnieszka-zukowska","9":"product_tag-jean-ward","10":"product_tag-maria-fenglermaria-fengler","12":"first","13":"instock","14":"taxable","15":"shipping-taxable","16":"purchasable","17":"product-type-simple"},"acf":[],"_links":{"self":[{"href":"https:\/\/wydawnictwo.ug.edu.pl\/en\/wp-json\/wp\/v2\/product\/46029","targetHints":{"allow":["GET"]}}],"collection":[{"href":"https:\/\/wydawnictwo.ug.edu.pl\/en\/wp-json\/wp\/v2\/product"}],"about":[{"href":"https:\/\/wydawnictwo.ug.edu.pl\/en\/wp-json\/wp\/v2\/types\/product"}],"wp:featuredmedia":[{"embeddable":true,"href":"https:\/\/wydawnictwo.ug.edu.pl\/en\/wp-json\/wp\/v2\/media\/26961"}],"wp:attachment":[{"href":"https:\/\/wydawnictwo.ug.edu.pl\/en\/wp-json\/wp\/v2\/media?parent=46029"}],"wp:term":[{"taxonomy":"journal","embeddable":true,"href":"https:\/\/wydawnictwo.ug.edu.pl\/en\/wp-json\/wp\/v2\/journal?post=46029"},{"taxonomy":"rodzaj","embeddable":true,"href":"https:\/\/wydawnictwo.ug.edu.pl\/en\/wp-json\/wp\/v2\/rodzaj?post=46029"},{"taxonomy":"seria","embeddable":true,"href":"https:\/\/wydawnictwo.ug.edu.pl\/en\/wp-json\/wp\/v2\/seria?post=46029"},{"taxonomy":"product_brand","embeddable":true,"href":"https:\/\/wydawnictwo.ug.edu.pl\/en\/wp-json\/wp\/v2\/product_brand?post=46029"},{"taxonomy":"product_cat","embeddable":true,"href":"https:\/\/wydawnictwo.ug.edu.pl\/en\/wp-json\/wp\/v2\/product_cat?post=46029"},{"taxonomy":"product_tag","embeddable":true,"href":"https:\/\/wydawnictwo.ug.edu.pl\/en\/wp-json\/wp\/v2\/product_tag?post=46029"}],"curies":[{"name":"wp","href":"https:\/\/api.w.org\/{rel}","templated":true}]}}