{"id":46028,"date":"2023-12-04T13:46:00","date_gmt":"2023-12-04T13:46:00","guid":{"rendered":"https:\/\/wydawnictwo.ug.edu.pl\/ksiegarnia-online\/uncategorized\/wielkie-religie-swiata-w-jezyku-i-kulturze-chrzescijanstwo-judaizm-wspolne-dziedzictwo\/"},"modified":"2026-02-11T13:06:12","modified_gmt":"2026-02-11T13:06:12","slug":"wielkie-religie-swiata-w-jezyku-i-kulturze-chrzescijanstwo-judaizm-wspolne-dziedzictwo","status":"publish","type":"product","link":"https:\/\/wydawnictwo.ug.edu.pl\/en\/ksiegarnia-online\/jezykoznawstwo\/wielkie-religie-swiata-w-jezyku-i-kulturze-chrzescijanstwo-judaizm-wspolne-dziedzictwo\/","title":{"rendered":"Wielkie religie \u015bwiata w j\u0119zyku i kulturze. Chrze\u015bcija\u0144stwo. Judaizm. Wsp\u00f3lne dziedzictwo"},"content":{"rendered":"","protected":false},"excerpt":{"rendered":"<p><span class=\"OYPEnA text-decoration-none text-strikethrough-none\">Monografia jest po\u015bwi\u0119cona zagadnieniom wsp\u00f3lnego dziedzictwa dw\u00f3ch wielkich monoteistycznych religii: chrze\u015bcija\u0144stwa i judaizmu w j\u0119zyku oraz kulturze przedstawicieli narod\u00f3w i grup etnicznych w r\u00f3\u017cnych pa\u0144stwach na terenie Europy, a tak\u017ce poza kontynentem.<\/span><\/p>\n","protected":false},"featured_media":27045,"template":"","meta":{"_acf_changed":false},"journal":[],"rodzaj":[7074],"seria":[],"product_brand":[],"product_cat":[6924,7011],"product_tag":[7553,7554,7489],"class_list":{"0":"post-46028","1":"product","2":"type-product","3":"status-publish","4":"has-post-thumbnail","6":"rodzaj-ksiazki","7":"product_cat-jezykoznawstwo","8":"product_cat-religioznawstwo","9":"product_tag-magdalena-jaszczewskamagdalena-jaszczewska","10":"product_tag-tatiana-kopac","11":"product_tag-wanda-stecwanda-stec","13":"first","14":"instock","15":"taxable","16":"shipping-taxable","17":"purchasable","18":"product-type-simple"},"acf":[],"_links":{"self":[{"href":"https:\/\/wydawnictwo.ug.edu.pl\/en\/wp-json\/wp\/v2\/product\/46028","targetHints":{"allow":["GET"]}}],"collection":[{"href":"https:\/\/wydawnictwo.ug.edu.pl\/en\/wp-json\/wp\/v2\/product"}],"about":[{"href":"https:\/\/wydawnictwo.ug.edu.pl\/en\/wp-json\/wp\/v2\/types\/product"}],"wp:featuredmedia":[{"embeddable":true,"href":"https:\/\/wydawnictwo.ug.edu.pl\/en\/wp-json\/wp\/v2\/media\/27045"}],"wp:attachment":[{"href":"https:\/\/wydawnictwo.ug.edu.pl\/en\/wp-json\/wp\/v2\/media?parent=46028"}],"wp:term":[{"taxonomy":"journal","embeddable":true,"href":"https:\/\/wydawnictwo.ug.edu.pl\/en\/wp-json\/wp\/v2\/journal?post=46028"},{"taxonomy":"rodzaj","embeddable":true,"href":"https:\/\/wydawnictwo.ug.edu.pl\/en\/wp-json\/wp\/v2\/rodzaj?post=46028"},{"taxonomy":"seria","embeddable":true,"href":"https:\/\/wydawnictwo.ug.edu.pl\/en\/wp-json\/wp\/v2\/seria?post=46028"},{"taxonomy":"product_brand","embeddable":true,"href":"https:\/\/wydawnictwo.ug.edu.pl\/en\/wp-json\/wp\/v2\/product_brand?post=46028"},{"taxonomy":"product_cat","embeddable":true,"href":"https:\/\/wydawnictwo.ug.edu.pl\/en\/wp-json\/wp\/v2\/product_cat?post=46028"},{"taxonomy":"product_tag","embeddable":true,"href":"https:\/\/wydawnictwo.ug.edu.pl\/en\/wp-json\/wp\/v2\/product_tag?post=46028"}],"curies":[{"name":"wp","href":"https:\/\/api.w.org\/{rel}","templated":true}]}}