{"id":46027,"date":"2023-12-05T11:40:35","date_gmt":"2023-12-05T11:40:35","guid":{"rendered":"https:\/\/wydawnictwo.ug.edu.pl\/ksiegarnia-online\/uncategorized\/satysfakcja-zawodowa-pracownikow-we-wspolczesnej-organizacji\/"},"modified":"2026-02-11T13:06:09","modified_gmt":"2026-02-11T13:06:09","slug":"satysfakcja-zawodowa-pracownikow-we-wspolczesnej-organizacji","status":"publish","type":"product","link":"https:\/\/wydawnictwo.ug.edu.pl\/en\/ksiegarnia-online\/zarzadzanie\/satysfakcja-zawodowa-pracownikow-we-wspolczesnej-organizacji\/","title":{"rendered":"Satysfakcja zawodowa pracownik\u00f3w we wsp\u00f3\u0142czesnej organizacji"},"content":{"rendered":"","protected":false},"excerpt":{"rendered":"<p>G\u0142\u00f3wnym celem ksi\u0105\u017cki jest analiza organizacyjnych, jak i indywidualnych uwarunkowa\u0144 kszta\u0142towania poczucia satysfakcji pracowniczej w warunkach wsp\u00f3\u0142czesnych zmian w organizacji i jej otoczeniu. Autorka przedstawia propozycj\u0119 architektury oryginalnego procesu pomiaru zadowolenia zawodowego jako zasadniczego konstruktu pozwalaj\u0105cego diagnozowa\u0107 efektywno\u015b\u0107 zarz\u0105dzania kapita\u0142em ludzkim.<\/p>\n","protected":false},"featured_media":27467,"template":"","meta":{"_acf_changed":false},"journal":[],"rodzaj":[7074],"seria":[],"product_brand":[],"product_cat":[6942],"product_tag":[7351],"class_list":{"0":"post-46027","1":"product","2":"type-product","3":"status-publish","4":"has-post-thumbnail","6":"rodzaj-ksiazki","7":"product_cat-zarzadzanie","8":"product_tag-agata-borowska-pietrzakagata-borowska-pietrzak","10":"first","11":"instock","12":"taxable","13":"shipping-taxable","14":"purchasable","15":"product-type-simple"},"acf":[],"_links":{"self":[{"href":"https:\/\/wydawnictwo.ug.edu.pl\/en\/wp-json\/wp\/v2\/product\/46027","targetHints":{"allow":["GET"]}}],"collection":[{"href":"https:\/\/wydawnictwo.ug.edu.pl\/en\/wp-json\/wp\/v2\/product"}],"about":[{"href":"https:\/\/wydawnictwo.ug.edu.pl\/en\/wp-json\/wp\/v2\/types\/product"}],"wp:featuredmedia":[{"embeddable":true,"href":"https:\/\/wydawnictwo.ug.edu.pl\/en\/wp-json\/wp\/v2\/media\/27467"}],"wp:attachment":[{"href":"https:\/\/wydawnictwo.ug.edu.pl\/en\/wp-json\/wp\/v2\/media?parent=46027"}],"wp:term":[{"taxonomy":"journal","embeddable":true,"href":"https:\/\/wydawnictwo.ug.edu.pl\/en\/wp-json\/wp\/v2\/journal?post=46027"},{"taxonomy":"rodzaj","embeddable":true,"href":"https:\/\/wydawnictwo.ug.edu.pl\/en\/wp-json\/wp\/v2\/rodzaj?post=46027"},{"taxonomy":"seria","embeddable":true,"href":"https:\/\/wydawnictwo.ug.edu.pl\/en\/wp-json\/wp\/v2\/seria?post=46027"},{"taxonomy":"product_brand","embeddable":true,"href":"https:\/\/wydawnictwo.ug.edu.pl\/en\/wp-json\/wp\/v2\/product_brand?post=46027"},{"taxonomy":"product_cat","embeddable":true,"href":"https:\/\/wydawnictwo.ug.edu.pl\/en\/wp-json\/wp\/v2\/product_cat?post=46027"},{"taxonomy":"product_tag","embeddable":true,"href":"https:\/\/wydawnictwo.ug.edu.pl\/en\/wp-json\/wp\/v2\/product_tag?post=46027"}],"curies":[{"name":"wp","href":"https:\/\/api.w.org\/{rel}","templated":true}]}}