{"id":46026,"date":"2023-12-08T11:05:06","date_gmt":"2023-12-08T11:05:06","guid":{"rendered":"https:\/\/wydawnictwo.ug.edu.pl\/ksiegarnia-online\/uncategorized\/literackie-wedrowki-po-tematach-wiek-xix-xxi\/"},"modified":"2026-02-11T13:06:06","modified_gmt":"2026-02-11T13:06:06","slug":"literackie-wedrowki-po-tematach-wiek-xix-xxi","status":"publish","type":"product","link":"https:\/\/wydawnictwo.ug.edu.pl\/en\/ksiegarnia-online\/literaturoznawstwo\/literackie-wedrowki-po-tematach-wiek-xix-xxi\/","title":{"rendered":"Literackie w\u0119dr\u00f3wki po tematach. Wiek XIX-XXI"},"content":{"rendered":"","protected":false},"excerpt":{"rendered":"<p>Monografia wieloautorska<em> Literackie w\u0119dr\u00f3wki po tematach<\/em> stanowi zbi\u00f3r artyku\u0142\u00f3w badaczy najm\u0142odszego pokolenia: student\u00f3w i absolwent\u00f3w filologii polskiej Uniwersytetu Gda\u0144skiego, podejmuj\u0105cych krytycznoliterack\u0105 refleksj\u0119 nad dzie\u0142ami literatury XIX-XXI wieku. Artyku\u0142y obejmuj\u0105 zr\u00f3\u017cnicowane tematycznie i metodologicznie rozprawy dotycz\u0105ce g\u0142\u00f3wnie polskiej literatury wsp\u00f3\u0142czesnej: XXI-wiecznej (tw\u00f3rczo\u015bci O. Tokarczuk, J. Bator, Sz. Twardocha, I. Karpowicza), XX-wiecznej (J. Iwaszkiewicza, L. Tyrmanda, M. Bia\u0142oszewskiego) oraz XIX-wiecznej (A. Mickiewicza i J. S\u0142owackiego). W\u015br\u00f3d analizowanych przez autor\u00f3w motyw\u00f3w pojawiaj\u0105 si\u0119 rozwa\u017cania dotycz\u0105ce to\u017csamo\u015bci, do\u015bwiadcze\u0144 egzystencjalnych (podr\u00f3\u017cy, mi\u0142o\u015bci, choroby, \u015bmierci), traumy przesz\u0142o\u015bci. Zaznaczona w tytule kategoria w\u0119dr\u00f3wki odnosi si\u0119 do procesu lektury i \u015bcie\u017cek badawczych, na kt\u00f3rych istotne s\u0105 zar\u00f3wno ju\u017c istniej\u0105ce odczytania, jak te\u017c nowe propozycje przyczyniaj\u0105ce si\u0119 do od\u015bwie\u017cenia interpretacji tekst\u00f3w literackich.<\/p>\n","protected":false},"featured_media":27070,"template":"","meta":{"_acf_changed":false},"journal":[],"rodzaj":[7074],"seria":[],"product_brand":[],"product_cat":[6925],"product_tag":[7493,7552],"class_list":{"0":"post-46026","1":"product","2":"type-product","3":"status-publish","4":"has-post-thumbnail","6":"rodzaj-ksiazki","7":"product_cat-literaturoznawstwo","8":"product_tag-barbara-zwolinska","9":"product_tag-dariusz-szczukowski","11":"first","12":"instock","13":"taxable","14":"shipping-taxable","15":"product-type-simple"},"acf":[],"_links":{"self":[{"href":"https:\/\/wydawnictwo.ug.edu.pl\/en\/wp-json\/wp\/v2\/product\/46026","targetHints":{"allow":["GET"]}}],"collection":[{"href":"https:\/\/wydawnictwo.ug.edu.pl\/en\/wp-json\/wp\/v2\/product"}],"about":[{"href":"https:\/\/wydawnictwo.ug.edu.pl\/en\/wp-json\/wp\/v2\/types\/product"}],"wp:featuredmedia":[{"embeddable":true,"href":"https:\/\/wydawnictwo.ug.edu.pl\/en\/wp-json\/wp\/v2\/media\/27070"}],"wp:attachment":[{"href":"https:\/\/wydawnictwo.ug.edu.pl\/en\/wp-json\/wp\/v2\/media?parent=46026"}],"wp:term":[{"taxonomy":"journal","embeddable":true,"href":"https:\/\/wydawnictwo.ug.edu.pl\/en\/wp-json\/wp\/v2\/journal?post=46026"},{"taxonomy":"rodzaj","embeddable":true,"href":"https:\/\/wydawnictwo.ug.edu.pl\/en\/wp-json\/wp\/v2\/rodzaj?post=46026"},{"taxonomy":"seria","embeddable":true,"href":"https:\/\/wydawnictwo.ug.edu.pl\/en\/wp-json\/wp\/v2\/seria?post=46026"},{"taxonomy":"product_brand","embeddable":true,"href":"https:\/\/wydawnictwo.ug.edu.pl\/en\/wp-json\/wp\/v2\/product_brand?post=46026"},{"taxonomy":"product_cat","embeddable":true,"href":"https:\/\/wydawnictwo.ug.edu.pl\/en\/wp-json\/wp\/v2\/product_cat?post=46026"},{"taxonomy":"product_tag","embeddable":true,"href":"https:\/\/wydawnictwo.ug.edu.pl\/en\/wp-json\/wp\/v2\/product_tag?post=46026"}],"curies":[{"name":"wp","href":"https:\/\/api.w.org\/{rel}","templated":true}]}}