{"id":46024,"date":"2023-12-13T08:44:35","date_gmt":"2023-12-13T08:44:35","guid":{"rendered":"https:\/\/wydawnictwo.ug.edu.pl\/ksiegarnia-online\/uncategorized\/kazania-ks-aleksandra-jelowickiego\/"},"modified":"2026-02-11T13:06:03","modified_gmt":"2026-02-11T13:06:03","slug":"kazania-ks-aleksandra-jelowickiego","status":"publish","type":"product","link":"https:\/\/wydawnictwo.ug.edu.pl\/en\/ksiegarnia-online\/jezykoznawstwo\/kazania-ks-aleksandra-jelowickiego\/","title":{"rendered":"Kazania ks. Aleksandra Je\u0142owickiego. J\u0119zykowe konceptualizacje \u015bwiata warto\u015bci"},"content":{"rendered":"","protected":false},"excerpt":{"rendered":"<p style=\"text-align: left;\">Ksi\u0105\u017cka Izabeli K\u0119pki jest niezwykle cennym i wnikliwym, reprezentuj\u0105cym wysoki poziom naukowy opracowaniem problematyki aksjologicznej \u015bwiata warto\u015bci zawartych w rzadko poddawanych badaniom j\u0119zykoznawczym tekstach kaznodziejskich Wielkiej Emigracji. Jest to pole badawcze wci\u0105\u017c jeszcze nie w pe\u0142ni odkryte. Monografia ukazuje interesuj\u0105ce metodologicznie podej\u015bcie do historycznego i oryginalnego materia\u0142u \u017ar\u00f3d\u0142owego, co jest jej istotnym walorem. Jest to opracowanie wa\u017cne dla j\u0119zykoznawc\u00f3w (nie tylko historyk\u00f3w j\u0119zyka), ale r\u00f3wnie\u017c inspiruj\u0105ca lektura dla badaczy innych dyscyplin, kt\u00f3rzy zajmuj\u0105 si\u0119 problematyk\u0105 warto\u015bci, kaznodziejstwa oraz Wielkiej Emigracji. Ksi\u0105\u017cka Izabeli K\u0119pki otwiera kolejny rozdzia\u0142 w poznaniu sposob\u00f3w aksjologizowania okre\u015blonych kategorii poj\u0119ciowych i perswazyjnego pos\u0142ugiwania si\u0119 nimi we wsp\u00f3lnotowej komunikacji. Ca\u0142o\u015b\u0107 urzeka i przekonuje.<\/p>\n<p style=\"text-align: right;\">Z recenzji dr hab. Renaty Bizior, prof. UJD<\/p>\n","protected":false},"featured_media":27176,"template":"","meta":{"_acf_changed":false},"journal":[],"rodzaj":[7074],"seria":[],"product_brand":[],"product_cat":[6958,6924],"product_tag":[],"class_list":{"0":"post-46024","1":"product","2":"type-product","3":"status-publish","4":"has-post-thumbnail","6":"rodzaj-ksiazki","7":"product_cat-historia","8":"product_cat-jezykoznawstwo","10":"first","11":"instock","12":"taxable","13":"shipping-taxable","14":"purchasable","15":"product-type-simple"},"acf":[],"_links":{"self":[{"href":"https:\/\/wydawnictwo.ug.edu.pl\/en\/wp-json\/wp\/v2\/product\/46024","targetHints":{"allow":["GET"]}}],"collection":[{"href":"https:\/\/wydawnictwo.ug.edu.pl\/en\/wp-json\/wp\/v2\/product"}],"about":[{"href":"https:\/\/wydawnictwo.ug.edu.pl\/en\/wp-json\/wp\/v2\/types\/product"}],"wp:featuredmedia":[{"embeddable":true,"href":"https:\/\/wydawnictwo.ug.edu.pl\/en\/wp-json\/wp\/v2\/media\/27176"}],"wp:attachment":[{"href":"https:\/\/wydawnictwo.ug.edu.pl\/en\/wp-json\/wp\/v2\/media?parent=46024"}],"wp:term":[{"taxonomy":"journal","embeddable":true,"href":"https:\/\/wydawnictwo.ug.edu.pl\/en\/wp-json\/wp\/v2\/journal?post=46024"},{"taxonomy":"rodzaj","embeddable":true,"href":"https:\/\/wydawnictwo.ug.edu.pl\/en\/wp-json\/wp\/v2\/rodzaj?post=46024"},{"taxonomy":"seria","embeddable":true,"href":"https:\/\/wydawnictwo.ug.edu.pl\/en\/wp-json\/wp\/v2\/seria?post=46024"},{"taxonomy":"product_brand","embeddable":true,"href":"https:\/\/wydawnictwo.ug.edu.pl\/en\/wp-json\/wp\/v2\/product_brand?post=46024"},{"taxonomy":"product_cat","embeddable":true,"href":"https:\/\/wydawnictwo.ug.edu.pl\/en\/wp-json\/wp\/v2\/product_cat?post=46024"},{"taxonomy":"product_tag","embeddable":true,"href":"https:\/\/wydawnictwo.ug.edu.pl\/en\/wp-json\/wp\/v2\/product_tag?post=46024"}],"curies":[{"name":"wp","href":"https:\/\/api.w.org\/{rel}","templated":true}]}}