{"id":46023,"date":"2023-12-13T10:37:55","date_gmt":"2023-12-13T10:37:55","guid":{"rendered":"https:\/\/wydawnictwo.ug.edu.pl\/ksiegarnia-online\/uncategorized\/jak-wyprodukowac-film-dokumentalny-w-polsce\/"},"modified":"2026-02-11T13:06:03","modified_gmt":"2026-02-11T13:06:03","slug":"jak-wyprodukowac-film-dokumentalny-w-polsce","status":"publish","type":"product","link":"https:\/\/wydawnictwo.ug.edu.pl\/en\/ksiegarnia-online\/sztuka\/jak-wyprodukowac-film-dokumentalny-w-polsce\/","title":{"rendered":"Jak wyprodukowa\u0107 film dokumentalny w Polsce"},"content":{"rendered":"","protected":false},"excerpt":{"rendered":"<p>Vademecum producenta filmu dokumentalnego, kt\u00f3re krok po kroku przeprowadza czytelnika przez kolejne etapy realizacji i \u2013 p\u00f3\u017aniej \u2013 dystrybucji dzie\u0142a niefikcjonalnego. Jakub Maj, kt\u00f3ry sam jest do\u015bwiadczonym producentem dokument\u00f3w, dzieli si\u0119 nie tylko spostrze\u017ceniami wyniesionymi z w\u0142asnego portfolio, ale te\u017c si\u0119ga do bogatej bibliografii znawc\u00f3w i tw\u00f3rc\u00f3w kina dokumentalnego. O ile bowiem w filmach fabularnych i animowanych ostateczny kszta\u0142t dzie\u0142a i wi\u0119kszo\u015b\u0107 zada\u0144 do wykonania mo\u017cna mniej lub bardziej precyzyjnie okre\u015bli\u0107 i przewidzie\u0107 ju\u017c na etapie planowania realizacji \u2013 o tyle w dokumencie w pocz\u0105tkowej fazie produkcji prawie nic nie mo\u017cna stwierdzi\u0107 na pewno.<\/p>\n<p>Dokumentalista staje przed szeregiem intryguj\u0105cych, ale i z\u0142o\u017conych kwestii: jak zbudowa\u0107 zesp\u00f3\u0142 produkcyjny, je\u015bli producent nie jest w stanie z g\u00f3ry ustali\u0107 harmonogramu? Jak przygotowa\u0107 kosztorys realizacji, nie znaj\u0105c liczby dni zdj\u0119ciowych? Jak zarz\u0105dza\u0107 przep\u0142ywami pieni\u0119\u017cnymi w tak d\u0142ugim okresie? Jak zaplanowa\u0107 dystrybucj\u0119 i eksploatacj\u0119 gotowego filmu na wczesnym etapie, skoro jego docelowy kszta\u0142t jest trudny do przewidzenia? A tak\u017ce, co najwa\u017cniejsze dla producenta, jak zaplanowa\u0107 finansowanie i jak zach\u0119ci\u0107 r\u00f3\u017cne instytucje i firmy do zainwestowania \u015brodk\u00f3w w co\u015b tak niepewnego i obarczonego tyloma niewiadomymi? Na te i podobne kwestie pojawiaj\u0105ce si\u0119 w procesie produkcji i dystrybucji filmu dokumentalnego zwraca uwag\u0119 autor ksi\u0105\u017cki, udowadniaj\u0105c, \u017ce dzi\u0119ki wypracowanym przez teori\u0119 i praktyk\u0119 zawodow\u0105 strategiom, producent dzie\u0142a niefikcjonalnego mo\u017ce zwi\u0119kszy\u0107 swoje szanse na sukces.<\/p>\n","protected":false},"featured_media":27251,"template":"","meta":{"_acf_changed":false},"journal":[],"rodzaj":[7074],"seria":[],"product_brand":[],"product_cat":[6939],"product_tag":[7550],"class_list":{"0":"post-46023","1":"product","2":"type-product","3":"status-publish","4":"has-post-thumbnail","6":"rodzaj-ksiazki","7":"product_cat-sztuka","8":"product_tag-jakub-maj","10":"first","11":"instock","12":"taxable","13":"shipping-taxable","14":"purchasable","15":"product-type-simple"},"acf":[],"_links":{"self":[{"href":"https:\/\/wydawnictwo.ug.edu.pl\/en\/wp-json\/wp\/v2\/product\/46023","targetHints":{"allow":["GET"]}}],"collection":[{"href":"https:\/\/wydawnictwo.ug.edu.pl\/en\/wp-json\/wp\/v2\/product"}],"about":[{"href":"https:\/\/wydawnictwo.ug.edu.pl\/en\/wp-json\/wp\/v2\/types\/product"}],"wp:featuredmedia":[{"embeddable":true,"href":"https:\/\/wydawnictwo.ug.edu.pl\/en\/wp-json\/wp\/v2\/media\/27251"}],"wp:attachment":[{"href":"https:\/\/wydawnictwo.ug.edu.pl\/en\/wp-json\/wp\/v2\/media?parent=46023"}],"wp:term":[{"taxonomy":"journal","embeddable":true,"href":"https:\/\/wydawnictwo.ug.edu.pl\/en\/wp-json\/wp\/v2\/journal?post=46023"},{"taxonomy":"rodzaj","embeddable":true,"href":"https:\/\/wydawnictwo.ug.edu.pl\/en\/wp-json\/wp\/v2\/rodzaj?post=46023"},{"taxonomy":"seria","embeddable":true,"href":"https:\/\/wydawnictwo.ug.edu.pl\/en\/wp-json\/wp\/v2\/seria?post=46023"},{"taxonomy":"product_brand","embeddable":true,"href":"https:\/\/wydawnictwo.ug.edu.pl\/en\/wp-json\/wp\/v2\/product_brand?post=46023"},{"taxonomy":"product_cat","embeddable":true,"href":"https:\/\/wydawnictwo.ug.edu.pl\/en\/wp-json\/wp\/v2\/product_cat?post=46023"},{"taxonomy":"product_tag","embeddable":true,"href":"https:\/\/wydawnictwo.ug.edu.pl\/en\/wp-json\/wp\/v2\/product_tag?post=46023"}],"curies":[{"name":"wp","href":"https:\/\/api.w.org\/{rel}","templated":true}]}}